{"id":4161,"date":"2021-05-28T09:31:18","date_gmt":"2021-05-28T09:31:18","guid":{"rendered":"http:\/\/admirror.nl\/my-fit-admirror\/"},"modified":"2022-03-25T13:19:38","modified_gmt":"2022-03-25T13:19:38","slug":"my-fit-admirror","status":"publish","type":"page","link":"https:\/\/admirror.nl\/pl\/my-fit-admirror\/","title":{"rendered":"My Fit Admirror"},"content":{"rendered":"\t\t<div data-elementor-type=\"wp-page\" data-elementor-id=\"4161\" class=\"elementor elementor-4161 elementor-2183\" data-elementor-settings=\"[]\">\n\t\t\t\t\t\t\t<div class=\"elementor-section-wrap\">\n\t\t\t\t\t\t\t<section class=\"elementor-section elementor-top-section elementor-element elementor-element-c22271a elementor-section-full_width elementor-section-height-default elementor-section-height-default\" data-id=\"c22271a\" data-element_type=\"section\">\n\t\t\t\t\t\t<div class=\"elementor-container elementor-column-gap-default\">\n\t\t\t\t\t<div class=\"elementor-column elementor-col-100 elementor-top-column elementor-element elementor-element-405b881\" data-id=\"405b881\" data-element_type=\"column\">\n\t\t\t<div class=\"elementor-widget-wrap elementor-element-populated\">\n\t\t\t\t\t\t\t\t<div class=\"elementor-element elementor-element-2394492 elementor-widget elementor-widget-topika_about_company\" data-id=\"2394492\" data-element_type=\"widget\" data-widget_type=\"topika_about_company.default\">\n\t\t\t\t<div class=\"elementor-widget-container\">\n\t\t\t\r\n        <!-- about-style-four -->\r\n        <section class=\"about-style-four\">\r\n            <div class=\"auto-container\">\r\n                <div class=\"row clearfix\">\r\n                    <div class=\"col-lg-6 col-md-12 col-sm-12 content-column\">\r\n                        <div id=\"content_block_8\">\r\n                            <div class=\"content-box mr-10\">\r\n                                <div class=\"sec-title\">\r\n                                    <h5><span>\/\/<\/span>Admirror<\/h5>\r\n                                    <h2>My Fit Admirror<br \/><\/h2>\r\n                                <\/div>\r\n                                <div class=\"text\">\r\n                                    <p>Zdalnie, ale nadal trenuj razem z kolegami z dru\u017cyny, sportowymi kumplami lub osobistym\ntrenerem. W ten spos\u00f3b mo\u017cesz synchronicznie symulowa\u0107 \u0107wiczenia przed lustrem i\npracowa\u0107 nad swoim zdrowiem i dba\u0107 o kondycj\u0119 w ka\u017cdym \u015brodowisku. <a style=\"text-decoration:underline\" href=\"\/wp-content\/uploads\/2021\/06\/My-Fit-Admirror-modellenV2.pdf\" target=\"_blank\">Zobacz plik PDF, aby uzyska\u0107 wi\u0119cej informacji.<\/a> <\/p>                                <\/div>\r\n                                                                <div class=\"btn-box\">\r\n                                \t<a href=\"https:\/\/shop.admirror.nl\/product\/workout-mirror\/\" class=\"theme-btn-one\">zobacz produkt<\/a>\r\n                                <\/div>\r\n                                                            <\/div>\r\n                        <\/div>\r\n                    <\/div>\r\n                    <div class=\"col-lg-6 col-md-12 col-sm-12 image-column\">\r\n                        <div id=\"image_block_6\">\r\n                            <div class=\"image-box\">\r\n                                <div class=\"pattern\">\r\n                                    <div class=\"pattern-1\" style=\"background-image: url(https:\/\/admirror.nl\/wp-content\/themes\/admirror\/assets\/images\/shape\/pattern-59.png);\"><\/div>\r\n                                    <div class=\"pattern-2\" style=\"background-image: url(https:\/\/admirror.nl\/wp-content\/themes\/admirror\/assets\/images\/shape\/pattern-60.png);\"><\/div>\r\n                                <\/div>\r\n                                <figure class=\"image\"><img decoding=\"async\" src=\"https:\/\/admirror.nl\/wp-content\/uploads\/2021\/06\/admirror-my-fit-admirror-scaled.jpg\" alt=\"Awesome Image\"><\/figure>\r\n                            <\/div>\r\n                        <\/div>\r\n                    <\/div>\r\n                <\/div>\r\n            <\/div>\r\n        <\/section>\r\n        <!-- about-style-four end -->\r\n\r\n        \t\t<\/div>\n\t\t\t\t<\/div>\n\t\t\t\t<section class=\"elementor-section elementor-inner-section elementor-element elementor-element-f38611d elementor-section-boxed elementor-section-height-default elementor-section-height-default\" data-id=\"f38611d\" data-element_type=\"section\">\n\t\t\t\t\t\t<div class=\"elementor-container elementor-column-gap-default\">\n\t\t\t\t\t<div class=\"elementor-column elementor-col-100 elementor-inner-column elementor-element elementor-element-705567e\" data-id=\"705567e\" data-element_type=\"column\">\n\t\t\t<div class=\"elementor-widget-wrap elementor-element-populated\">\n\t\t\t\t\t\t\t\t<div class=\"elementor-element elementor-element-ccd39d9 elementor-widget elementor-widget-image-gallery\" data-id=\"ccd39d9\" data-element_type=\"widget\" data-widget_type=\"image-gallery.default\">\n\t\t\t\t<div class=\"elementor-widget-container\">\n\t\t\t\t\t<div class=\"elementor-image-gallery\">\n\t\t\t<div id='gallery-1' class='gallery galleryid-4161 gallery-columns-4 gallery-size-topika_370x400'><figure class='gallery-item'>\n\t\t\t<div class='gallery-icon landscape'>\n\t\t\t\t<a data-elementor-open-lightbox=\"yes\" data-elementor-lightbox-slideshow=\"ccd39d9\" data-elementor-lightbox-title=\"admirror-my-fit-admirror-4\" href='https:\/\/admirror.nl\/wp-content\/uploads\/2021\/06\/admirror-my-fit-admirror-4.png'><img loading=\"lazy\" decoding=\"async\" width=\"370\" height=\"400\" src=\"https:\/\/admirror.nl\/wp-content\/uploads\/2021\/06\/admirror-my-fit-admirror-4-370x400.png\" class=\"attachment-topika_370x400 size-topika_370x400\" alt=\"\" \/><\/a>\n\t\t\t<\/div><\/figure><figure class='gallery-item'>\n\t\t\t<div class='gallery-icon landscape'>\n\t\t\t\t<a data-elementor-open-lightbox=\"yes\" data-elementor-lightbox-slideshow=\"ccd39d9\" data-elementor-lightbox-title=\"admirror-my-fit-admirror-3\" href='https:\/\/admirror.nl\/wp-content\/uploads\/2021\/06\/admirror-my-fit-admirror-3.png'><img loading=\"lazy\" decoding=\"async\" width=\"370\" height=\"400\" src=\"https:\/\/admirror.nl\/wp-content\/uploads\/2021\/06\/admirror-my-fit-admirror-3-370x400.png\" class=\"attachment-topika_370x400 size-topika_370x400\" alt=\"\" \/><\/a>\n\t\t\t<\/div><\/figure><figure class='gallery-item'>\n\t\t\t<div class='gallery-icon landscape'>\n\t\t\t\t<a data-elementor-open-lightbox=\"yes\" data-elementor-lightbox-slideshow=\"ccd39d9\" data-elementor-lightbox-title=\"admirror-my-fit-admirror-1\" href='https:\/\/admirror.nl\/wp-content\/uploads\/2021\/06\/admirror-my-fit-admirror-1.png'><img loading=\"lazy\" decoding=\"async\" width=\"370\" height=\"400\" src=\"https:\/\/admirror.nl\/wp-content\/uploads\/2021\/06\/admirror-my-fit-admirror-1-370x400.png\" class=\"attachment-topika_370x400 size-topika_370x400\" alt=\"\" \/><\/a>\n\t\t\t<\/div><\/figure><figure class='gallery-item'>\n\t\t\t<div class='gallery-icon landscape'>\n\t\t\t\t<a data-elementor-open-lightbox=\"yes\" data-elementor-lightbox-slideshow=\"ccd39d9\" data-elementor-lightbox-title=\"admirror-my-fit-admirror-2V2\" href='https:\/\/admirror.nl\/wp-content\/uploads\/2021\/06\/admirror-my-fit-admirror-2V2.png'><img loading=\"lazy\" decoding=\"async\" width=\"370\" height=\"400\" src=\"https:\/\/admirror.nl\/wp-content\/uploads\/2021\/06\/admirror-my-fit-admirror-2V2-370x400.png\" class=\"attachment-topika_370x400 size-topika_370x400\" alt=\"\" \/><\/a>\n\t\t\t<\/div><\/figure>\n\t\t<\/div>\n\t\t<\/div>\n\t\t\t\t<\/div>\n\t\t\t\t<\/div>\n\t\t\t\t\t<\/div>\n\t\t<\/div>\n\t\t\t\t\t\t\t<\/div>\n\t\t<\/section>\n\t\t\t\t\t<\/div>\n\t\t<\/div>\n\t\t\t\t\t\t\t<\/div>\n\t\t<\/section>\n\t\t\t\t<section class=\"elementor-section elementor-top-section elementor-element elementor-element-e8665a8 elementor-section-full_width elementor-section-height-default elementor-section-height-default\" data-id=\"e8665a8\" data-element_type=\"section\">\n\t\t\t\t\t\t<div class=\"elementor-container elementor-column-gap-default\">\n\t\t\t\t\t<div class=\"elementor-column elementor-col-100 elementor-top-column elementor-element elementor-element-c51183b\" data-id=\"c51183b\" data-element_type=\"column\">\n\t\t\t<div class=\"elementor-widget-wrap elementor-element-populated\">\n\t\t\t\t\t\t\t\t<section class=\"elementor-section elementor-inner-section elementor-element elementor-element-48c6cec elementor-section-boxed elementor-section-height-default elementor-section-height-default\" data-id=\"48c6cec\" data-element_type=\"section\">\n\t\t\t\t\t\t<div class=\"elementor-container elementor-column-gap-default\">\n\t\t\t\t\t<div class=\"elementor-column elementor-col-50 elementor-inner-column elementor-element elementor-element-a1bf945\" data-id=\"a1bf945\" data-element_type=\"column\">\n\t\t\t<div class=\"elementor-widget-wrap elementor-element-populated\">\n\t\t\t\t\t\t\t\t<div class=\"elementor-element elementor-element-08d8337 elementor-widget elementor-widget-html\" data-id=\"08d8337\" data-element_type=\"widget\" data-widget_type=\"html.default\">\n\t\t\t\t<div class=\"elementor-widget-container\">\n\t\t\t<iframe loading=\"lazy\" width=\"1000\" height=\"315\" src=\"https:\/\/www.youtube.com\/embed\/3Jbs2Sjs4bY\" title=\"YouTube video player\" frameborder=\"0\" allow=\"accelerometer; autoplay; clipboard-write; encrypted-media; gyroscope; picture-in-picture\" allowfullscreen><\/iframe>\t\t<\/div>\n\t\t\t\t<\/div>\n\t\t\t\t\t<\/div>\n\t\t<\/div>\n\t\t\t\t<div class=\"elementor-column elementor-col-50 elementor-inner-column elementor-element elementor-element-111183f\" data-id=\"111183f\" data-element_type=\"column\">\n\t\t\t<div class=\"elementor-widget-wrap elementor-element-populated\">\n\t\t\t\t\t\t\t\t<div class=\"elementor-element elementor-element-7914f2c elementor-widget elementor-widget-html\" data-id=\"7914f2c\" data-element_type=\"widget\" data-widget_type=\"html.default\">\n\t\t\t\t<div class=\"elementor-widget-container\">\n\t\t\t<iframe loading=\"lazy\" width=\"560\" height=\"315\" src=\"https:\/\/www.youtube.com\/embed\/x7dTARBjIDA\" title=\"YouTube video player\" frameborder=\"0\" allow=\"accelerometer; autoplay; clipboard-write; encrypted-media; gyroscope; picture-in-picture\" allowfullscreen><\/iframe>\t\t<\/div>\n\t\t\t\t<\/div>\n\t\t\t\t\t<\/div>\n\t\t<\/div>\n\t\t\t\t\t\t\t<\/div>\n\t\t<\/section>\n\t\t\t\t\t<\/div>\n\t\t<\/div>\n\t\t\t\t\t\t\t<\/div>\n\t\t<\/section>\n\t\t\t\t\t\t<\/div>\n\t\t\t\t\t<\/div>\n\t\t","protected":false},"excerpt":{"rendered":"<p>\/\/Admirror My Fit Admirror Zdalnie, ale nadal trenuj razem z kolegami z dru\u017cyny, sportowymi kumplami lub osobistym trenerem. W ten spos\u00f3b mo\u017cesz synchronicznie symulowa\u0107 \u0107wiczenia przed lustrem i pracowa\u0107 nad swoim zdrowiem i dba\u0107 o kondycj\u0119 w ka\u017cdym \u015brodowisku. Zobacz plik PDF, aby uzyska\u0107 wi\u0119cej informacji. zobacz produkt<\/p>\n","protected":false},"author":2,"featured_media":0,"parent":0,"menu_order":0,"comment_status":"closed","ping_status":"closed","template":"tpl-default-elementor.php","meta":{"_monsterinsights_skip_tracking":false,"_monsterinsights_sitenote_active":false,"_monsterinsights_sitenote_note":"","_monsterinsights_sitenote_category":0,"footnotes":""},"class_list":["post-4161","page","type-page","status-publish","hentry"],"yoast_head":"<!-- This site is optimized with the Yoast SEO plugin v26.7 - https:\/\/yoast.com\/wordpress\/plugins\/seo\/ -->\n<title>My Fit Admirror | Admirror<\/title>\n<meta name=\"robots\" content=\"index, follow, max-snippet:-1, max-image-preview:large, max-video-preview:-1\" \/>\n<link rel=\"canonical\" href=\"https:\/\/admirror.nl\/pl\/my-fit-admirror\/\" \/>\n<meta property=\"og:locale\" content=\"pl_PL\" \/>\n<meta property=\"og:type\" content=\"article\" \/>\n<meta property=\"og:title\" content=\"My Fit Admirror | Admirror\" \/>\n<meta property=\"og:description\" content=\"\/\/Admirror My Fit Admirror Zdalnie, ale nadal trenuj razem z kolegami z dru\u017cyny, sportowymi kumplami lub osobistym trenerem. W ten spos\u00f3b mo\u017cesz synchronicznie symulowa\u0107 \u0107wiczenia przed lustrem i pracowa\u0107 nad swoim zdrowiem i dba\u0107 o kondycj\u0119 w ka\u017cdym \u015brodowisku. Zobacz plik PDF, aby uzyska\u0107 wi\u0119cej informacji. zobacz produkt\" \/>\n<meta property=\"og:url\" content=\"https:\/\/admirror.nl\/pl\/my-fit-admirror\/\" \/>\n<meta property=\"og:site_name\" content=\"Admirror\" \/>\n<meta property=\"article:publisher\" content=\"https:\/\/www.facebook.com\/Admirror\/\" \/>\n<meta property=\"article:modified_time\" content=\"2022-03-25T13:19:38+00:00\" \/>\n<meta property=\"og:image\" content=\"https:\/\/admirror.nl\/wp-content\/uploads\/2021\/06\/admirror-my-fit-admirror-scaled.jpg\" \/>\n<meta name=\"twitter:card\" content=\"summary_large_image\" \/>\n<meta name=\"twitter:site\" content=\"@admirror\" \/>\n<meta name=\"twitter:label1\" content=\"Szacowany czas czytania\" \/>\n\t<meta name=\"twitter:data1\" content=\"2 minuty\" \/>\n<script type=\"application\/ld+json\" class=\"yoast-schema-graph\">{\"@context\":\"https:\/\/schema.org\",\"@graph\":[{\"@type\":\"WebPage\",\"@id\":\"https:\/\/admirror.nl\/pl\/my-fit-admirror\/\",\"url\":\"https:\/\/admirror.nl\/pl\/my-fit-admirror\/\",\"name\":\"My Fit Admirror | Admirror\",\"isPartOf\":{\"@id\":\"https:\/\/admirror.nl\/pl\/#website\"},\"primaryImageOfPage\":{\"@id\":\"https:\/\/admirror.nl\/pl\/my-fit-admirror\/#primaryimage\"},\"image\":{\"@id\":\"https:\/\/admirror.nl\/pl\/my-fit-admirror\/#primaryimage\"},\"thumbnailUrl\":\"https:\/\/admirror.nl\/wp-content\/uploads\/2021\/06\/admirror-my-fit-admirror-scaled.jpg\",\"datePublished\":\"2021-05-28T09:31:18+00:00\",\"dateModified\":\"2022-03-25T13:19:38+00:00\",\"breadcrumb\":{\"@id\":\"https:\/\/admirror.nl\/pl\/my-fit-admirror\/#breadcrumb\"},\"inLanguage\":\"pl-PL\",\"potentialAction\":[{\"@type\":\"ReadAction\",\"target\":[\"https:\/\/admirror.nl\/pl\/my-fit-admirror\/\"]}]},{\"@type\":\"ImageObject\",\"inLanguage\":\"pl-PL\",\"@id\":\"https:\/\/admirror.nl\/pl\/my-fit-admirror\/#primaryimage\",\"url\":\"https:\/\/admirror.nl\/wp-content\/uploads\/2021\/06\/admirror-my-fit-admirror-scaled.jpg\",\"contentUrl\":\"https:\/\/admirror.nl\/wp-content\/uploads\/2021\/06\/admirror-my-fit-admirror-scaled.jpg\"},{\"@type\":\"BreadcrumbList\",\"@id\":\"https:\/\/admirror.nl\/pl\/my-fit-admirror\/#breadcrumb\",\"itemListElement\":[{\"@type\":\"ListItem\",\"position\":1,\"name\":\"Home\",\"item\":\"https:\/\/admirror.nl\/pl\/\"},{\"@type\":\"ListItem\",\"position\":2,\"name\":\"My Fit Admirror\"}]},{\"@type\":\"WebSite\",\"@id\":\"https:\/\/admirror.nl\/pl\/#website\",\"url\":\"https:\/\/admirror.nl\/pl\/\",\"name\":\"Admirror\",\"description\":\"Admirror\",\"publisher\":{\"@id\":\"https:\/\/admirror.nl\/pl\/#organization\"},\"potentialAction\":[{\"@type\":\"SearchAction\",\"target\":{\"@type\":\"EntryPoint\",\"urlTemplate\":\"https:\/\/admirror.nl\/pl\/?s={search_term_string}\"},\"query-input\":{\"@type\":\"PropertyValueSpecification\",\"valueRequired\":true,\"valueName\":\"search_term_string\"}}],\"inLanguage\":\"pl-PL\"},{\"@type\":\"Organization\",\"@id\":\"https:\/\/admirror.nl\/pl\/#organization\",\"name\":\"Admirror\",\"url\":\"https:\/\/admirror.nl\/pl\/\",\"logo\":{\"@type\":\"ImageObject\",\"inLanguage\":\"pl-PL\",\"@id\":\"https:\/\/admirror.nl\/pl\/#\/schema\/logo\/image\/\",\"url\":\"http:\/\/admirror.nl\/wp-content\/uploads\/2021\/05\/logo-admirror.png\",\"contentUrl\":\"http:\/\/admirror.nl\/wp-content\/uploads\/2021\/05\/logo-admirror.png\",\"width\":442,\"height\":118,\"caption\":\"Admirror\"},\"image\":{\"@id\":\"https:\/\/admirror.nl\/pl\/#\/schema\/logo\/image\/\"},\"sameAs\":[\"https:\/\/www.facebook.com\/Admirror\/\",\"https:\/\/x.com\/admirror\",\"https:\/\/www.instagram.com\/admirrorbv\/\",\"https:\/\/www.linkedin.com\/company\/admirror\",\"https:\/\/www.youtube.com\/user\/admirrorbv\"]}]}<\/script>\n<!-- \/ Yoast SEO plugin. -->","yoast_head_json":{"title":"My Fit Admirror | Admirror","robots":{"index":"index","follow":"follow","max-snippet":"max-snippet:-1","max-image-preview":"max-image-preview:large","max-video-preview":"max-video-preview:-1"},"canonical":"https:\/\/admirror.nl\/pl\/my-fit-admirror\/","og_locale":"pl_PL","og_type":"article","og_title":"My Fit Admirror | Admirror","og_description":"\/\/Admirror My Fit Admirror Zdalnie, ale nadal trenuj razem z kolegami z dru\u017cyny, sportowymi kumplami lub osobistym trenerem. W ten spos\u00f3b mo\u017cesz synchronicznie symulowa\u0107 \u0107wiczenia przed lustrem i pracowa\u0107 nad swoim zdrowiem i dba\u0107 o kondycj\u0119 w ka\u017cdym \u015brodowisku. Zobacz plik PDF, aby uzyska\u0107 wi\u0119cej informacji. zobacz produkt","og_url":"https:\/\/admirror.nl\/pl\/my-fit-admirror\/","og_site_name":"Admirror","article_publisher":"https:\/\/www.facebook.com\/Admirror\/","article_modified_time":"2022-03-25T13:19:38+00:00","og_image":[{"url":"https:\/\/admirror.nl\/wp-content\/uploads\/2021\/06\/admirror-my-fit-admirror-scaled.jpg","type":"","width":"","height":""}],"twitter_card":"summary_large_image","twitter_site":"@admirror","twitter_misc":{"Szacowany czas czytania":"2 minuty"},"schema":{"@context":"https:\/\/schema.org","@graph":[{"@type":"WebPage","@id":"https:\/\/admirror.nl\/pl\/my-fit-admirror\/","url":"https:\/\/admirror.nl\/pl\/my-fit-admirror\/","name":"My Fit Admirror | Admirror","isPartOf":{"@id":"https:\/\/admirror.nl\/pl\/#website"},"primaryImageOfPage":{"@id":"https:\/\/admirror.nl\/pl\/my-fit-admirror\/#primaryimage"},"image":{"@id":"https:\/\/admirror.nl\/pl\/my-fit-admirror\/#primaryimage"},"thumbnailUrl":"https:\/\/admirror.nl\/wp-content\/uploads\/2021\/06\/admirror-my-fit-admirror-scaled.jpg","datePublished":"2021-05-28T09:31:18+00:00","dateModified":"2022-03-25T13:19:38+00:00","breadcrumb":{"@id":"https:\/\/admirror.nl\/pl\/my-fit-admirror\/#breadcrumb"},"inLanguage":"pl-PL","potentialAction":[{"@type":"ReadAction","target":["https:\/\/admirror.nl\/pl\/my-fit-admirror\/"]}]},{"@type":"ImageObject","inLanguage":"pl-PL","@id":"https:\/\/admirror.nl\/pl\/my-fit-admirror\/#primaryimage","url":"https:\/\/admirror.nl\/wp-content\/uploads\/2021\/06\/admirror-my-fit-admirror-scaled.jpg","contentUrl":"https:\/\/admirror.nl\/wp-content\/uploads\/2021\/06\/admirror-my-fit-admirror-scaled.jpg"},{"@type":"BreadcrumbList","@id":"https:\/\/admirror.nl\/pl\/my-fit-admirror\/#breadcrumb","itemListElement":[{"@type":"ListItem","position":1,"name":"Home","item":"https:\/\/admirror.nl\/pl\/"},{"@type":"ListItem","position":2,"name":"My Fit Admirror"}]},{"@type":"WebSite","@id":"https:\/\/admirror.nl\/pl\/#website","url":"https:\/\/admirror.nl\/pl\/","name":"Admirror","description":"Admirror","publisher":{"@id":"https:\/\/admirror.nl\/pl\/#organization"},"potentialAction":[{"@type":"SearchAction","target":{"@type":"EntryPoint","urlTemplate":"https:\/\/admirror.nl\/pl\/?s={search_term_string}"},"query-input":{"@type":"PropertyValueSpecification","valueRequired":true,"valueName":"search_term_string"}}],"inLanguage":"pl-PL"},{"@type":"Organization","@id":"https:\/\/admirror.nl\/pl\/#organization","name":"Admirror","url":"https:\/\/admirror.nl\/pl\/","logo":{"@type":"ImageObject","inLanguage":"pl-PL","@id":"https:\/\/admirror.nl\/pl\/#\/schema\/logo\/image\/","url":"http:\/\/admirror.nl\/wp-content\/uploads\/2021\/05\/logo-admirror.png","contentUrl":"http:\/\/admirror.nl\/wp-content\/uploads\/2021\/05\/logo-admirror.png","width":442,"height":118,"caption":"Admirror"},"image":{"@id":"https:\/\/admirror.nl\/pl\/#\/schema\/logo\/image\/"},"sameAs":["https:\/\/www.facebook.com\/Admirror\/","https:\/\/x.com\/admirror","https:\/\/www.instagram.com\/admirrorbv\/","https:\/\/www.linkedin.com\/company\/admirror","https:\/\/www.youtube.com\/user\/admirrorbv"]}]}},"_links":{"self":[{"href":"https:\/\/admirror.nl\/pl\/wp-json\/wp\/v2\/pages\/4161","targetHints":{"allow":["GET"]}}],"collection":[{"href":"https:\/\/admirror.nl\/pl\/wp-json\/wp\/v2\/pages"}],"about":[{"href":"https:\/\/admirror.nl\/pl\/wp-json\/wp\/v2\/types\/page"}],"author":[{"embeddable":true,"href":"https:\/\/admirror.nl\/pl\/wp-json\/wp\/v2\/users\/2"}],"replies":[{"embeddable":true,"href":"https:\/\/admirror.nl\/pl\/wp-json\/wp\/v2\/comments?post=4161"}],"version-history":[{"count":3,"href":"https:\/\/admirror.nl\/pl\/wp-json\/wp\/v2\/pages\/4161\/revisions"}],"predecessor-version":[{"id":5236,"href":"https:\/\/admirror.nl\/pl\/wp-json\/wp\/v2\/pages\/4161\/revisions\/5236"}],"wp:attachment":[{"href":"https:\/\/admirror.nl\/pl\/wp-json\/wp\/v2\/media?parent=4161"}],"curies":[{"name":"wp","href":"https:\/\/api.w.org\/{rel}","templated":true}]}}