{"id":2975,"date":"2021-05-25T11:14:25","date_gmt":"2021-05-25T11:14:25","guid":{"rendered":"http:\/\/admirror.nl\/franchise\/"},"modified":"2021-06-25T08:34:55","modified_gmt":"2021-06-25T08:34:55","slug":"franczyzowa","status":"publish","type":"page","link":"https:\/\/admirror.nl\/pl\/franczyzowa\/","title":{"rendered":"Franczyzowa"},"content":{"rendered":"\t\t<div data-elementor-type=\"wp-page\" data-elementor-id=\"2975\" class=\"elementor elementor-2975 elementor-1697\" data-elementor-settings=\"[]\">\n\t\t\t\t\t\t\t<div class=\"elementor-section-wrap\">\n\t\t\t\t\t\t\t<section class=\"elementor-section elementor-top-section elementor-element elementor-element-c22271a elementor-section-full_width elementor-section-height-default elementor-section-height-default\" data-id=\"c22271a\" data-element_type=\"section\">\n\t\t\t\t\t\t<div class=\"elementor-container elementor-column-gap-default\">\n\t\t\t\t\t<div class=\"elementor-column elementor-col-100 elementor-top-column elementor-element elementor-element-405b881\" data-id=\"405b881\" data-element_type=\"column\">\n\t\t\t<div class=\"elementor-widget-wrap elementor-element-populated\">\n\t\t\t\t\t\t\t\t<div class=\"elementor-element elementor-element-2394492 elementor-widget elementor-widget-topika_about_company\" data-id=\"2394492\" data-element_type=\"widget\" data-widget_type=\"topika_about_company.default\">\n\t\t\t\t<div class=\"elementor-widget-container\">\n\t\t\t\r\n        <!-- about-style-four -->\r\n        <section class=\"about-style-four\">\r\n            <div class=\"auto-container\">\r\n                <div class=\"row clearfix\">\r\n                    <div class=\"col-lg-6 col-md-12 col-sm-12 content-column\">\r\n                        <div id=\"content_block_8\">\r\n                            <div class=\"content-box mr-10\">\r\n                                <div class=\"sec-title\">\r\n                                    <h5><span>\/\/<\/span>Admirror<\/h5>\r\n                                    <h2>Admirror Franczyzowa<\/h2>\r\n                                <\/div>\r\n                                <div class=\"text\">\r\n                                    Dzi\u0119ki wyrafinowanej koncepcji Admirror franczyzobiorcy maj\u0105 natychmiastowy dost\u0119p do wieloletniego do\u015bwiadczenia i rozwoju, kt\u00f3re Admirror zbudowa\u0142 na rynku reklam na lustrach. Dlatego jako franczyzobiorca nie musisz wymy\u015bla\u0107 tego na nowo, ale mo\u017cesz zacz\u0105\u0107 od razu z profesjonalnym wygl\u0105dem i bezb\u0142\u0119dnie dzia\u0142aj\u0105cym produktem oraz towarzysz\u0105cym mu Systemem Zarz\u0105dzania Kontrol\u0105.<br \/> <br \/>\n\nOpr\u00f3cz \u201eszybkiego startu\u201d jako franczyzobiorca, otrzymujesz sta\u0142\u0105 pomoc w operacjach biznesowych. Niezale\u017cnie od tego, czy chodzi o marketing, specjalistyczn\u0105 wiedz\u0119 czy automatyzacj\u0119, jako franczyzobiorca w Admirror jeste\u015b niezale\u017cnym przedsi\u0119biorc\u0105, ale nie jeste\u015b sam.                                <\/div>\r\n                                                                <div class=\"btn-box\">\r\n                                \t<a href=\"\/pl\/popros-o-wycene\/\" class=\"theme-btn-one\">POPRO\u015a O WYCEN\u0118<\/a>\r\n                                <\/div>\r\n                                                            <\/div>\r\n                        <\/div>\r\n                    <\/div>\r\n                    <div class=\"col-lg-6 col-md-12 col-sm-12 image-column\">\r\n                        <div id=\"image_block_6\">\r\n                            <div class=\"image-box\">\r\n                                <div class=\"pattern\">\r\n                                    <div class=\"pattern-1\" style=\"background-image: url(https:\/\/admirror.nl\/wp-content\/themes\/admirror\/assets\/images\/shape\/pattern-59.png);\"><\/div>\r\n                                    <div class=\"pattern-2\" style=\"background-image: url(https:\/\/admirror.nl\/wp-content\/themes\/admirror\/assets\/images\/shape\/pattern-60.png);\"><\/div>\r\n                                <\/div>\r\n                                <figure class=\"image\"><img decoding=\"async\" src=\"https:\/\/admirror.nl\/wp-content\/uploads\/2021\/05\/admirror-remy.jpg\" alt=\"Awesome Image\"><\/figure>\r\n                            <\/div>\r\n                        <\/div>\r\n                    <\/div>\r\n                <\/div>\r\n            <\/div>\r\n        <\/section>\r\n        <!-- about-style-four end -->\r\n\r\n        \t\t<\/div>\n\t\t\t\t<\/div>\n\t\t\t\t<section class=\"elementor-section elementor-inner-section elementor-element elementor-element-ffbc53f elementor-section-boxed elementor-section-height-default elementor-section-height-default\" data-id=\"ffbc53f\" data-element_type=\"section\">\n\t\t\t\t\t\t<div class=\"elementor-container elementor-column-gap-default\">\n\t\t\t\t\t<div class=\"elementor-column elementor-col-50 elementor-inner-column elementor-element elementor-element-ba9ee06\" data-id=\"ba9ee06\" data-element_type=\"column\">\n\t\t\t<div class=\"elementor-widget-wrap elementor-element-populated\">\n\t\t\t\t\t\t\t\t<div class=\"elementor-element elementor-element-9523b3e elementor-widget elementor-widget-heading\" data-id=\"9523b3e\" data-element_type=\"widget\" data-widget_type=\"heading.default\">\n\t\t\t\t<div class=\"elementor-widget-container\">\n\t\t\t<h2 class=\"elementor-heading-title elementor-size-default\">Why Franczyza?<\/h2>\t\t<\/div>\n\t\t\t\t<\/div>\n\t\t\t\t<div class=\"elementor-element elementor-element-3c05178 elementor-widget elementor-widget-text-editor\" data-id=\"3c05178\" data-element_type=\"widget\" data-widget_type=\"text-editor.default\">\n\t\t\t\t<div class=\"elementor-widget-container\">\n\t\t\t\t\t\t\t\tKoncepcja adoracji opiera si\u0119 na przedsi\u0119biorczo\u015bci. Jako franczyza w Admirror, pracujesz we w\u0142asnym regionie, a zatem masz maksymaln\u0105 liczb\u0119 w\u0142asnych klient\u00f3w: lokalizacje, w kt\u00f3rych znajduj\u0105 si\u0119 lustra i reklamodawcy, kt\u00f3rzy u\u017cywaj\u0105 ich do komunikacji. Jako przedsi\u0119biorca jeste\u015b w pe\u0142ni odpowiedzialny, ale jeste\u015b r\u00f3wnie\u017c zale\u017cny od w\u0142asnych wynik\u00f3w. Ponadto franczyzobiorcy Admirror prowadz\u0105 z wielkim zaanga\u017cowaniem, a Admirror to doskona\u0142a organizacja franczyzowa ze z\u0142ot\u0105 przysz\u0142o\u015bci\u0105.\t\t\t\t\t\t<\/div>\n\t\t\t\t<\/div>\n\t\t\t\t<div class=\"elementor-element elementor-element-c658dd0 elementor-widget elementor-widget-heading\" data-id=\"c658dd0\" data-element_type=\"widget\" data-widget_type=\"heading.default\">\n\t\t\t\t<div class=\"elementor-widget-container\">\n\t\t\t<h2 class=\"elementor-heading-title elementor-size-default\">Twoja w\u0142asna firma Admirror<\/h2>\t\t<\/div>\n\t\t\t\t<\/div>\n\t\t\t\t<div class=\"elementor-element elementor-element-32417f4 elementor-widget elementor-widget-text-editor\" data-id=\"32417f4\" data-element_type=\"widget\" data-widget_type=\"text-editor.default\">\n\t\t\t\t<div class=\"elementor-widget-container\">\n\t\t\t\t\t\t\t\tJako koordynator Admirror jeste\u015b ekspertem w komunikacji z klientami, kontaktami i central\u0105 Admirror. Dzi\u0119ki swojej sieci i lokalnej znajomo\u015bci rynku wiesz, jak \u0142atwo znale\u017a\u0107 te osoby i firmy. Klientami s\u0105 g\u0142\u00f3wnie firmy MKD, kt\u00f3re bardzo ceni\u0105 sobie doradztwo w zakresie reklamy.<br \/><br \/>\nFranczyzobiorca kontroluje obci\u0105\u017cenie prac\u0105. Jako franczyzobiorca nie masz mentalno\u015bci od dziewi\u0105tej do pi\u0105tej i jeste\u015b przygotowany do nawi\u0105zywania kontakt\u00f3w r\u00f3wnie\u017c wieczorami, np. spotkania lokalnych stowarzysze\u0144 biznesowych itp. Odpowiednie nastawienie z pewno\u015bci\u0105 zapewnia pozytywny wynik operacyjny.\t\t\t\t\t\t<\/div>\n\t\t\t\t<\/div>\n\t\t\t\t<div class=\"elementor-element elementor-element-3a0aaa9 elementor-widget elementor-widget-html\" data-id=\"3a0aaa9\" data-element_type=\"widget\" data-widget_type=\"html.default\">\n\t\t\t\t<div class=\"elementor-widget-container\">\n\t\t\t<iframe loading=\"lazy\" title=\"YouTube video player\" src=\"https:\/\/www.youtube.com\/embed\/Cve9i2vbVJ0\" width=\"560\" height=\"315\" frameborder=\"0\" allowfullscreen=\"allowfullscreen\"><\/iframe>\t\t<\/div>\n\t\t\t\t<\/div>\n\t\t\t\t\t<\/div>\n\t\t<\/div>\n\t\t\t\t<div class=\"elementor-column elementor-col-50 elementor-inner-column elementor-element elementor-element-ba1609f\" data-id=\"ba1609f\" data-element_type=\"column\">\n\t\t\t<div class=\"elementor-widget-wrap elementor-element-populated\">\n\t\t\t\t\t\t\t\t<div class=\"elementor-element elementor-element-3186961 elementor-widget elementor-widget-heading\" data-id=\"3186961\" data-element_type=\"widget\" data-widget_type=\"heading.default\">\n\t\t\t\t<div class=\"elementor-widget-container\">\n\t\t\t<h2 class=\"elementor-heading-title elementor-size-default\">Wk\u0142ad inwestycyjny<\/h2>\t\t<\/div>\n\t\t\t\t<\/div>\n\t\t\t\t<div class=\"elementor-element elementor-element-6bcfff8 elementor-widget elementor-widget-text-editor\" data-id=\"6bcfff8\" data-element_type=\"widget\" data-widget_type=\"text-editor.default\">\n\t\t\t\t<div class=\"elementor-widget-container\">\n\t\t\t\t\t\t\t\tOczywi\u015bcie oczekujemy, \u017ce franczyzobiorca ma mo\u017cliwo\u015b\u0107 inwestowania. O ilo\u015bci umieszczonych luster zadecyduje wielko\u015b\u0107 tej inwestycji oraz wielko\u015b\u0107 regionu.<br \/><br \/>\n\nKwota tej inwestycji zale\u017cy od liczby luster, kt\u00f3re zostan\u0105 umieszczone i wielko\u015bci regionu, w kt\u00f3rym b\u0119dziesz aktywny, ale do\u015bwiadczenie pokazuje, \u017ce rozpocz\u0119cie od najlepszych lokalizacji mo\u017ce zapewni\u0107 natychmiastowy przep\u0142yw \u015brodk\u00f3w pieni\u0119\u017cnych, co pozwoli Ci na sta\u0142y rozw\u00f3j w Twoim regionie. Centrala Admirror pomaga w technicznym wdro\u017ceniu i rozmieszczeniu lokalizacji, kt\u00f3re rekrutujesz. Minimalne numery zam\u00f3wie\u0144 luster to 5 na raz.<br \/><br \/>\n\nJako partner franczyzowy Admirror zwracasz uwag\u0119 lokalnych, regionalnych i ewentualnie krajowych reklamodawc\u00f3w na mo\u017cliwo\u015bci inteligentnego Admirrora.<br \/><br \/>\n\nChcesz zosta\u0107 partnerem franczyzowym w swoim kraju lub regionie? Prosz\u0119 skontaktuj si\u0119 z nami. Ch\u0119tnie udzielimy wi\u0119cej informacji.\t\t\t\t\t\t<\/div>\n\t\t\t\t<\/div>\n\t\t\t\t\t<\/div>\n\t\t<\/div>\n\t\t\t\t\t\t\t<\/div>\n\t\t<\/section>\n\t\t\t\t\t<\/div>\n\t\t<\/div>\n\t\t\t\t\t\t\t<\/div>\n\t\t<\/section>\n\t\t\t\t\t\t<\/div>\n\t\t\t\t\t<\/div>\n\t\t","protected":false},"excerpt":{"rendered":"<p>\/\/Admirror Admirror Franczyzowa Dzi\u0119ki wyrafinowanej koncepcji Admirror franczyzobiorcy maj\u0105 natychmiastowy dost\u0119p do wieloletniego do\u015bwiadczenia i rozwoju, kt\u00f3re Admirror zbudowa\u0142 na rynku reklam na lustrach. Dlatego jako franczyzobiorca nie musisz wymy\u015bla\u0107 tego na nowo, ale mo\u017cesz zacz\u0105\u0107 od razu z profesjonalnym wygl\u0105dem i bezb\u0142\u0119dnie dzia\u0142aj\u0105cym produktem oraz towarzysz\u0105cym mu Systemem Zarz\u0105dzania Kontrol\u0105. Opr\u00f3cz \u201eszybkiego startu\u201d jako [&hellip;]<\/p>\n","protected":false},"author":2,"featured_media":0,"parent":0,"menu_order":0,"comment_status":"closed","ping_status":"closed","template":"tpl-default-elementor.php","meta":{"_monsterinsights_skip_tracking":false,"_monsterinsights_sitenote_active":false,"_monsterinsights_sitenote_note":"","_monsterinsights_sitenote_category":0,"footnotes":""},"class_list":["post-2975","page","type-page","status-publish","hentry"],"yoast_head":"<!-- This site is optimized with the Yoast SEO plugin v26.7 - https:\/\/yoast.com\/wordpress\/plugins\/seo\/ -->\n<title>Franczyzowa | Admirror | A unique way of Advertising &amp; Communication<\/title>\n<meta name=\"description\" content=\"Jako franczyzobiorca Admirror masz r\u00f3\u017cne zalety. Przeczytaj wi\u0119cej o serii Admirror tutaj. Nie jeste\u015b z nami sam.\" \/>\n<meta name=\"robots\" content=\"index, follow, max-snippet:-1, max-image-preview:large, max-video-preview:-1\" \/>\n<link rel=\"canonical\" href=\"https:\/\/admirror.nl\/pl\/franczyzowa\/\" \/>\n<meta property=\"og:locale\" content=\"pl_PL\" \/>\n<meta property=\"og:type\" content=\"article\" \/>\n<meta property=\"og:title\" content=\"Franczyzowa | Admirror | A unique way of Advertising &amp; Communication\" \/>\n<meta property=\"og:description\" content=\"Jako franczyzobiorca Admirror masz r\u00f3\u017cne zalety. Przeczytaj wi\u0119cej o serii Admirror tutaj. Nie jeste\u015b z nami sam.\" \/>\n<meta property=\"og:url\" content=\"https:\/\/admirror.nl\/pl\/franczyzowa\/\" \/>\n<meta property=\"og:site_name\" content=\"Admirror\" \/>\n<meta property=\"article:publisher\" content=\"https:\/\/www.facebook.com\/Admirror\/\" \/>\n<meta property=\"article:modified_time\" content=\"2021-06-25T08:34:55+00:00\" \/>\n<meta property=\"og:image\" content=\"http:\/\/admirror.nl\/wp-content\/uploads\/2021\/05\/admirror-remy.jpg\" \/>\n<meta name=\"twitter:card\" content=\"summary_large_image\" \/>\n<meta name=\"twitter:site\" content=\"@admirror\" \/>\n<meta name=\"twitter:label1\" content=\"Szacowany czas czytania\" \/>\n\t<meta name=\"twitter:data1\" content=\"2 minuty\" \/>\n<script type=\"application\/ld+json\" class=\"yoast-schema-graph\">{\"@context\":\"https:\/\/schema.org\",\"@graph\":[{\"@type\":\"WebPage\",\"@id\":\"https:\/\/admirror.nl\/pl\/franczyzowa\/\",\"url\":\"https:\/\/admirror.nl\/pl\/franczyzowa\/\",\"name\":\"Franczyzowa | Admirror | A unique way of Advertising & Communication\",\"isPartOf\":{\"@id\":\"https:\/\/admirror.nl\/pl\/#website\"},\"primaryImageOfPage\":{\"@id\":\"https:\/\/admirror.nl\/pl\/franczyzowa\/#primaryimage\"},\"image\":{\"@id\":\"https:\/\/admirror.nl\/pl\/franczyzowa\/#primaryimage\"},\"thumbnailUrl\":\"http:\/\/admirror.nl\/wp-content\/uploads\/2021\/05\/admirror-remy.jpg\",\"datePublished\":\"2021-05-25T11:14:25+00:00\",\"dateModified\":\"2021-06-25T08:34:55+00:00\",\"description\":\"Jako franczyzobiorca Admirror masz r\u00f3\u017cne zalety. Przeczytaj wi\u0119cej o serii Admirror tutaj. Nie jeste\u015b z nami sam.\",\"breadcrumb\":{\"@id\":\"https:\/\/admirror.nl\/pl\/franczyzowa\/#breadcrumb\"},\"inLanguage\":\"pl-PL\",\"potentialAction\":[{\"@type\":\"ReadAction\",\"target\":[\"https:\/\/admirror.nl\/pl\/franczyzowa\/\"]}]},{\"@type\":\"ImageObject\",\"inLanguage\":\"pl-PL\",\"@id\":\"https:\/\/admirror.nl\/pl\/franczyzowa\/#primaryimage\",\"url\":\"http:\/\/admirror.nl\/wp-content\/uploads\/2021\/05\/admirror-remy.jpg\",\"contentUrl\":\"http:\/\/admirror.nl\/wp-content\/uploads\/2021\/05\/admirror-remy.jpg\"},{\"@type\":\"BreadcrumbList\",\"@id\":\"https:\/\/admirror.nl\/pl\/franczyzowa\/#breadcrumb\",\"itemListElement\":[{\"@type\":\"ListItem\",\"position\":1,\"name\":\"Home\",\"item\":\"https:\/\/admirror.nl\/pl\/\"},{\"@type\":\"ListItem\",\"position\":2,\"name\":\"Franczyzowa\"}]},{\"@type\":\"WebSite\",\"@id\":\"https:\/\/admirror.nl\/pl\/#website\",\"url\":\"https:\/\/admirror.nl\/pl\/\",\"name\":\"Admirror\",\"description\":\"Admirror\",\"publisher\":{\"@id\":\"https:\/\/admirror.nl\/pl\/#organization\"},\"potentialAction\":[{\"@type\":\"SearchAction\",\"target\":{\"@type\":\"EntryPoint\",\"urlTemplate\":\"https:\/\/admirror.nl\/pl\/?s={search_term_string}\"},\"query-input\":{\"@type\":\"PropertyValueSpecification\",\"valueRequired\":true,\"valueName\":\"search_term_string\"}}],\"inLanguage\":\"pl-PL\"},{\"@type\":\"Organization\",\"@id\":\"https:\/\/admirror.nl\/pl\/#organization\",\"name\":\"Admirror\",\"url\":\"https:\/\/admirror.nl\/pl\/\",\"logo\":{\"@type\":\"ImageObject\",\"inLanguage\":\"pl-PL\",\"@id\":\"https:\/\/admirror.nl\/pl\/#\/schema\/logo\/image\/\",\"url\":\"http:\/\/admirror.nl\/wp-content\/uploads\/2021\/05\/logo-admirror.png\",\"contentUrl\":\"http:\/\/admirror.nl\/wp-content\/uploads\/2021\/05\/logo-admirror.png\",\"width\":442,\"height\":118,\"caption\":\"Admirror\"},\"image\":{\"@id\":\"https:\/\/admirror.nl\/pl\/#\/schema\/logo\/image\/\"},\"sameAs\":[\"https:\/\/www.facebook.com\/Admirror\/\",\"https:\/\/x.com\/admirror\",\"https:\/\/www.instagram.com\/admirrorbv\/\",\"https:\/\/www.linkedin.com\/company\/admirror\",\"https:\/\/www.youtube.com\/user\/admirrorbv\"]}]}<\/script>\n<!-- \/ Yoast SEO plugin. -->","yoast_head_json":{"title":"Franczyzowa | Admirror | A unique way of Advertising & Communication","description":"Jako franczyzobiorca Admirror masz r\u00f3\u017cne zalety. Przeczytaj wi\u0119cej o serii Admirror tutaj. Nie jeste\u015b z nami sam.","robots":{"index":"index","follow":"follow","max-snippet":"max-snippet:-1","max-image-preview":"max-image-preview:large","max-video-preview":"max-video-preview:-1"},"canonical":"https:\/\/admirror.nl\/pl\/franczyzowa\/","og_locale":"pl_PL","og_type":"article","og_title":"Franczyzowa | Admirror | A unique way of Advertising & Communication","og_description":"Jako franczyzobiorca Admirror masz r\u00f3\u017cne zalety. Przeczytaj wi\u0119cej o serii Admirror tutaj. Nie jeste\u015b z nami sam.","og_url":"https:\/\/admirror.nl\/pl\/franczyzowa\/","og_site_name":"Admirror","article_publisher":"https:\/\/www.facebook.com\/Admirror\/","article_modified_time":"2021-06-25T08:34:55+00:00","og_image":[{"url":"http:\/\/admirror.nl\/wp-content\/uploads\/2021\/05\/admirror-remy.jpg","type":"","width":"","height":""}],"twitter_card":"summary_large_image","twitter_site":"@admirror","twitter_misc":{"Szacowany czas czytania":"2 minuty"},"schema":{"@context":"https:\/\/schema.org","@graph":[{"@type":"WebPage","@id":"https:\/\/admirror.nl\/pl\/franczyzowa\/","url":"https:\/\/admirror.nl\/pl\/franczyzowa\/","name":"Franczyzowa | Admirror | A unique way of Advertising & Communication","isPartOf":{"@id":"https:\/\/admirror.nl\/pl\/#website"},"primaryImageOfPage":{"@id":"https:\/\/admirror.nl\/pl\/franczyzowa\/#primaryimage"},"image":{"@id":"https:\/\/admirror.nl\/pl\/franczyzowa\/#primaryimage"},"thumbnailUrl":"http:\/\/admirror.nl\/wp-content\/uploads\/2021\/05\/admirror-remy.jpg","datePublished":"2021-05-25T11:14:25+00:00","dateModified":"2021-06-25T08:34:55+00:00","description":"Jako franczyzobiorca Admirror masz r\u00f3\u017cne zalety. Przeczytaj wi\u0119cej o serii Admirror tutaj. Nie jeste\u015b z nami sam.","breadcrumb":{"@id":"https:\/\/admirror.nl\/pl\/franczyzowa\/#breadcrumb"},"inLanguage":"pl-PL","potentialAction":[{"@type":"ReadAction","target":["https:\/\/admirror.nl\/pl\/franczyzowa\/"]}]},{"@type":"ImageObject","inLanguage":"pl-PL","@id":"https:\/\/admirror.nl\/pl\/franczyzowa\/#primaryimage","url":"http:\/\/admirror.nl\/wp-content\/uploads\/2021\/05\/admirror-remy.jpg","contentUrl":"http:\/\/admirror.nl\/wp-content\/uploads\/2021\/05\/admirror-remy.jpg"},{"@type":"BreadcrumbList","@id":"https:\/\/admirror.nl\/pl\/franczyzowa\/#breadcrumb","itemListElement":[{"@type":"ListItem","position":1,"name":"Home","item":"https:\/\/admirror.nl\/pl\/"},{"@type":"ListItem","position":2,"name":"Franczyzowa"}]},{"@type":"WebSite","@id":"https:\/\/admirror.nl\/pl\/#website","url":"https:\/\/admirror.nl\/pl\/","name":"Admirror","description":"Admirror","publisher":{"@id":"https:\/\/admirror.nl\/pl\/#organization"},"potentialAction":[{"@type":"SearchAction","target":{"@type":"EntryPoint","urlTemplate":"https:\/\/admirror.nl\/pl\/?s={search_term_string}"},"query-input":{"@type":"PropertyValueSpecification","valueRequired":true,"valueName":"search_term_string"}}],"inLanguage":"pl-PL"},{"@type":"Organization","@id":"https:\/\/admirror.nl\/pl\/#organization","name":"Admirror","url":"https:\/\/admirror.nl\/pl\/","logo":{"@type":"ImageObject","inLanguage":"pl-PL","@id":"https:\/\/admirror.nl\/pl\/#\/schema\/logo\/image\/","url":"http:\/\/admirror.nl\/wp-content\/uploads\/2021\/05\/logo-admirror.png","contentUrl":"http:\/\/admirror.nl\/wp-content\/uploads\/2021\/05\/logo-admirror.png","width":442,"height":118,"caption":"Admirror"},"image":{"@id":"https:\/\/admirror.nl\/pl\/#\/schema\/logo\/image\/"},"sameAs":["https:\/\/www.facebook.com\/Admirror\/","https:\/\/x.com\/admirror","https:\/\/www.instagram.com\/admirrorbv\/","https:\/\/www.linkedin.com\/company\/admirror","https:\/\/www.youtube.com\/user\/admirrorbv"]}]}},"_links":{"self":[{"href":"https:\/\/admirror.nl\/pl\/wp-json\/wp\/v2\/pages\/2975","targetHints":{"allow":["GET"]}}],"collection":[{"href":"https:\/\/admirror.nl\/pl\/wp-json\/wp\/v2\/pages"}],"about":[{"href":"https:\/\/admirror.nl\/pl\/wp-json\/wp\/v2\/types\/page"}],"author":[{"embeddable":true,"href":"https:\/\/admirror.nl\/pl\/wp-json\/wp\/v2\/users\/2"}],"replies":[{"embeddable":true,"href":"https:\/\/admirror.nl\/pl\/wp-json\/wp\/v2\/comments?post=2975"}],"version-history":[{"count":0,"href":"https:\/\/admirror.nl\/pl\/wp-json\/wp\/v2\/pages\/2975\/revisions"}],"wp:attachment":[{"href":"https:\/\/admirror.nl\/pl\/wp-json\/wp\/v2\/media?parent=2975"}],"curies":[{"name":"wp","href":"https:\/\/api.w.org\/{rel}","templated":true}]}}