{"id":2960,"date":"2021-05-21T12:18:22","date_gmt":"2021-05-21T12:18:22","guid":{"rendered":"http:\/\/admirror.nl\/adverteren\/"},"modified":"2021-06-25T14:12:51","modified_gmt":"2021-06-25T14:12:51","slug":"reklama","status":"publish","type":"page","link":"https:\/\/admirror.nl\/pl\/reklama\/","title":{"rendered":"Reklama"},"content":{"rendered":"\t\t<div data-elementor-type=\"wp-page\" data-elementor-id=\"2960\" class=\"elementor elementor-2960 elementor-1489\" data-elementor-settings=\"[]\">\n\t\t\t\t\t\t\t<div class=\"elementor-section-wrap\">\n\t\t\t\t\t\t\t<section class=\"elementor-section elementor-top-section elementor-element elementor-element-c22271a elementor-section-full_width elementor-section-height-default elementor-section-height-default\" data-id=\"c22271a\" data-element_type=\"section\">\n\t\t\t\t\t\t<div class=\"elementor-container elementor-column-gap-default\">\n\t\t\t\t\t<div class=\"elementor-column elementor-col-100 elementor-top-column elementor-element elementor-element-405b881\" data-id=\"405b881\" data-element_type=\"column\">\n\t\t\t<div class=\"elementor-widget-wrap elementor-element-populated\">\n\t\t\t\t\t\t\t\t<div class=\"elementor-element elementor-element-2394492 elementor-widget elementor-widget-topika_about_company\" data-id=\"2394492\" data-element_type=\"widget\" data-widget_type=\"topika_about_company.default\">\n\t\t\t\t<div class=\"elementor-widget-container\">\n\t\t\t\r\n        <!-- about-style-four -->\r\n        <section class=\"about-style-four\">\r\n            <div class=\"auto-container\">\r\n                <div class=\"row clearfix\">\r\n                    <div class=\"col-lg-6 col-md-12 col-sm-12 content-column\">\r\n                        <div id=\"content_block_8\">\r\n                            <div class=\"content-box mr-10\">\r\n                                <div class=\"sec-title\">\r\n                                    <h5><span>\/\/<\/span>Admirror<\/h5>\r\n                                    <h2>Reklama<\/h2>\r\n                                <\/div>\r\n                                <div class=\"text\">\r\n                                    <em>Dlaczego reklamowa\u0107 si\u0119 na Admirrorze?<\/em><br \/><br \/><p>Dzi\u0119ki reklamie na Admirror mo\u017cesz jednocze\u015bnie dotrze\u0107 do odbiorc\u00f3w i osi\u0105gn\u0105\u0107 po\u017c\u0105dan\u0105 warto\u015b\u0107 uwagi.<\/p><p>\nRestauracja przyci\u0105ga inn\u0105 publiczno\u015b\u0107 ni\u017c kawiarnia. A kto odwiedza klub sportowy lub zoo, jest w zupe\u0142nie innym nastroju ni\u017c kto\u015b, kto odwiedza kino. Te r\u00f3\u017cnice s\u0105 niezb\u0119dne. Skuteczna reklama to nie tylko ukierunkowane dzia\u0142anie na grup\u0119 docelow\u0105, ale tak\u017ce po\u0142\u0105czenie grupy docelowej, lokalizacji i czasu. Reklamy s\u0105 \u015bwie\u017ce w pami\u0119ci widza w lustrze, powoduj\u0105c, \u017ce ludzie chc\u0105 je kupi\u0107. \u017beby \u015awiadomie lub nie\u015bwiadomie zobaczy\u0142 lustro. Admirror daje Ci szans\u0119 na wzi\u0119cie w to udzia\u0142u.<\/p>                                <\/div>\r\n                                                                <div class=\"btn-box\">\r\n                                \t<a href=\"\/pl\/skontaktuj-sie-z-nami\/\" class=\"theme-btn-one\">CHC\u0118 REKLAMOWA\u0106<\/a>\r\n                                <\/div>\r\n                                                            <\/div>\r\n                        <\/div>\r\n                    <\/div>\r\n                    <div class=\"col-lg-6 col-md-12 col-sm-12 image-column\">\r\n                        <div id=\"image_block_6\">\r\n                            <div class=\"image-box\">\r\n                                <div class=\"pattern\">\r\n                                    <div class=\"pattern-1\" style=\"background-image: url(https:\/\/admirror.nl\/wp-content\/themes\/admirror\/assets\/images\/shape\/pattern-59.png);\"><\/div>\r\n                                    <div class=\"pattern-2\" style=\"background-image: url(https:\/\/admirror.nl\/wp-content\/themes\/admirror\/assets\/images\/shape\/pattern-60.png);\"><\/div>\r\n                                <\/div>\r\n                                <figure class=\"image\"><img decoding=\"async\" src=\"https:\/\/admirror.nl\/wp-content\/uploads\/2021\/05\/Interactieve-Smart-Admirror-Admirror-6.jpg\" alt=\"Awesome Image\"><\/figure>\r\n                            <\/div>\r\n                        <\/div>\r\n                    <\/div>\r\n                <\/div>\r\n            <\/div>\r\n        <\/section>\r\n        <!-- about-style-four end -->\r\n\r\n        \t\t<\/div>\n\t\t\t\t<\/div>\n\t\t\t\t<section class=\"elementor-section elementor-inner-section elementor-element elementor-element-ffbc53f elementor-section-boxed elementor-section-height-default elementor-section-height-default\" data-id=\"ffbc53f\" data-element_type=\"section\">\n\t\t\t\t\t\t<div class=\"elementor-container elementor-column-gap-default\">\n\t\t\t\t\t<div class=\"elementor-column elementor-col-50 elementor-inner-column elementor-element elementor-element-ba9ee06\" data-id=\"ba9ee06\" data-element_type=\"column\">\n\t\t\t<div class=\"elementor-widget-wrap elementor-element-populated\">\n\t\t\t\t\t\t\t\t<div class=\"elementor-element elementor-element-9523b3e elementor-widget elementor-widget-heading\" data-id=\"9523b3e\" data-element_type=\"widget\" data-widget_type=\"heading.default\">\n\t\t\t\t<div class=\"elementor-widget-container\">\n\t\t\t<h2 class=\"elementor-heading-title elementor-size-default\">6.000 Spoty reklamowe<\/h2>\t\t<\/div>\n\t\t\t\t<\/div>\n\t\t\t\t<div class=\"elementor-element elementor-element-3c05178 elementor-widget elementor-widget-text-editor\" data-id=\"3c05178\" data-element_type=\"widget\" data-widget_type=\"text-editor.default\">\n\t\t\t\t<div class=\"elementor-widget-container\">\n\t\t\t\t\t\t\t\tMo\u017ce to by\u0107 na poziomie lokalnym, regionalnym lub og\u00f3lnokrajowym. Do wyboru szeroka gama spot\u00f3w reklamowych. Mo\u017cesz wybiera\u0107 spo\u015br\u00f3d ponad 6.000 spot\u00f3w reklamowych w Holandii, Belgii i Niemczech. Pomy\u015bl o kawiarniach i kinach, ale tak\u017ce o centrach fitness, restauracjach i brasserie. Mo\u017cesz wybra\u0107 abonament roczny lub abonament na inny okres. Za stosunkowo nisk\u0105 inwestycj\u0119 wymienimy dla Ciebie reklamy. Daje to mo\u017cliwo\u015b\u0107 tymczasowego zwr\u00f3cenia uwagi na promocje, wydarzenia lub oferty.\t\t\t\t\t\t<\/div>\n\t\t\t\t<\/div>\n\t\t\t\t<div class=\"elementor-element elementor-element-c658dd0 elementor-widget elementor-widget-heading\" data-id=\"c658dd0\" data-element_type=\"widget\" data-widget_type=\"heading.default\">\n\t\t\t\t<div class=\"elementor-widget-container\">\n\t\t\t<h2 class=\"elementor-heading-title elementor-size-default\">Skuteczny i niedrogi<\/h2>\t\t<\/div>\n\t\t\t\t<\/div>\n\t\t\t\t<div class=\"elementor-element elementor-element-32417f4 elementor-widget elementor-widget-text-editor\" data-id=\"32417f4\" data-element_type=\"widget\" data-widget_type=\"text-editor.default\">\n\t\t\t\t<div class=\"elementor-widget-container\">\n\t\t\t\t\t\t\t\tWsp\u00f3lnie ustalimy, w jakich lokalizacjach i na kt\u00f3rych lustrach mo\u017cesz reklamowa\u0107 si\u0119 najskuteczniej. Nasi doradcy ch\u0119tnie porozmawiaj\u0105 z Tob\u0105 o wszystkich mo\u017cliwo\u015bciach podczas osobistej rozmowy.\t\t\t\t\t\t<\/div>\n\t\t\t\t<\/div>\n\t\t\t\t\t<\/div>\n\t\t<\/div>\n\t\t\t\t<div class=\"elementor-column elementor-col-50 elementor-inner-column elementor-element elementor-element-ba1609f\" data-id=\"ba1609f\" data-element_type=\"column\">\n\t\t\t<div class=\"elementor-widget-wrap elementor-element-populated\">\n\t\t\t\t\t\t\t\t<div class=\"elementor-element elementor-element-3186961 elementor-widget elementor-widget-heading\" data-id=\"3186961\" data-element_type=\"widget\" data-widget_type=\"heading.default\">\n\t\t\t\t<div class=\"elementor-widget-container\">\n\t\t\t<h2 class=\"elementor-heading-title elementor-size-default\">G\u0142\u00f3wne zalety Admirra dla reklamodawc\u00f3w.<\/h2>\t\t<\/div>\n\t\t\t\t<\/div>\n\t\t\t\t<div class=\"elementor-element elementor-element-cf0c4e7 elementor-icon-list--layout-traditional elementor-list-item-link-full_width elementor-widget elementor-widget-icon-list\" data-id=\"cf0c4e7\" data-element_type=\"widget\" data-widget_type=\"icon-list.default\">\n\t\t\t\t<div class=\"elementor-widget-container\">\n\t\t\t\t\t<ul class=\"elementor-icon-list-items\">\n\t\t\t\t\t\t\t<li class=\"elementor-icon-list-item\">\n\t\t\t\t\t\t\t\t\t\t\t<span class=\"elementor-icon-list-icon\">\n\t\t\t\t\t\t\t<i aria-hidden=\"true\" class=\"fas fa-dot-circle\"><\/i>\t\t\t\t\t\t<\/span>\n\t\t\t\t\t\t\t\t\t\t<span class=\"elementor-icon-list-text\">Wizualnie kierowany do lustra<\/span>\n\t\t\t\t\t\t\t\t\t<\/li>\n\t\t\t\t\t\t\t\t<li class=\"elementor-icon-list-item\">\n\t\t\t\t\t\t\t\t\t\t\t<span class=\"elementor-icon-list-icon\">\n\t\t\t\t\t\t\t<i aria-hidden=\"true\" class=\"fas fa-dot-circle\"><\/i>\t\t\t\t\t\t<\/span>\n\t\t\t\t\t\t\t\t\t\t<span class=\"elementor-icon-list-text\">Innowacyjny spos\u00f3b komunikacji<\/span>\n\t\t\t\t\t\t\t\t\t<\/li>\n\t\t\t\t\t\t\t\t<li class=\"elementor-icon-list-item\">\n\t\t\t\t\t\t\t\t\t\t\t<span class=\"elementor-icon-list-icon\">\n\t\t\t\t\t\t\t<i aria-hidden=\"true\" class=\"fas fa-dot-circle\"><\/i>\t\t\t\t\t\t<\/span>\n\t\t\t\t\t\t\t\t\t\t<span class=\"elementor-icon-list-text\">Platforma dotarcia do odpowiedniej grupy docelowej za pomoc\u0105 tego sposobu komunikacji<\/span>\n\t\t\t\t\t\t\t\t\t<\/li>\n\t\t\t\t\t\t\t\t<li class=\"elementor-icon-list-item\">\n\t\t\t\t\t\t\t\t\t\t\t<span class=\"elementor-icon-list-icon\">\n\t\t\t\t\t\t\t<i aria-hidden=\"true\" class=\"fas fa-dot-circle\"><\/i>\t\t\t\t\t\t<\/span>\n\t\t\t\t\t\t\t\t\t\t<span class=\"elementor-icon-list-text\">Pozytywna rozrywka<\/span>\n\t\t\t\t\t\t\t\t\t<\/li>\n\t\t\t\t\t\t\t\t<li class=\"elementor-icon-list-item\">\n\t\t\t\t\t\t\t\t\t\t\t<span class=\"elementor-icon-list-icon\">\n\t\t\t\t\t\t\t<i aria-hidden=\"true\" class=\"fas fa-dot-circle\"><\/i>\t\t\t\t\t\t<\/span>\n\t\t\t\t\t\t\t\t\t\t<span class=\"elementor-icon-list-text\">Wymuszona ekspozycja, nie mo\u017cna zignorowa\u0107 wyra\u017cenia<\/span>\n\t\t\t\t\t\t\t\t\t<\/li>\n\t\t\t\t\t\t\t\t<li class=\"elementor-icon-list-item\">\n\t\t\t\t\t\t\t\t\t\t\t<span class=\"elementor-icon-list-icon\">\n\t\t\t\t\t\t\t<i aria-hidden=\"true\" class=\"fas fa-dot-circle\"><\/i>\t\t\t\t\t\t<\/span>\n\t\t\t\t\t\t\t\t\t\t<span class=\"elementor-icon-list-text\">Reklama ma optymaln\u0105 si\u0142\u0119 hamowania<\/span>\n\t\t\t\t\t\t\t\t\t<\/li>\n\t\t\t\t\t\t<\/ul>\n\t\t\t\t<\/div>\n\t\t\t\t<\/div>\n\t\t\t\t\t<\/div>\n\t\t<\/div>\n\t\t\t\t\t\t\t<\/div>\n\t\t<\/section>\n\t\t\t\t\t<\/div>\n\t\t<\/div>\n\t\t\t\t\t\t\t<\/div>\n\t\t<\/section>\n\t\t\t\t\t\t<\/div>\n\t\t\t\t\t<\/div>\n\t\t","protected":false},"excerpt":{"rendered":"<p>\/\/Admirror Reklama Dlaczego reklamowa\u0107 si\u0119 na Admirrorze? Dzi\u0119ki reklamie na Admirror mo\u017cesz jednocze\u015bnie dotrze\u0107 do odbiorc\u00f3w i osi\u0105gn\u0105\u0107 po\u017c\u0105dan\u0105 warto\u015b\u0107 uwagi. Restauracja przyci\u0105ga inn\u0105 publiczno\u015b\u0107 ni\u017c kawiarnia. A kto odwiedza klub sportowy lub zoo, jest w zupe\u0142nie innym nastroju ni\u017c kto\u015b, kto odwiedza kino. Te r\u00f3\u017cnice s\u0105 niezb\u0119dne. Skuteczna reklama to nie tylko ukierunkowane dzia\u0142anie [&hellip;]<\/p>\n","protected":false},"author":2,"featured_media":0,"parent":0,"menu_order":0,"comment_status":"closed","ping_status":"closed","template":"tpl-default-elementor.php","meta":{"_monsterinsights_skip_tracking":false,"_monsterinsights_sitenote_active":false,"_monsterinsights_sitenote_note":"","_monsterinsights_sitenote_category":0,"footnotes":""},"class_list":["post-2960","page","type-page","status-publish","hentry"],"yoast_head":"<!-- This site is optimized with the Yoast SEO plugin v26.7 - https:\/\/yoast.com\/wordpress\/plugins\/seo\/ -->\n<title>Adverteren | Admirror | A unique way of Advertising &amp; Communication<\/title>\n<meta name=\"description\" content=\"Op een innovatieve manier communiceren &amp; adverteren op de Smart Admirror? lees hier meer over de adverteer mogelijkheden van Admirror.\" \/>\n<meta name=\"robots\" content=\"index, follow, max-snippet:-1, max-image-preview:large, max-video-preview:-1\" \/>\n<link rel=\"canonical\" href=\"https:\/\/admirror.nl\/pl\/reklama\/\" \/>\n<meta property=\"og:locale\" content=\"pl_PL\" \/>\n<meta property=\"og:type\" content=\"article\" \/>\n<meta property=\"og:title\" content=\"Adverteren | Admirror | A unique way of Advertising &amp; Communication\" \/>\n<meta property=\"og:description\" content=\"Op een innovatieve manier communiceren &amp; adverteren op de Smart Admirror? lees hier meer over de adverteer mogelijkheden van Admirror.\" \/>\n<meta property=\"og:url\" content=\"https:\/\/admirror.nl\/pl\/reklama\/\" \/>\n<meta property=\"og:site_name\" content=\"Admirror\" \/>\n<meta property=\"article:publisher\" content=\"https:\/\/www.facebook.com\/Admirror\/\" \/>\n<meta property=\"article:modified_time\" content=\"2021-06-25T14:12:51+00:00\" \/>\n<meta property=\"og:image\" content=\"http:\/\/admirror.nl\/wp-content\/uploads\/2021\/05\/Interactieve-Smart-Admirror-Admirror-6.jpg\" \/>\n<meta name=\"twitter:card\" content=\"summary_large_image\" \/>\n<meta name=\"twitter:site\" content=\"@admirror\" \/>\n<meta name=\"twitter:label1\" content=\"Szacowany czas czytania\" \/>\n\t<meta name=\"twitter:data1\" content=\"2 minuty\" \/>\n<script type=\"application\/ld+json\" class=\"yoast-schema-graph\">{\"@context\":\"https:\/\/schema.org\",\"@graph\":[{\"@type\":\"WebPage\",\"@id\":\"https:\/\/admirror.nl\/pl\/reklama\/\",\"url\":\"https:\/\/admirror.nl\/pl\/reklama\/\",\"name\":\"Adverteren | Admirror | A unique way of Advertising & Communication\",\"isPartOf\":{\"@id\":\"https:\/\/admirror.nl\/pl\/#website\"},\"primaryImageOfPage\":{\"@id\":\"https:\/\/admirror.nl\/pl\/reklama\/#primaryimage\"},\"image\":{\"@id\":\"https:\/\/admirror.nl\/pl\/reklama\/#primaryimage\"},\"thumbnailUrl\":\"http:\/\/admirror.nl\/wp-content\/uploads\/2021\/05\/Interactieve-Smart-Admirror-Admirror-6.jpg\",\"datePublished\":\"2021-05-21T12:18:22+00:00\",\"dateModified\":\"2021-06-25T14:12:51+00:00\",\"description\":\"Op een innovatieve manier communiceren & adverteren op de Smart Admirror? lees hier meer over de adverteer mogelijkheden van Admirror.\",\"breadcrumb\":{\"@id\":\"https:\/\/admirror.nl\/pl\/reklama\/#breadcrumb\"},\"inLanguage\":\"pl-PL\",\"potentialAction\":[{\"@type\":\"ReadAction\",\"target\":[\"https:\/\/admirror.nl\/pl\/reklama\/\"]}]},{\"@type\":\"ImageObject\",\"inLanguage\":\"pl-PL\",\"@id\":\"https:\/\/admirror.nl\/pl\/reklama\/#primaryimage\",\"url\":\"http:\/\/admirror.nl\/wp-content\/uploads\/2021\/05\/Interactieve-Smart-Admirror-Admirror-6.jpg\",\"contentUrl\":\"http:\/\/admirror.nl\/wp-content\/uploads\/2021\/05\/Interactieve-Smart-Admirror-Admirror-6.jpg\"},{\"@type\":\"BreadcrumbList\",\"@id\":\"https:\/\/admirror.nl\/pl\/reklama\/#breadcrumb\",\"itemListElement\":[{\"@type\":\"ListItem\",\"position\":1,\"name\":\"Home\",\"item\":\"https:\/\/admirror.nl\/pl\/\"},{\"@type\":\"ListItem\",\"position\":2,\"name\":\"Reklama\"}]},{\"@type\":\"WebSite\",\"@id\":\"https:\/\/admirror.nl\/pl\/#website\",\"url\":\"https:\/\/admirror.nl\/pl\/\",\"name\":\"Admirror\",\"description\":\"Admirror\",\"publisher\":{\"@id\":\"https:\/\/admirror.nl\/pl\/#organization\"},\"potentialAction\":[{\"@type\":\"SearchAction\",\"target\":{\"@type\":\"EntryPoint\",\"urlTemplate\":\"https:\/\/admirror.nl\/pl\/?s={search_term_string}\"},\"query-input\":{\"@type\":\"PropertyValueSpecification\",\"valueRequired\":true,\"valueName\":\"search_term_string\"}}],\"inLanguage\":\"pl-PL\"},{\"@type\":\"Organization\",\"@id\":\"https:\/\/admirror.nl\/pl\/#organization\",\"name\":\"Admirror\",\"url\":\"https:\/\/admirror.nl\/pl\/\",\"logo\":{\"@type\":\"ImageObject\",\"inLanguage\":\"pl-PL\",\"@id\":\"https:\/\/admirror.nl\/pl\/#\/schema\/logo\/image\/\",\"url\":\"http:\/\/admirror.nl\/wp-content\/uploads\/2021\/05\/logo-admirror.png\",\"contentUrl\":\"http:\/\/admirror.nl\/wp-content\/uploads\/2021\/05\/logo-admirror.png\",\"width\":442,\"height\":118,\"caption\":\"Admirror\"},\"image\":{\"@id\":\"https:\/\/admirror.nl\/pl\/#\/schema\/logo\/image\/\"},\"sameAs\":[\"https:\/\/www.facebook.com\/Admirror\/\",\"https:\/\/x.com\/admirror\",\"https:\/\/www.instagram.com\/admirrorbv\/\",\"https:\/\/www.linkedin.com\/company\/admirror\",\"https:\/\/www.youtube.com\/user\/admirrorbv\"]}]}<\/script>\n<!-- \/ Yoast SEO plugin. -->","yoast_head_json":{"title":"Adverteren | Admirror | A unique way of Advertising & Communication","description":"Op een innovatieve manier communiceren & adverteren op de Smart Admirror? lees hier meer over de adverteer mogelijkheden van Admirror.","robots":{"index":"index","follow":"follow","max-snippet":"max-snippet:-1","max-image-preview":"max-image-preview:large","max-video-preview":"max-video-preview:-1"},"canonical":"https:\/\/admirror.nl\/pl\/reklama\/","og_locale":"pl_PL","og_type":"article","og_title":"Adverteren | Admirror | A unique way of Advertising & Communication","og_description":"Op een innovatieve manier communiceren & adverteren op de Smart Admirror? lees hier meer over de adverteer mogelijkheden van Admirror.","og_url":"https:\/\/admirror.nl\/pl\/reklama\/","og_site_name":"Admirror","article_publisher":"https:\/\/www.facebook.com\/Admirror\/","article_modified_time":"2021-06-25T14:12:51+00:00","og_image":[{"url":"http:\/\/admirror.nl\/wp-content\/uploads\/2021\/05\/Interactieve-Smart-Admirror-Admirror-6.jpg","type":"","width":"","height":""}],"twitter_card":"summary_large_image","twitter_site":"@admirror","twitter_misc":{"Szacowany czas czytania":"2 minuty"},"schema":{"@context":"https:\/\/schema.org","@graph":[{"@type":"WebPage","@id":"https:\/\/admirror.nl\/pl\/reklama\/","url":"https:\/\/admirror.nl\/pl\/reklama\/","name":"Adverteren | Admirror | A unique way of Advertising & Communication","isPartOf":{"@id":"https:\/\/admirror.nl\/pl\/#website"},"primaryImageOfPage":{"@id":"https:\/\/admirror.nl\/pl\/reklama\/#primaryimage"},"image":{"@id":"https:\/\/admirror.nl\/pl\/reklama\/#primaryimage"},"thumbnailUrl":"http:\/\/admirror.nl\/wp-content\/uploads\/2021\/05\/Interactieve-Smart-Admirror-Admirror-6.jpg","datePublished":"2021-05-21T12:18:22+00:00","dateModified":"2021-06-25T14:12:51+00:00","description":"Op een innovatieve manier communiceren & adverteren op de Smart Admirror? lees hier meer over de adverteer mogelijkheden van Admirror.","breadcrumb":{"@id":"https:\/\/admirror.nl\/pl\/reklama\/#breadcrumb"},"inLanguage":"pl-PL","potentialAction":[{"@type":"ReadAction","target":["https:\/\/admirror.nl\/pl\/reklama\/"]}]},{"@type":"ImageObject","inLanguage":"pl-PL","@id":"https:\/\/admirror.nl\/pl\/reklama\/#primaryimage","url":"http:\/\/admirror.nl\/wp-content\/uploads\/2021\/05\/Interactieve-Smart-Admirror-Admirror-6.jpg","contentUrl":"http:\/\/admirror.nl\/wp-content\/uploads\/2021\/05\/Interactieve-Smart-Admirror-Admirror-6.jpg"},{"@type":"BreadcrumbList","@id":"https:\/\/admirror.nl\/pl\/reklama\/#breadcrumb","itemListElement":[{"@type":"ListItem","position":1,"name":"Home","item":"https:\/\/admirror.nl\/pl\/"},{"@type":"ListItem","position":2,"name":"Reklama"}]},{"@type":"WebSite","@id":"https:\/\/admirror.nl\/pl\/#website","url":"https:\/\/admirror.nl\/pl\/","name":"Admirror","description":"Admirror","publisher":{"@id":"https:\/\/admirror.nl\/pl\/#organization"},"potentialAction":[{"@type":"SearchAction","target":{"@type":"EntryPoint","urlTemplate":"https:\/\/admirror.nl\/pl\/?s={search_term_string}"},"query-input":{"@type":"PropertyValueSpecification","valueRequired":true,"valueName":"search_term_string"}}],"inLanguage":"pl-PL"},{"@type":"Organization","@id":"https:\/\/admirror.nl\/pl\/#organization","name":"Admirror","url":"https:\/\/admirror.nl\/pl\/","logo":{"@type":"ImageObject","inLanguage":"pl-PL","@id":"https:\/\/admirror.nl\/pl\/#\/schema\/logo\/image\/","url":"http:\/\/admirror.nl\/wp-content\/uploads\/2021\/05\/logo-admirror.png","contentUrl":"http:\/\/admirror.nl\/wp-content\/uploads\/2021\/05\/logo-admirror.png","width":442,"height":118,"caption":"Admirror"},"image":{"@id":"https:\/\/admirror.nl\/pl\/#\/schema\/logo\/image\/"},"sameAs":["https:\/\/www.facebook.com\/Admirror\/","https:\/\/x.com\/admirror","https:\/\/www.instagram.com\/admirrorbv\/","https:\/\/www.linkedin.com\/company\/admirror","https:\/\/www.youtube.com\/user\/admirrorbv"]}]}},"_links":{"self":[{"href":"https:\/\/admirror.nl\/pl\/wp-json\/wp\/v2\/pages\/2960","targetHints":{"allow":["GET"]}}],"collection":[{"href":"https:\/\/admirror.nl\/pl\/wp-json\/wp\/v2\/pages"}],"about":[{"href":"https:\/\/admirror.nl\/pl\/wp-json\/wp\/v2\/types\/page"}],"author":[{"embeddable":true,"href":"https:\/\/admirror.nl\/pl\/wp-json\/wp\/v2\/users\/2"}],"replies":[{"embeddable":true,"href":"https:\/\/admirror.nl\/pl\/wp-json\/wp\/v2\/comments?post=2960"}],"version-history":[{"count":0,"href":"https:\/\/admirror.nl\/pl\/wp-json\/wp\/v2\/pages\/2960\/revisions"}],"wp:attachment":[{"href":"https:\/\/admirror.nl\/pl\/wp-json\/wp\/v2\/media?parent=2960"}],"curies":[{"name":"wp","href":"https:\/\/api.w.org\/{rel}","templated":true}]}}