{"id":2936,"date":"2021-05-28T09:34:10","date_gmt":"2021-05-28T09:34:10","guid":{"rendered":"http:\/\/admirror.nl\/my-suit-mirror\/"},"modified":"2022-01-03T15:32:02","modified_gmt":"2022-01-03T15:32:02","slug":"my-suit-mirror","status":"publish","type":"page","link":"https:\/\/admirror.nl\/pl\/my-suit-mirror\/","title":{"rendered":"My Suit Mirror"},"content":{"rendered":"\t\t<div data-elementor-type=\"wp-page\" data-elementor-id=\"2936\" class=\"elementor elementor-2936 elementor-2198\" data-elementor-settings=\"[]\">\n\t\t\t\t\t\t\t<div class=\"elementor-section-wrap\">\n\t\t\t\t\t\t\t<section class=\"elementor-section elementor-top-section elementor-element elementor-element-c22271a elementor-section-full_width elementor-section-height-default elementor-section-height-default\" data-id=\"c22271a\" data-element_type=\"section\">\n\t\t\t\t\t\t<div class=\"elementor-container elementor-column-gap-default\">\n\t\t\t\t\t<div class=\"elementor-column elementor-col-100 elementor-top-column elementor-element elementor-element-405b881\" data-id=\"405b881\" data-element_type=\"column\">\n\t\t\t<div class=\"elementor-widget-wrap elementor-element-populated\">\n\t\t\t\t\t\t\t\t<div class=\"elementor-element elementor-element-2394492 elementor-widget elementor-widget-topika_about_company\" data-id=\"2394492\" data-element_type=\"widget\" data-widget_type=\"topika_about_company.default\">\n\t\t\t\t<div class=\"elementor-widget-container\">\n\t\t\t\r\n        <!-- about-style-four -->\r\n        <section class=\"about-style-four\">\r\n            <div class=\"auto-container\">\r\n                <div class=\"row clearfix\">\r\n                    <div class=\"col-lg-6 col-md-12 col-sm-12 content-column\">\r\n                        <div id=\"content_block_8\">\r\n                            <div class=\"content-box mr-10\">\r\n                                <div class=\"sec-title\">\r\n                                    <h5><span>\/\/<\/span>Admirror<\/h5>\r\n                                    <h2>My Suit Mirror\n<br \/><\/h2>\r\n                                <\/div>\r\n                                <div class=\"text\">\r\n                                    Czy jeste\u015b gotowy na \u201enowy sklep\u201d?<br \/><br \/> My Fashion Mirror \u0142\u0105czy sprzeda\u017c offline ze sprzeda\u017c\u0105 internetow\u0105 w interaktywnym lustrze na hali produkcyjnej i w przymierzalni. Fizyczne przymierzanie ubra\u0144 uzupe\u0142nione wygod\u0105 dostaw online i pomoc\u0105 w przymierzalni to tylko kilka prostych przyk\u0142ad\u00f3w ulepsze\u0144, jakie oferuje nasze lustro. Spraw, aby formu\u0142a Twojego sklepu by\u0142a przysz\u0142o\u015bciowa dzi\u0119ki naszemu interaktywnemu lusterku i napisz do nas, aby uzyska\u0107 wi\u0119cej informacji na adres <a href=\"mailto:dirk@admirror.nl\">dirk@admirror.nl<\/a>                                <\/div>\r\n                                                                <div class=\"btn-box\">\r\n                                \t<a href=\"\/pl\/popros-o-wycene\/\" class=\"theme-btn-one\">POPRO\u015a O WYCEN\u0118<\/a>\r\n                                <\/div>\r\n                                                            <\/div>\r\n                        <\/div>\r\n                    <\/div>\r\n                    <div class=\"col-lg-6 col-md-12 col-sm-12 image-column\">\r\n                        <div id=\"image_block_6\">\r\n                            <div class=\"image-box\">\r\n                                <div class=\"pattern\">\r\n                                    <div class=\"pattern-1\" style=\"background-image: url(https:\/\/admirror.nl\/wp-content\/themes\/admirror\/assets\/images\/shape\/pattern-59.png);\"><\/div>\r\n                                    <div class=\"pattern-2\" style=\"background-image: url(https:\/\/admirror.nl\/wp-content\/themes\/admirror\/assets\/images\/shape\/pattern-60.png);\"><\/div>\r\n                                <\/div>\r\n                                <figure class=\"image\"><img decoding=\"async\" src=\"https:\/\/admirror.nl\/wp-content\/uploads\/2021\/12\/my-suit-mirror-admirror-logo.png\" alt=\"Awesome Image\"><\/figure>\r\n                            <\/div>\r\n                        <\/div>\r\n                    <\/div>\r\n                <\/div>\r\n            <\/div>\r\n        <\/section>\r\n        <!-- about-style-four end -->\r\n\r\n        \t\t<\/div>\n\t\t\t\t<\/div>\n\t\t\t\t<section class=\"elementor-section elementor-inner-section elementor-element elementor-element-9c8a6ef elementor-section-boxed elementor-section-height-default elementor-section-height-default\" data-id=\"9c8a6ef\" data-element_type=\"section\">\n\t\t\t\t\t\t<div class=\"elementor-container elementor-column-gap-default\">\n\t\t\t\t\t<div class=\"elementor-column elementor-col-50 elementor-inner-column elementor-element elementor-element-fda34ff\" data-id=\"fda34ff\" data-element_type=\"column\">\n\t\t\t<div class=\"elementor-widget-wrap elementor-element-populated\">\n\t\t\t\t\t\t\t\t<div class=\"elementor-element elementor-element-09fc447 elementor-widget elementor-widget-heading\" data-id=\"09fc447\" data-element_type=\"widget\" data-widget_type=\"heading.default\">\n\t\t\t\t<div class=\"elementor-widget-container\">\n\t\t\t<h2 class=\"elementor-heading-title elementor-size-default\">My Fashion Mirror tworzy:<\/h2>\t\t<\/div>\n\t\t\t\t<\/div>\n\t\t\t\t<div class=\"elementor-element elementor-element-148086e elementor-icon-list--layout-traditional elementor-list-item-link-full_width elementor-widget elementor-widget-icon-list\" data-id=\"148086e\" data-element_type=\"widget\" data-widget_type=\"icon-list.default\">\n\t\t\t\t<div class=\"elementor-widget-container\">\n\t\t\t\t\t<ul class=\"elementor-icon-list-items\">\n\t\t\t\t\t\t\t<li class=\"elementor-icon-list-item\">\n\t\t\t\t\t\t\t\t\t\t\t<span class=\"elementor-icon-list-icon\">\n\t\t\t\t\t\t\t<i aria-hidden=\"true\" class=\"fas fa-dot-circle\"><\/i>\t\t\t\t\t\t<\/span>\n\t\t\t\t\t\t\t\t\t\t<span class=\"elementor-icon-list-text\">Najlepsze wra\u017cenia z zakup\u00f3w!<\/span>\n\t\t\t\t\t\t\t\t\t<\/li>\n\t\t\t\t\t\t\t\t<li class=\"elementor-icon-list-item\">\n\t\t\t\t\t\t\t\t\t\t\t<span class=\"elementor-icon-list-icon\">\n\t\t\t\t\t\t\t<i aria-hidden=\"true\" class=\"fas fa-dot-circle\"><\/i>\t\t\t\t\t\t<\/span>\n\t\t\t\t\t\t\t\t\t\t<span class=\"elementor-icon-list-text\">Po\u0142\u0105czenie trybu offline z online<\/span>\n\t\t\t\t\t\t\t\t\t<\/li>\n\t\t\t\t\t\t\t\t<li class=\"elementor-icon-list-item\">\n\t\t\t\t\t\t\t\t\t\t\t<span class=\"elementor-icon-list-icon\">\n\t\t\t\t\t\t\t<i aria-hidden=\"true\" class=\"fas fa-dot-circle\"><\/i>\t\t\t\t\t\t<\/span>\n\t\t\t\t\t\t\t\t\t\t<span class=\"elementor-icon-list-text\">Optymalizacja procesu zakupu i konwersji<\/span>\n\t\t\t\t\t\t\t\t\t<\/li>\n\t\t\t\t\t\t<\/ul>\n\t\t\t\t<\/div>\n\t\t\t\t<\/div>\n\t\t\t\t<div class=\"elementor-element elementor-element-7b8cc12 elementor-widget elementor-widget-heading\" data-id=\"7b8cc12\" data-element_type=\"widget\" data-widget_type=\"heading.default\">\n\t\t\t\t<div class=\"elementor-widget-container\">\n\t\t\t<h2 class=\"elementor-heading-title elementor-size-default\">W jaki spos\u00f3b?<\/h2>\t\t<\/div>\n\t\t\t\t<\/div>\n\t\t\t\t<div class=\"elementor-element elementor-element-78e0562 elementor-icon-list--layout-traditional elementor-list-item-link-full_width elementor-widget elementor-widget-icon-list\" data-id=\"78e0562\" data-element_type=\"widget\" data-widget_type=\"icon-list.default\">\n\t\t\t\t<div class=\"elementor-widget-container\">\n\t\t\t\t\t<ul class=\"elementor-icon-list-items\">\n\t\t\t\t\t\t\t<li class=\"elementor-icon-list-item\">\n\t\t\t\t\t\t\t\t\t\t\t<span class=\"elementor-icon-list-icon\">\n\t\t\t\t\t\t\t<i aria-hidden=\"true\" class=\"fas fa-dot-circle\"><\/i>\t\t\t\t\t\t<\/span>\n\t\t\t\t\t\t\t\t\t\t<span class=\"elementor-icon-list-text\"><b>Emocje<\/b> > Do\u015bwiadczenie marki w zakresie przymierzalni, pro\u015bba o pomoc z przymierzalni<\/span>\n\t\t\t\t\t\t\t\t\t<\/li>\n\t\t\t\t\t\t\t\t<li class=\"elementor-icon-list-item\">\n\t\t\t\t\t\t\t\t\t\t\t<span class=\"elementor-icon-list-icon\">\n\t\t\t\t\t\t\t<i aria-hidden=\"true\" class=\"fas fa-dot-circle\"><\/i>\t\t\t\t\t\t<\/span>\n\t\t\t\t\t\t\t\t\t\t<span class=\"elementor-icon-list-text\"><b>Wygoda<\/b> > Wszyscy rozumiej\u0105 lustro, a imi\u0119 i nazwisko klienta oraz dane adresowe s\u0105 automatycznie \u201eodbierane\u201d przez lustro podczas sprzeda\u017cy online<\/span>\n\t\t\t\t\t\t\t\t\t<\/li>\n\t\t\t\t\t\t\t\t<li class=\"elementor-icon-list-item\">\n\t\t\t\t\t\t\t\t\t\t\t<span class=\"elementor-icon-list-icon\">\n\t\t\t\t\t\t\t<i aria-hidden=\"true\" class=\"fas fa-dot-circle\"><\/i>\t\t\t\t\t\t<\/span>\n\t\t\t\t\t\t\t\t\t\t<span class=\"elementor-icon-list-text\"><b>Technologia<\/b> > Najnowsze technologie gwarantuj\u0105 optymaln\u0105 \u0142atwo\u015b\u0107 obs\u0142ugi, Spiegel sam naprawia awarie. Funkcja Autonomous Remote Automatic Helpdesk (unikalna technologia!). Rozmiary s\u0105 podpowiadane przez nasz\u0105 aplikacj\u0119 przy sprzeda\u017cy online (zmniejsza zwroty, zwi\u0119ksza satysfakcj\u0119). Analiza danych zoptymalizuje wykorzystanie lustra i podr\u00f3\u017c klienta<\/span>\n\t\t\t\t\t\t\t\t\t<\/li>\n\t\t\t\t\t\t<\/ul>\n\t\t\t\t<\/div>\n\t\t\t\t<\/div>\n\t\t\t\t\t<\/div>\n\t\t<\/div>\n\t\t\t\t<div class=\"elementor-column elementor-col-50 elementor-inner-column elementor-element elementor-element-06efae0\" data-id=\"06efae0\" data-element_type=\"column\">\n\t\t\t<div class=\"elementor-widget-wrap elementor-element-populated\">\n\t\t\t\t\t\t\t\t<div class=\"elementor-element elementor-element-374ae49 elementor-widget elementor-widget-heading\" data-id=\"374ae49\" data-element_type=\"widget\" data-widget_type=\"heading.default\">\n\t\t\t\t<div class=\"elementor-widget-container\">\n\t\t\t<h2 class=\"elementor-heading-title elementor-size-default\">Dlaczego w\u0142a\u015bnie my?<\/h2>\t\t<\/div>\n\t\t\t\t<\/div>\n\t\t\t\t<div class=\"elementor-element elementor-element-0401ec7 elementor-icon-list--layout-traditional elementor-list-item-link-full_width elementor-widget elementor-widget-icon-list\" data-id=\"0401ec7\" data-element_type=\"widget\" data-widget_type=\"icon-list.default\">\n\t\t\t\t<div class=\"elementor-widget-container\">\n\t\t\t\t\t<ul class=\"elementor-icon-list-items\">\n\t\t\t\t\t\t\t<li class=\"elementor-icon-list-item\">\n\t\t\t\t\t\t\t\t\t\t\t<span class=\"elementor-icon-list-icon\">\n\t\t\t\t\t\t\t<i aria-hidden=\"true\" class=\"fas fa-dot-circle\"><\/i>\t\t\t\t\t\t<\/span>\n\t\t\t\t\t\t\t\t\t\t<span class=\"elementor-icon-list-text\"><b>Lustro<\/b> > My Fashion Mirror to lustro, kt\u00f3rego ludzie i tak ju\u017c u\u017cywaj\u0105 i kt\u00f3re integruje technologi\u0119 interaktywn\u0105. Nie zawsze stosuje si\u0119 tradycyjny \u201eekran dotykowy\u201d, jest to wyb\u00f3r, a zatem pr\u00f3g dla ludzi.<\/span>\n\t\t\t\t\t\t\t\t\t<\/li>\n\t\t\t\t\t\t\t\t<li class=\"elementor-icon-list-item\">\n\t\t\t\t\t\t\t\t\t\t\t<span class=\"elementor-icon-list-icon\">\n\t\t\t\t\t\t\t<i aria-hidden=\"true\" class=\"fas fa-dot-circle\"><\/i>\t\t\t\t\t\t<\/span>\n\t\t\t\t\t\t\t\t\t\t<span class=\"elementor-icon-list-text\"><b>Samonaprawa<\/b> > Nasza autonomiczna funkcja automatycznego helpdesku to unikalna technologia, kt\u00f3ra gwarantuje, \u017ce nigdy wi\u0119cej nie b\u0119dziesz musia\u0142 dzwoni\u0107 do helpdesku w przypadku awarii! Je\u015bli wyst\u0105pi awaria, b\u0119dziemy o tym wiedzie\u0107, zanim si\u0119 zorientujesz. Nast\u0119pnie rozwi\u0105\u017cemy problem zdalnie.<\/span>\n\t\t\t\t\t\t\t\t\t<\/li>\n\t\t\t\t\t\t\t\t<li class=\"elementor-icon-list-item\">\n\t\t\t\t\t\t\t\t\t\t\t<span class=\"elementor-icon-list-icon\">\n\t\t\t\t\t\t\t<i aria-hidden=\"true\" class=\"fas fa-dot-circle\"><\/i>\t\t\t\t\t\t<\/span>\n\t\t\t\t\t\t\t\t\t\t<span class=\"elementor-icon-list-text\"><b>Jako\u015b\u0107<\/b> > jest naszym najwy\u017cszym priorytetem 1. Nasz materia\u0142 pozyskujemy g\u0142\u00f3wnie z Europy, a nasz\u0105 produkcj\u0119 prowadzimy \u201ewewn\u0119trznie\u201d w Holandii. Bez pasji nie ma jako\u015bci!<\/span>\n\t\t\t\t\t\t\t\t\t<\/li>\n\t\t\t\t\t\t\t\t<li class=\"elementor-icon-list-item\">\n\t\t\t\t\t\t\t\t\t\t\t<span class=\"elementor-icon-list-icon\">\n\t\t\t\t\t\t\t<i aria-hidden=\"true\" class=\"fas fa-dot-circle\"><\/i>\t\t\t\t\t\t<\/span>\n\t\t\t\t\t\t\t\t\t\t<span class=\"elementor-icon-list-text\"><b>Personalizacja<\/b> > Dla ka\u017cdego klienta tworzymy unikalny projekt, kt\u00f3ry optymalnie pasuje pod wzgl\u0119dem funkcjonalno\u015bci, przestrzeni i designu do ka\u017cdej lokalizacji i do ka\u017cdego do\u015bwiadczenia marki<\/span>\n\t\t\t\t\t\t\t\t\t<\/li>\n\t\t\t\t\t\t<\/ul>\n\t\t\t\t<\/div>\n\t\t\t\t<\/div>\n\t\t\t\t\t<\/div>\n\t\t<\/div>\n\t\t\t\t\t\t\t<\/div>\n\t\t<\/section>\n\t\t\t\t\t<\/div>\n\t\t<\/div>\n\t\t\t\t\t\t\t<\/div>\n\t\t<\/section>\n\t\t\t\t<section class=\"elementor-section elementor-top-section elementor-element elementor-element-a65d4f4 elementor-section-boxed elementor-section-height-default elementor-section-height-default\" data-id=\"a65d4f4\" data-element_type=\"section\">\n\t\t\t\t\t\t<div class=\"elementor-container elementor-column-gap-default\">\n\t\t\t\t\t<div class=\"elementor-column elementor-col-100 elementor-top-column elementor-element elementor-element-21c9003\" data-id=\"21c9003\" data-element_type=\"column\">\n\t\t\t<div class=\"elementor-widget-wrap elementor-element-populated\">\n\t\t\t\t\t\t\t\t<section class=\"elementor-section elementor-inner-section elementor-element elementor-element-0343d2a elementor-section-boxed elementor-section-height-default elementor-section-height-default\" data-id=\"0343d2a\" data-element_type=\"section\">\n\t\t\t\t\t\t<div class=\"elementor-container elementor-column-gap-default\">\n\t\t\t\t\t<div class=\"elementor-column elementor-col-50 elementor-inner-column elementor-element elementor-element-d736e3e\" data-id=\"d736e3e\" data-element_type=\"column\">\n\t\t\t<div class=\"elementor-widget-wrap\">\n\t\t\t\t\t\t\t\t\t<\/div>\n\t\t<\/div>\n\t\t\t\t<div class=\"elementor-column elementor-col-50 elementor-inner-column elementor-element elementor-element-838154a\" data-id=\"838154a\" data-element_type=\"column\">\n\t\t\t<div class=\"elementor-widget-wrap\">\n\t\t\t\t\t\t\t\t\t<\/div>\n\t\t<\/div>\n\t\t\t\t\t\t\t<\/div>\n\t\t<\/section>\n\t\t\t\t\t<\/div>\n\t\t<\/div>\n\t\t\t\t\t\t\t<\/div>\n\t\t<\/section>\n\t\t\t\t<section class=\"elementor-section elementor-top-section elementor-element elementor-element-7dccab2 elementor-section-boxed elementor-section-height-default elementor-section-height-default\" data-id=\"7dccab2\" data-element_type=\"section\">\n\t\t\t\t\t\t<div class=\"elementor-container elementor-column-gap-default\">\n\t\t\t\t\t<div class=\"elementor-column elementor-col-100 elementor-top-column elementor-element elementor-element-986dbb2\" data-id=\"986dbb2\" data-element_type=\"column\">\n\t\t\t<div class=\"elementor-widget-wrap\">\n\t\t\t\t\t\t\t\t\t<\/div>\n\t\t<\/div>\n\t\t\t\t\t\t\t<\/div>\n\t\t<\/section>\n\t\t\t\t\t\t<\/div>\n\t\t\t\t\t<\/div>\n\t\t","protected":false},"excerpt":{"rendered":"<p>\/\/Admirror My Suit Mirror Czy jeste\u015b gotowy na \u201enowy sklep\u201d? My Fashion Mirror \u0142\u0105czy sprzeda\u017c offline ze sprzeda\u017c\u0105 internetow\u0105 w interaktywnym lustrze na hali produkcyjnej i w przymierzalni. Fizyczne przymierzanie ubra\u0144 uzupe\u0142nione wygod\u0105 dostaw online i pomoc\u0105 w przymierzalni to tylko kilka prostych przyk\u0142ad\u00f3w ulepsze\u0144, jakie oferuje nasze lustro. Spraw, aby formu\u0142a Twojego sklepu by\u0142a [&hellip;]<\/p>\n","protected":false},"author":2,"featured_media":0,"parent":0,"menu_order":0,"comment_status":"closed","ping_status":"closed","template":"tpl-default-elementor.php","meta":{"_monsterinsights_skip_tracking":false,"_monsterinsights_sitenote_active":false,"_monsterinsights_sitenote_note":"","_monsterinsights_sitenote_category":0,"footnotes":""},"class_list":["post-2936","page","type-page","status-publish","hentry"],"yoast_head":"<!-- This site is optimized with the Yoast SEO plugin v26.7 - https:\/\/yoast.com\/wordpress\/plugins\/seo\/ -->\n<title>My Suit Mirror | Admirror<\/title>\n<meta name=\"robots\" content=\"index, follow, max-snippet:-1, max-image-preview:large, max-video-preview:-1\" \/>\n<link rel=\"canonical\" href=\"https:\/\/admirror.nl\/pl\/my-suit-mirror\/\" \/>\n<meta property=\"og:locale\" content=\"pl_PL\" \/>\n<meta property=\"og:type\" content=\"article\" \/>\n<meta property=\"og:title\" content=\"My Suit Mirror | Admirror\" \/>\n<meta property=\"og:description\" content=\"\/\/Admirror My Suit Mirror Czy jeste\u015b gotowy na \u201enowy sklep\u201d? My Fashion Mirror \u0142\u0105czy sprzeda\u017c offline ze sprzeda\u017c\u0105 internetow\u0105 w interaktywnym lustrze na hali produkcyjnej i w przymierzalni. Fizyczne przymierzanie ubra\u0144 uzupe\u0142nione wygod\u0105 dostaw online i pomoc\u0105 w przymierzalni to tylko kilka prostych przyk\u0142ad\u00f3w ulepsze\u0144, jakie oferuje nasze lustro. Spraw, aby formu\u0142a Twojego sklepu by\u0142a [&hellip;]\" \/>\n<meta property=\"og:url\" content=\"https:\/\/admirror.nl\/pl\/my-suit-mirror\/\" \/>\n<meta property=\"og:site_name\" content=\"Admirror\" \/>\n<meta property=\"article:publisher\" content=\"https:\/\/www.facebook.com\/Admirror\/\" \/>\n<meta property=\"article:modified_time\" content=\"2022-01-03T15:32:02+00:00\" \/>\n<meta property=\"og:image\" content=\"https:\/\/admirror.nl\/wp-content\/uploads\/2021\/12\/my-suit-mirror-admirror-logo.png\" \/>\n<meta name=\"twitter:card\" content=\"summary_large_image\" \/>\n<meta name=\"twitter:site\" content=\"@admirror\" \/>\n<meta name=\"twitter:label1\" content=\"Szacowany czas czytania\" \/>\n\t<meta name=\"twitter:data1\" content=\"2 minuty\" \/>\n<script type=\"application\/ld+json\" class=\"yoast-schema-graph\">{\"@context\":\"https:\/\/schema.org\",\"@graph\":[{\"@type\":\"WebPage\",\"@id\":\"https:\/\/admirror.nl\/pl\/my-suit-mirror\/\",\"url\":\"https:\/\/admirror.nl\/pl\/my-suit-mirror\/\",\"name\":\"My Suit Mirror | Admirror\",\"isPartOf\":{\"@id\":\"https:\/\/admirror.nl\/pl\/#website\"},\"primaryImageOfPage\":{\"@id\":\"https:\/\/admirror.nl\/pl\/my-suit-mirror\/#primaryimage\"},\"image\":{\"@id\":\"https:\/\/admirror.nl\/pl\/my-suit-mirror\/#primaryimage\"},\"thumbnailUrl\":\"https:\/\/admirror.nl\/wp-content\/uploads\/2021\/12\/my-suit-mirror-admirror-logo.png\",\"datePublished\":\"2021-05-28T09:34:10+00:00\",\"dateModified\":\"2022-01-03T15:32:02+00:00\",\"breadcrumb\":{\"@id\":\"https:\/\/admirror.nl\/pl\/my-suit-mirror\/#breadcrumb\"},\"inLanguage\":\"pl-PL\",\"potentialAction\":[{\"@type\":\"ReadAction\",\"target\":[\"https:\/\/admirror.nl\/pl\/my-suit-mirror\/\"]}]},{\"@type\":\"ImageObject\",\"inLanguage\":\"pl-PL\",\"@id\":\"https:\/\/admirror.nl\/pl\/my-suit-mirror\/#primaryimage\",\"url\":\"https:\/\/admirror.nl\/wp-content\/uploads\/2021\/12\/my-suit-mirror-admirror-logo.png\",\"contentUrl\":\"https:\/\/admirror.nl\/wp-content\/uploads\/2021\/12\/my-suit-mirror-admirror-logo.png\"},{\"@type\":\"BreadcrumbList\",\"@id\":\"https:\/\/admirror.nl\/pl\/my-suit-mirror\/#breadcrumb\",\"itemListElement\":[{\"@type\":\"ListItem\",\"position\":1,\"name\":\"Home\",\"item\":\"https:\/\/admirror.nl\/pl\/\"},{\"@type\":\"ListItem\",\"position\":2,\"name\":\"My Suit Mirror\"}]},{\"@type\":\"WebSite\",\"@id\":\"https:\/\/admirror.nl\/pl\/#website\",\"url\":\"https:\/\/admirror.nl\/pl\/\",\"name\":\"Admirror\",\"description\":\"Admirror\",\"publisher\":{\"@id\":\"https:\/\/admirror.nl\/pl\/#organization\"},\"potentialAction\":[{\"@type\":\"SearchAction\",\"target\":{\"@type\":\"EntryPoint\",\"urlTemplate\":\"https:\/\/admirror.nl\/pl\/?s={search_term_string}\"},\"query-input\":{\"@type\":\"PropertyValueSpecification\",\"valueRequired\":true,\"valueName\":\"search_term_string\"}}],\"inLanguage\":\"pl-PL\"},{\"@type\":\"Organization\",\"@id\":\"https:\/\/admirror.nl\/pl\/#organization\",\"name\":\"Admirror\",\"url\":\"https:\/\/admirror.nl\/pl\/\",\"logo\":{\"@type\":\"ImageObject\",\"inLanguage\":\"pl-PL\",\"@id\":\"https:\/\/admirror.nl\/pl\/#\/schema\/logo\/image\/\",\"url\":\"http:\/\/admirror.nl\/wp-content\/uploads\/2021\/05\/logo-admirror.png\",\"contentUrl\":\"http:\/\/admirror.nl\/wp-content\/uploads\/2021\/05\/logo-admirror.png\",\"width\":442,\"height\":118,\"caption\":\"Admirror\"},\"image\":{\"@id\":\"https:\/\/admirror.nl\/pl\/#\/schema\/logo\/image\/\"},\"sameAs\":[\"https:\/\/www.facebook.com\/Admirror\/\",\"https:\/\/x.com\/admirror\",\"https:\/\/www.instagram.com\/admirrorbv\/\",\"https:\/\/www.linkedin.com\/company\/admirror\",\"https:\/\/www.youtube.com\/user\/admirrorbv\"]}]}<\/script>\n<!-- \/ Yoast SEO plugin. -->","yoast_head_json":{"title":"My Suit Mirror | Admirror","robots":{"index":"index","follow":"follow","max-snippet":"max-snippet:-1","max-image-preview":"max-image-preview:large","max-video-preview":"max-video-preview:-1"},"canonical":"https:\/\/admirror.nl\/pl\/my-suit-mirror\/","og_locale":"pl_PL","og_type":"article","og_title":"My Suit Mirror | Admirror","og_description":"\/\/Admirror My Suit Mirror Czy jeste\u015b gotowy na \u201enowy sklep\u201d? My Fashion Mirror \u0142\u0105czy sprzeda\u017c offline ze sprzeda\u017c\u0105 internetow\u0105 w interaktywnym lustrze na hali produkcyjnej i w przymierzalni. Fizyczne przymierzanie ubra\u0144 uzupe\u0142nione wygod\u0105 dostaw online i pomoc\u0105 w przymierzalni to tylko kilka prostych przyk\u0142ad\u00f3w ulepsze\u0144, jakie oferuje nasze lustro. Spraw, aby formu\u0142a Twojego sklepu by\u0142a [&hellip;]","og_url":"https:\/\/admirror.nl\/pl\/my-suit-mirror\/","og_site_name":"Admirror","article_publisher":"https:\/\/www.facebook.com\/Admirror\/","article_modified_time":"2022-01-03T15:32:02+00:00","og_image":[{"url":"https:\/\/admirror.nl\/wp-content\/uploads\/2021\/12\/my-suit-mirror-admirror-logo.png","type":"","width":"","height":""}],"twitter_card":"summary_large_image","twitter_site":"@admirror","twitter_misc":{"Szacowany czas czytania":"2 minuty"},"schema":{"@context":"https:\/\/schema.org","@graph":[{"@type":"WebPage","@id":"https:\/\/admirror.nl\/pl\/my-suit-mirror\/","url":"https:\/\/admirror.nl\/pl\/my-suit-mirror\/","name":"My Suit Mirror | Admirror","isPartOf":{"@id":"https:\/\/admirror.nl\/pl\/#website"},"primaryImageOfPage":{"@id":"https:\/\/admirror.nl\/pl\/my-suit-mirror\/#primaryimage"},"image":{"@id":"https:\/\/admirror.nl\/pl\/my-suit-mirror\/#primaryimage"},"thumbnailUrl":"https:\/\/admirror.nl\/wp-content\/uploads\/2021\/12\/my-suit-mirror-admirror-logo.png","datePublished":"2021-05-28T09:34:10+00:00","dateModified":"2022-01-03T15:32:02+00:00","breadcrumb":{"@id":"https:\/\/admirror.nl\/pl\/my-suit-mirror\/#breadcrumb"},"inLanguage":"pl-PL","potentialAction":[{"@type":"ReadAction","target":["https:\/\/admirror.nl\/pl\/my-suit-mirror\/"]}]},{"@type":"ImageObject","inLanguage":"pl-PL","@id":"https:\/\/admirror.nl\/pl\/my-suit-mirror\/#primaryimage","url":"https:\/\/admirror.nl\/wp-content\/uploads\/2021\/12\/my-suit-mirror-admirror-logo.png","contentUrl":"https:\/\/admirror.nl\/wp-content\/uploads\/2021\/12\/my-suit-mirror-admirror-logo.png"},{"@type":"BreadcrumbList","@id":"https:\/\/admirror.nl\/pl\/my-suit-mirror\/#breadcrumb","itemListElement":[{"@type":"ListItem","position":1,"name":"Home","item":"https:\/\/admirror.nl\/pl\/"},{"@type":"ListItem","position":2,"name":"My Suit Mirror"}]},{"@type":"WebSite","@id":"https:\/\/admirror.nl\/pl\/#website","url":"https:\/\/admirror.nl\/pl\/","name":"Admirror","description":"Admirror","publisher":{"@id":"https:\/\/admirror.nl\/pl\/#organization"},"potentialAction":[{"@type":"SearchAction","target":{"@type":"EntryPoint","urlTemplate":"https:\/\/admirror.nl\/pl\/?s={search_term_string}"},"query-input":{"@type":"PropertyValueSpecification","valueRequired":true,"valueName":"search_term_string"}}],"inLanguage":"pl-PL"},{"@type":"Organization","@id":"https:\/\/admirror.nl\/pl\/#organization","name":"Admirror","url":"https:\/\/admirror.nl\/pl\/","logo":{"@type":"ImageObject","inLanguage":"pl-PL","@id":"https:\/\/admirror.nl\/pl\/#\/schema\/logo\/image\/","url":"http:\/\/admirror.nl\/wp-content\/uploads\/2021\/05\/logo-admirror.png","contentUrl":"http:\/\/admirror.nl\/wp-content\/uploads\/2021\/05\/logo-admirror.png","width":442,"height":118,"caption":"Admirror"},"image":{"@id":"https:\/\/admirror.nl\/pl\/#\/schema\/logo\/image\/"},"sameAs":["https:\/\/www.facebook.com\/Admirror\/","https:\/\/x.com\/admirror","https:\/\/www.instagram.com\/admirrorbv\/","https:\/\/www.linkedin.com\/company\/admirror","https:\/\/www.youtube.com\/user\/admirrorbv"]}]}},"_links":{"self":[{"href":"https:\/\/admirror.nl\/pl\/wp-json\/wp\/v2\/pages\/2936","targetHints":{"allow":["GET"]}}],"collection":[{"href":"https:\/\/admirror.nl\/pl\/wp-json\/wp\/v2\/pages"}],"about":[{"href":"https:\/\/admirror.nl\/pl\/wp-json\/wp\/v2\/types\/page"}],"author":[{"embeddable":true,"href":"https:\/\/admirror.nl\/pl\/wp-json\/wp\/v2\/users\/2"}],"replies":[{"embeddable":true,"href":"https:\/\/admirror.nl\/pl\/wp-json\/wp\/v2\/comments?post=2936"}],"version-history":[{"count":6,"href":"https:\/\/admirror.nl\/pl\/wp-json\/wp\/v2\/pages\/2936\/revisions"}],"predecessor-version":[{"id":5168,"href":"https:\/\/admirror.nl\/pl\/wp-json\/wp\/v2\/pages\/2936\/revisions\/5168"}],"wp:attachment":[{"href":"https:\/\/admirror.nl\/pl\/wp-json\/wp\/v2\/media?parent=2936"}],"curies":[{"name":"wp","href":"https:\/\/api.w.org\/{rel}","templated":true}]}}