{"id":3806,"date":"2021-05-28T09:34:10","date_gmt":"2021-05-28T09:34:10","guid":{"rendered":"http:\/\/admirror.nl\/?page_id=3806"},"modified":"2022-01-03T15:34:10","modified_gmt":"2022-01-03T15:34:10","slug":"my-suit-mirror","status":"publish","type":"page","link":"https:\/\/admirror.nl\/ga\/my-suit-mirror\/","title":{"rendered":"My Suit Mirror"},"content":{"rendered":"\t\t<div data-elementor-type=\"wp-page\" data-elementor-id=\"3806\" class=\"elementor elementor-3806 elementor-2198\" data-elementor-settings=\"[]\">\n\t\t\t\t\t\t\t<div class=\"elementor-section-wrap\">\n\t\t\t\t\t\t\t<section class=\"elementor-section elementor-top-section elementor-element elementor-element-c22271a elementor-section-full_width elementor-section-height-default elementor-section-height-default\" data-id=\"c22271a\" data-element_type=\"section\">\n\t\t\t\t\t\t<div class=\"elementor-container elementor-column-gap-default\">\n\t\t\t\t\t<div class=\"elementor-column elementor-col-100 elementor-top-column elementor-element elementor-element-405b881\" data-id=\"405b881\" data-element_type=\"column\">\n\t\t\t<div class=\"elementor-widget-wrap elementor-element-populated\">\n\t\t\t\t\t\t\t\t<div class=\"elementor-element elementor-element-2394492 elementor-widget elementor-widget-topika_about_company\" data-id=\"2394492\" data-element_type=\"widget\" data-widget_type=\"topika_about_company.default\">\n\t\t\t\t<div class=\"elementor-widget-container\">\n\t\t\t\r\n        <!-- about-style-four -->\r\n        <section class=\"about-style-four\">\r\n            <div class=\"auto-container\">\r\n                <div class=\"row clearfix\">\r\n                    <div class=\"col-lg-6 col-md-12 col-sm-12 content-column\">\r\n                        <div id=\"content_block_8\">\r\n                            <div class=\"content-box mr-10\">\r\n                                <div class=\"sec-title\">\r\n                                    <h5><span>\/\/<\/span>Admirror<\/h5>\r\n                                    <h2>My Suit Mirror\n<br \/><\/h2>\r\n                                <\/div>\r\n                                <div class=\"text\">\r\n                                    An bhfuil t\u00fa r\u00e9idh le haghaidh 'an siopa nua'?<br \/><br \/>Aonta\u00edonn My Fashion Mirror as l\u00edne le miond\u00edol ar l\u00edne i sc\u00e1th\u00e1n idirghn\u00edomhach ar url\u00e1r an tsiopa agus sa seomra feisti\u00fach\u00e1in. N\u00edl i bhfeisti\u00fa fisiceach \u00e9ada\u00ed arna fhorl\u00edonadh le h\u00e1isi\u00falacht sol\u00e1thairt\u00ed ar l\u00edne agus cabhair sa seomra feisti\u00fach\u00e1in ach c\u00fapla sampla simpl\u00ed de na feabhsuithe a thairgeann \u00e1r sc\u00e1th\u00e1n. D\u00e9an cruth\u00fanas todhcha\u00ed ar fhoirmle do st\u00f3r len\u00e1r sc\u00e1th\u00e1n idirghn\u00edomhach agus seol r\u00edomhphost chugainn le haghaidh tuilleadh faisn\u00e9ise <a href=\"mailto:dirk@admirror.nl\">dirk@admirror.nl<\/a>                                <\/div>\r\n                                                                <div class=\"btn-box\">\r\n                                \t<a href=\"\/ga\/iarr-luachan\/\" class=\"theme-btn-one\">Iarr luachan<\/a>\r\n                                <\/div>\r\n                                                            <\/div>\r\n                        <\/div>\r\n                    <\/div>\r\n                    <div class=\"col-lg-6 col-md-12 col-sm-12 image-column\">\r\n                        <div id=\"image_block_6\">\r\n                            <div class=\"image-box\">\r\n                                <div class=\"pattern\">\r\n                                    <div class=\"pattern-1\" style=\"background-image: url(https:\/\/admirror.nl\/wp-content\/themes\/admirror\/assets\/images\/shape\/pattern-59.png);\"><\/div>\r\n                                    <div class=\"pattern-2\" style=\"background-image: url(https:\/\/admirror.nl\/wp-content\/themes\/admirror\/assets\/images\/shape\/pattern-60.png);\"><\/div>\r\n                                <\/div>\r\n                                <figure class=\"image\"><img decoding=\"async\" src=\"https:\/\/admirror.nl\/wp-content\/uploads\/2021\/12\/my-suit-mirror-admirror-logo.png\" alt=\"Awesome Image\"><\/figure>\r\n                            <\/div>\r\n                        <\/div>\r\n                    <\/div>\r\n                <\/div>\r\n            <\/div>\r\n        <\/section>\r\n        <!-- about-style-four end -->\r\n\r\n        \t\t<\/div>\n\t\t\t\t<\/div>\n\t\t\t\t<section class=\"elementor-section elementor-inner-section elementor-element elementor-element-9c8a6ef elementor-section-boxed elementor-section-height-default elementor-section-height-default\" data-id=\"9c8a6ef\" data-element_type=\"section\">\n\t\t\t\t\t\t<div class=\"elementor-container elementor-column-gap-default\">\n\t\t\t\t\t<div class=\"elementor-column elementor-col-50 elementor-inner-column elementor-element elementor-element-fda34ff\" data-id=\"fda34ff\" data-element_type=\"column\">\n\t\t\t<div class=\"elementor-widget-wrap elementor-element-populated\">\n\t\t\t\t\t\t\t\t<div class=\"elementor-element elementor-element-09fc447 elementor-widget elementor-widget-heading\" data-id=\"09fc447\" data-element_type=\"widget\" data-widget_type=\"heading.default\">\n\t\t\t\t<div class=\"elementor-widget-container\">\n\t\t\t<h2 class=\"elementor-heading-title elementor-size-default\">Crutha\u00edonn My Fashion Mirror:<\/h2>\t\t<\/div>\n\t\t\t\t<\/div>\n\t\t\t\t<div class=\"elementor-element elementor-element-148086e elementor-icon-list--layout-traditional elementor-list-item-link-full_width elementor-widget elementor-widget-icon-list\" data-id=\"148086e\" data-element_type=\"widget\" data-widget_type=\"icon-list.default\">\n\t\t\t\t<div class=\"elementor-widget-container\">\n\t\t\t\t\t<ul class=\"elementor-icon-list-items\">\n\t\t\t\t\t\t\t<li class=\"elementor-icon-list-item\">\n\t\t\t\t\t\t\t\t\t\t\t<span class=\"elementor-icon-list-icon\">\n\t\t\t\t\t\t\t<i aria-hidden=\"true\" class=\"fas fa-dot-circle\"><\/i>\t\t\t\t\t\t<\/span>\n\t\t\t\t\t\t\t\t\t\t<span class=\"elementor-icon-list-text\">Taith\u00ed siopad\u00f3ireachta deiridh<\/span>\n\t\t\t\t\t\t\t\t\t<\/li>\n\t\t\t\t\t\t\t\t<li class=\"elementor-icon-list-item\">\n\t\t\t\t\t\t\t\t\t\t\t<span class=\"elementor-icon-list-icon\">\n\t\t\t\t\t\t\t<i aria-hidden=\"true\" class=\"fas fa-dot-circle\"><\/i>\t\t\t\t\t\t<\/span>\n\t\t\t\t\t\t\t\t\t\t<span class=\"elementor-icon-list-text\">C\u00f3nascadh As L\u00edne le Ar L\u00edne<\/span>\n\t\t\t\t\t\t\t\t\t<\/li>\n\t\t\t\t\t\t\t\t<li class=\"elementor-icon-list-item\">\n\t\t\t\t\t\t\t\t\t\t\t<span class=\"elementor-icon-list-icon\">\n\t\t\t\t\t\t\t<i aria-hidden=\"true\" class=\"fas fa-dot-circle\"><\/i>\t\t\t\t\t\t<\/span>\n\t\t\t\t\t\t\t\t\t\t<span class=\"elementor-icon-list-text\">An pr\u00f3iseas ceannaigh agus an tiont\u00fa a bharrfheabhs\u00fa<\/span>\n\t\t\t\t\t\t\t\t\t<\/li>\n\t\t\t\t\t\t<\/ul>\n\t\t\t\t<\/div>\n\t\t\t\t<\/div>\n\t\t\t\t<div class=\"elementor-element elementor-element-7b8cc12 elementor-widget elementor-widget-heading\" data-id=\"7b8cc12\" data-element_type=\"widget\" data-widget_type=\"heading.default\">\n\t\t\t\t<div class=\"elementor-widget-container\">\n\t\t\t<h2 class=\"elementor-heading-title elementor-size-default\">Conas?<\/h2>\t\t<\/div>\n\t\t\t\t<\/div>\n\t\t\t\t<div class=\"elementor-element elementor-element-78e0562 elementor-icon-list--layout-traditional elementor-list-item-link-full_width elementor-widget elementor-widget-icon-list\" data-id=\"78e0562\" data-element_type=\"widget\" data-widget_type=\"icon-list.default\">\n\t\t\t\t<div class=\"elementor-widget-container\">\n\t\t\t\t\t<ul class=\"elementor-icon-list-items\">\n\t\t\t\t\t\t\t<li class=\"elementor-icon-list-item\">\n\t\t\t\t\t\t\t\t\t\t\t<span class=\"elementor-icon-list-icon\">\n\t\t\t\t\t\t\t<i aria-hidden=\"true\" class=\"fas fa-dot-circle\"><\/i>\t\t\t\t\t\t<\/span>\n\t\t\t\t\t\t\t\t\t\t<span class=\"elementor-icon-list-text\"><b>Moth\u00fach\u00e1n<\/b> > Taith\u00ed branda sa limist\u00e9ar feisti\u00fach\u00e1in, iarratas ar ch\u00fanamh \u00f3n seomra feisti\u00fach\u00e1in<\/span>\n\t\t\t\t\t\t\t\t\t<\/li>\n\t\t\t\t\t\t\t\t<li class=\"elementor-icon-list-item\">\n\t\t\t\t\t\t\t\t\t\t\t<span class=\"elementor-icon-list-icon\">\n\t\t\t\t\t\t\t<i aria-hidden=\"true\" class=\"fas fa-dot-circle\"><\/i>\t\t\t\t\t\t<\/span>\n\t\t\t\t\t\t\t\t\t\t<span class=\"elementor-icon-list-text\"><b>\u00c1isi\u00falacht<\/b> > Tuigeann gach duine an sc\u00e1th\u00e1n agus ainmn\u00edonn an sc\u00e1th\u00e1n ainm an chustaim\u00e9ara agus an seoladh go huathoibr\u00edoch le linn d\u00edolach\u00e1in ar l\u00edne<\/span>\n\t\t\t\t\t\t\t\t\t<\/li>\n\t\t\t\t\t\t\t\t<li class=\"elementor-icon-list-item\">\n\t\t\t\t\t\t\t\t\t\t\t<span class=\"elementor-icon-list-icon\">\n\t\t\t\t\t\t\t<i aria-hidden=\"true\" class=\"fas fa-dot-circle\"><\/i>\t\t\t\t\t\t<\/span>\n\t\t\t\t\t\t\t\t\t\t<span class=\"elementor-icon-list-text\"><b>Teicneola\u00edocht<\/b> > R\u00e1tha\u00edonn na teicneola\u00edochta\u00ed is d\u00e9ana\u00ed an cairdi\u00falacht \u00fas\u00e1ideora is fearr is f\u00e9idir, d\u00e9anann Spiegel m\u00edfheidhmeanna f\u00e9in a dheisi\u00fa. Feidhmi\u00falacht Deasc Chabhrach Uathoibr\u00edoch Uathoibr\u00edoch Uathrialach (teicneola\u00edocht uath\u00fail!). Cuireann \u00e1r n-aip comhairle ar mh\u00e9ideanna agus iad ag d\u00edol ar l\u00edne (laghda\u00edonn s\u00e9 tortha\u00ed, m\u00e9ada\u00edonn s\u00e9 s\u00e1stacht). D\u00e9anfaidh anail\u00eds sonra\u00ed an \u00fas\u00e1id sc\u00e1th\u00e1in agus turas an chustaim\u00e9ara a bharrfheabhs\u00fa<\/span>\n\t\t\t\t\t\t\t\t\t<\/li>\n\t\t\t\t\t\t<\/ul>\n\t\t\t\t<\/div>\n\t\t\t\t<\/div>\n\t\t\t\t\t<\/div>\n\t\t<\/div>\n\t\t\t\t<div class=\"elementor-column elementor-col-50 elementor-inner-column elementor-element elementor-element-06efae0\" data-id=\"06efae0\" data-element_type=\"column\">\n\t\t\t<div class=\"elementor-widget-wrap elementor-element-populated\">\n\t\t\t\t\t\t\t\t<div class=\"elementor-element elementor-element-374ae49 elementor-widget elementor-widget-heading\" data-id=\"374ae49\" data-element_type=\"widget\" data-widget_type=\"heading.default\">\n\t\t\t\t<div class=\"elementor-widget-container\">\n\t\t\t<h2 class=\"elementor-heading-title elementor-size-default\">C\u00e9n f\u00e1th a roghna\u00edonn muid?<\/h2>\t\t<\/div>\n\t\t\t\t<\/div>\n\t\t\t\t<div class=\"elementor-element elementor-element-0401ec7 elementor-icon-list--layout-traditional elementor-list-item-link-full_width elementor-widget elementor-widget-icon-list\" data-id=\"0401ec7\" data-element_type=\"widget\" data-widget_type=\"icon-list.default\">\n\t\t\t\t<div class=\"elementor-widget-container\">\n\t\t\t\t\t<ul class=\"elementor-icon-list-items\">\n\t\t\t\t\t\t\t<li class=\"elementor-icon-list-item\">\n\t\t\t\t\t\t\t\t\t\t\t<span class=\"elementor-icon-list-icon\">\n\t\t\t\t\t\t\t<i aria-hidden=\"true\" class=\"fas fa-dot-circle\"><\/i>\t\t\t\t\t\t<\/span>\n\t\t\t\t\t\t\t\t\t\t<span class=\"elementor-icon-list-text\"><b>Sc\u00e1th\u00e1n<\/b> > Is sc\u00e1th\u00e1n \u00e9 mo Sc\u00e1th\u00e1n Faisin a \u00fas\u00e1ideann daoine cheana f\u00e9in ar aon n\u00f3s agus a chomhth\u00e1tha\u00edonn teicneola\u00edocht idirghn\u00edomhach. N\u00ed \u00fas\u00e1idtear \u2018sc\u00e1ile\u00e1n tadhaill\u2019 traidisi\u00fanta i gc\u00f3na\u00ed, is rogha \u00e9 seo agus mar sin tairseach do dhaoine.<\/span>\n\t\t\t\t\t\t\t\t\t<\/li>\n\t\t\t\t\t\t\t\t<li class=\"elementor-icon-list-item\">\n\t\t\t\t\t\t\t\t\t\t\t<span class=\"elementor-icon-list-icon\">\n\t\t\t\t\t\t\t<i aria-hidden=\"true\" class=\"fas fa-dot-circle\"><\/i>\t\t\t\t\t\t<\/span>\n\t\t\t\t\t\t\t\t\t\t<span class=\"elementor-icon-list-text\"><b>F\u00e9in-leigheas<\/b> > Is teicneola\u00edocht uath\u00fail \u00ed \u00e1r bhfeidhmi\u00falacht deasc chabhrach uathrialach uathoibr\u00edoch a chinnt\u00edonn nach gcaithfidh t\u00fa deasc chabhrach a ghlaoch ar\u00eds i gc\u00e1s m\u00edfheidhmithe! M\u00e1 tharla\u00edonn m\u00edfheidhmi\u00fa, beidh a fhios againn faoi sula dtuigeann t\u00fa \u00e9. Ansin d\u00e9anfaimid an fhadhb a r\u00e9iteach duit go cianda.<\/span>\n\t\t\t\t\t\t\t\t\t<\/li>\n\t\t\t\t\t\t\t\t<li class=\"elementor-icon-list-item\">\n\t\t\t\t\t\t\t\t\t\t\t<span class=\"elementor-icon-list-icon\">\n\t\t\t\t\t\t\t<i aria-hidden=\"true\" class=\"fas fa-dot-circle\"><\/i>\t\t\t\t\t\t<\/span>\n\t\t\t\t\t\t\t\t\t\t<span class=\"elementor-icon-list-text\"><b>Is \u00e9 c\u00e1il\u00edocht<\/b> > \u00e1r bpr\u00edomhthosa\u00edocht 1. Faighimid \u00e1r n-\u00e1bhar \u00f3n Eoraip den chuid is m\u00f3 agus t\u00e1 \u00e1r dt\u00e1irgeadh 'int\u00ed' san \u00cdsilt\u00edr. Gan paisean n\u00edl aon ch\u00e1il\u00edocht ann!<\/span>\n\t\t\t\t\t\t\t\t\t<\/li>\n\t\t\t\t\t\t\t\t<li class=\"elementor-icon-list-item\">\n\t\t\t\t\t\t\t\t\t\t\t<span class=\"elementor-icon-list-icon\">\n\t\t\t\t\t\t\t<i aria-hidden=\"true\" class=\"fas fa-dot-circle\"><\/i>\t\t\t\t\t\t<\/span>\n\t\t\t\t\t\t\t\t\t\t<span class=\"elementor-icon-list-text\"><b>Saincheapadh<\/b> > Crutha\u00edmid dearadh uath\u00fail do gach custaim\u00e9ir a lu\u00edonn go barrmhaith le feidhmi\u00falacht, sp\u00e1s agus dearadh i ngach su\u00edomh agus do gach taith\u00ed branda<\/span>\n\t\t\t\t\t\t\t\t\t<\/li>\n\t\t\t\t\t\t<\/ul>\n\t\t\t\t<\/div>\n\t\t\t\t<\/div>\n\t\t\t\t\t<\/div>\n\t\t<\/div>\n\t\t\t\t\t\t\t<\/div>\n\t\t<\/section>\n\t\t\t\t\t<\/div>\n\t\t<\/div>\n\t\t\t\t\t\t\t<\/div>\n\t\t<\/section>\n\t\t\t\t<section class=\"elementor-section elementor-top-section elementor-element elementor-element-a65d4f4 elementor-section-boxed elementor-section-height-default elementor-section-height-default\" data-id=\"a65d4f4\" data-element_type=\"section\">\n\t\t\t\t\t\t<div class=\"elementor-container elementor-column-gap-default\">\n\t\t\t\t\t<div class=\"elementor-column elementor-col-100 elementor-top-column elementor-element elementor-element-21c9003\" data-id=\"21c9003\" data-element_type=\"column\">\n\t\t\t<div class=\"elementor-widget-wrap elementor-element-populated\">\n\t\t\t\t\t\t\t\t<section class=\"elementor-section elementor-inner-section elementor-element elementor-element-0343d2a elementor-section-boxed elementor-section-height-default elementor-section-height-default\" data-id=\"0343d2a\" data-element_type=\"section\">\n\t\t\t\t\t\t<div class=\"elementor-container elementor-column-gap-default\">\n\t\t\t\t\t<div class=\"elementor-column elementor-col-50 elementor-inner-column elementor-element elementor-element-d736e3e\" data-id=\"d736e3e\" data-element_type=\"column\">\n\t\t\t<div class=\"elementor-widget-wrap\">\n\t\t\t\t\t\t\t\t\t<\/div>\n\t\t<\/div>\n\t\t\t\t<div class=\"elementor-column elementor-col-50 elementor-inner-column elementor-element elementor-element-838154a\" data-id=\"838154a\" data-element_type=\"column\">\n\t\t\t<div class=\"elementor-widget-wrap\">\n\t\t\t\t\t\t\t\t\t<\/div>\n\t\t<\/div>\n\t\t\t\t\t\t\t<\/div>\n\t\t<\/section>\n\t\t\t\t\t<\/div>\n\t\t<\/div>\n\t\t\t\t\t\t\t<\/div>\n\t\t<\/section>\n\t\t\t\t<section class=\"elementor-section elementor-top-section elementor-element elementor-element-7dccab2 elementor-section-boxed elementor-section-height-default elementor-section-height-default\" data-id=\"7dccab2\" data-element_type=\"section\">\n\t\t\t\t\t\t<div class=\"elementor-container elementor-column-gap-default\">\n\t\t\t\t\t<div class=\"elementor-column elementor-col-100 elementor-top-column elementor-element elementor-element-986dbb2\" data-id=\"986dbb2\" data-element_type=\"column\">\n\t\t\t<div class=\"elementor-widget-wrap\">\n\t\t\t\t\t\t\t\t\t<\/div>\n\t\t<\/div>\n\t\t\t\t\t\t\t<\/div>\n\t\t<\/section>\n\t\t\t\t\t\t<\/div>\n\t\t\t\t\t<\/div>\n\t\t","protected":false},"excerpt":{"rendered":"<p>\/\/Admirror My Suit Mirror An bhfuil t\u00fa r\u00e9idh le haghaidh &#8216;an siopa nua&#8217;? Aonta\u00edonn My Fashion Mirror as l\u00edne le miond\u00edol ar l\u00edne i sc\u00e1th\u00e1n idirghn\u00edomhach ar url\u00e1r an tsiopa agus sa seomra feisti\u00fach\u00e1in. N\u00edl i bhfeisti\u00fa fisiceach \u00e9ada\u00ed arna fhorl\u00edonadh le h\u00e1isi\u00falacht sol\u00e1thairt\u00ed ar l\u00edne agus cabhair sa seomra feisti\u00fach\u00e1in ach c\u00fapla sampla simpl\u00ed [&hellip;]<\/p>\n","protected":false},"author":2,"featured_media":0,"parent":0,"menu_order":0,"comment_status":"closed","ping_status":"closed","template":"tpl-default-elementor.php","meta":{"_monsterinsights_skip_tracking":false,"_monsterinsights_sitenote_active":false,"_monsterinsights_sitenote_note":"","_monsterinsights_sitenote_category":0,"footnotes":""},"class_list":["post-3806","page","type-page","status-publish","hentry"],"yoast_head":"<!-- This site is optimized with the Yoast SEO plugin v26.7 - https:\/\/yoast.com\/wordpress\/plugins\/seo\/ -->\n<title>My Suit Mirror | Admirror<\/title>\n<meta name=\"robots\" content=\"index, follow, max-snippet:-1, max-image-preview:large, max-video-preview:-1\" \/>\n<link rel=\"canonical\" href=\"https:\/\/admirror.nl\/ga\/my-suit-mirror\/\" \/>\n<meta property=\"og:locale\" content=\"ga_IE\" \/>\n<meta property=\"og:type\" content=\"article\" \/>\n<meta property=\"og:title\" content=\"My Suit Mirror | Admirror\" \/>\n<meta property=\"og:description\" content=\"\/\/Admirror My Suit Mirror An bhfuil t\u00fa r\u00e9idh le haghaidh &#8216;an siopa nua&#8217;? Aonta\u00edonn My Fashion Mirror as l\u00edne le miond\u00edol ar l\u00edne i sc\u00e1th\u00e1n idirghn\u00edomhach ar url\u00e1r an tsiopa agus sa seomra feisti\u00fach\u00e1in. N\u00edl i bhfeisti\u00fa fisiceach \u00e9ada\u00ed arna fhorl\u00edonadh le h\u00e1isi\u00falacht sol\u00e1thairt\u00ed ar l\u00edne agus cabhair sa seomra feisti\u00fach\u00e1in ach c\u00fapla sampla simpl\u00ed [&hellip;]\" \/>\n<meta property=\"og:url\" content=\"https:\/\/admirror.nl\/ga\/my-suit-mirror\/\" \/>\n<meta property=\"og:site_name\" content=\"Admirror\" \/>\n<meta property=\"article:publisher\" content=\"https:\/\/www.facebook.com\/Admirror\/\" \/>\n<meta property=\"article:modified_time\" content=\"2022-01-03T15:34:10+00:00\" \/>\n<meta property=\"og:image\" content=\"https:\/\/admirror.nl\/wp-content\/uploads\/2021\/12\/my-suit-mirror-admirror-logo.png\" \/>\n<meta name=\"twitter:card\" content=\"summary_large_image\" \/>\n<meta name=\"twitter:site\" content=\"@admirror\" \/>\n<meta name=\"twitter:label1\" content=\"Est. reading time\" \/>\n\t<meta name=\"twitter:data1\" content=\"2 minutes\" \/>\n<script type=\"application\/ld+json\" class=\"yoast-schema-graph\">{\"@context\":\"https:\/\/schema.org\",\"@graph\":[{\"@type\":\"WebPage\",\"@id\":\"https:\/\/admirror.nl\/ga\/my-suit-mirror\/\",\"url\":\"https:\/\/admirror.nl\/ga\/my-suit-mirror\/\",\"name\":\"My Suit Mirror | Admirror\",\"isPartOf\":{\"@id\":\"https:\/\/admirror.nl\/ga\/#website\"},\"primaryImageOfPage\":{\"@id\":\"https:\/\/admirror.nl\/ga\/my-suit-mirror\/#primaryimage\"},\"image\":{\"@id\":\"https:\/\/admirror.nl\/ga\/my-suit-mirror\/#primaryimage\"},\"thumbnailUrl\":\"https:\/\/admirror.nl\/wp-content\/uploads\/2021\/12\/my-suit-mirror-admirror-logo.png\",\"datePublished\":\"2021-05-28T09:34:10+00:00\",\"dateModified\":\"2022-01-03T15:34:10+00:00\",\"breadcrumb\":{\"@id\":\"https:\/\/admirror.nl\/ga\/my-suit-mirror\/#breadcrumb\"},\"inLanguage\":\"ga-IE\",\"potentialAction\":[{\"@type\":\"ReadAction\",\"target\":[\"https:\/\/admirror.nl\/ga\/my-suit-mirror\/\"]}]},{\"@type\":\"ImageObject\",\"inLanguage\":\"ga-IE\",\"@id\":\"https:\/\/admirror.nl\/ga\/my-suit-mirror\/#primaryimage\",\"url\":\"https:\/\/admirror.nl\/wp-content\/uploads\/2021\/12\/my-suit-mirror-admirror-logo.png\",\"contentUrl\":\"https:\/\/admirror.nl\/wp-content\/uploads\/2021\/12\/my-suit-mirror-admirror-logo.png\"},{\"@type\":\"BreadcrumbList\",\"@id\":\"https:\/\/admirror.nl\/ga\/my-suit-mirror\/#breadcrumb\",\"itemListElement\":[{\"@type\":\"ListItem\",\"position\":1,\"name\":\"Home\",\"item\":\"https:\/\/admirror.nl\/ga\/\"},{\"@type\":\"ListItem\",\"position\":2,\"name\":\"My Suit Mirror\"}]},{\"@type\":\"WebSite\",\"@id\":\"https:\/\/admirror.nl\/ga\/#website\",\"url\":\"https:\/\/admirror.nl\/ga\/\",\"name\":\"Admirror\",\"description\":\"Admirror\",\"publisher\":{\"@id\":\"https:\/\/admirror.nl\/ga\/#organization\"},\"potentialAction\":[{\"@type\":\"SearchAction\",\"target\":{\"@type\":\"EntryPoint\",\"urlTemplate\":\"https:\/\/admirror.nl\/ga\/?s={search_term_string}\"},\"query-input\":{\"@type\":\"PropertyValueSpecification\",\"valueRequired\":true,\"valueName\":\"search_term_string\"}}],\"inLanguage\":\"ga-IE\"},{\"@type\":\"Organization\",\"@id\":\"https:\/\/admirror.nl\/ga\/#organization\",\"name\":\"Admirror\",\"url\":\"https:\/\/admirror.nl\/ga\/\",\"logo\":{\"@type\":\"ImageObject\",\"inLanguage\":\"ga-IE\",\"@id\":\"https:\/\/admirror.nl\/ga\/#\/schema\/logo\/image\/\",\"url\":\"http:\/\/admirror.nl\/wp-content\/uploads\/2021\/05\/logo-admirror.png\",\"contentUrl\":\"http:\/\/admirror.nl\/wp-content\/uploads\/2021\/05\/logo-admirror.png\",\"width\":442,\"height\":118,\"caption\":\"Admirror\"},\"image\":{\"@id\":\"https:\/\/admirror.nl\/ga\/#\/schema\/logo\/image\/\"},\"sameAs\":[\"https:\/\/www.facebook.com\/Admirror\/\",\"https:\/\/x.com\/admirror\",\"https:\/\/www.instagram.com\/admirrorbv\/\",\"https:\/\/www.linkedin.com\/company\/admirror\",\"https:\/\/www.youtube.com\/user\/admirrorbv\"]}]}<\/script>\n<!-- \/ Yoast SEO plugin. -->","yoast_head_json":{"title":"My Suit Mirror | Admirror","robots":{"index":"index","follow":"follow","max-snippet":"max-snippet:-1","max-image-preview":"max-image-preview:large","max-video-preview":"max-video-preview:-1"},"canonical":"https:\/\/admirror.nl\/ga\/my-suit-mirror\/","og_locale":"ga_IE","og_type":"article","og_title":"My Suit Mirror | Admirror","og_description":"\/\/Admirror My Suit Mirror An bhfuil t\u00fa r\u00e9idh le haghaidh &#8216;an siopa nua&#8217;? Aonta\u00edonn My Fashion Mirror as l\u00edne le miond\u00edol ar l\u00edne i sc\u00e1th\u00e1n idirghn\u00edomhach ar url\u00e1r an tsiopa agus sa seomra feisti\u00fach\u00e1in. N\u00edl i bhfeisti\u00fa fisiceach \u00e9ada\u00ed arna fhorl\u00edonadh le h\u00e1isi\u00falacht sol\u00e1thairt\u00ed ar l\u00edne agus cabhair sa seomra feisti\u00fach\u00e1in ach c\u00fapla sampla simpl\u00ed [&hellip;]","og_url":"https:\/\/admirror.nl\/ga\/my-suit-mirror\/","og_site_name":"Admirror","article_publisher":"https:\/\/www.facebook.com\/Admirror\/","article_modified_time":"2022-01-03T15:34:10+00:00","og_image":[{"url":"https:\/\/admirror.nl\/wp-content\/uploads\/2021\/12\/my-suit-mirror-admirror-logo.png","type":"","width":"","height":""}],"twitter_card":"summary_large_image","twitter_site":"@admirror","twitter_misc":{"Est. reading time":"2 minutes"},"schema":{"@context":"https:\/\/schema.org","@graph":[{"@type":"WebPage","@id":"https:\/\/admirror.nl\/ga\/my-suit-mirror\/","url":"https:\/\/admirror.nl\/ga\/my-suit-mirror\/","name":"My Suit Mirror | Admirror","isPartOf":{"@id":"https:\/\/admirror.nl\/ga\/#website"},"primaryImageOfPage":{"@id":"https:\/\/admirror.nl\/ga\/my-suit-mirror\/#primaryimage"},"image":{"@id":"https:\/\/admirror.nl\/ga\/my-suit-mirror\/#primaryimage"},"thumbnailUrl":"https:\/\/admirror.nl\/wp-content\/uploads\/2021\/12\/my-suit-mirror-admirror-logo.png","datePublished":"2021-05-28T09:34:10+00:00","dateModified":"2022-01-03T15:34:10+00:00","breadcrumb":{"@id":"https:\/\/admirror.nl\/ga\/my-suit-mirror\/#breadcrumb"},"inLanguage":"ga-IE","potentialAction":[{"@type":"ReadAction","target":["https:\/\/admirror.nl\/ga\/my-suit-mirror\/"]}]},{"@type":"ImageObject","inLanguage":"ga-IE","@id":"https:\/\/admirror.nl\/ga\/my-suit-mirror\/#primaryimage","url":"https:\/\/admirror.nl\/wp-content\/uploads\/2021\/12\/my-suit-mirror-admirror-logo.png","contentUrl":"https:\/\/admirror.nl\/wp-content\/uploads\/2021\/12\/my-suit-mirror-admirror-logo.png"},{"@type":"BreadcrumbList","@id":"https:\/\/admirror.nl\/ga\/my-suit-mirror\/#breadcrumb","itemListElement":[{"@type":"ListItem","position":1,"name":"Home","item":"https:\/\/admirror.nl\/ga\/"},{"@type":"ListItem","position":2,"name":"My Suit Mirror"}]},{"@type":"WebSite","@id":"https:\/\/admirror.nl\/ga\/#website","url":"https:\/\/admirror.nl\/ga\/","name":"Admirror","description":"Admirror","publisher":{"@id":"https:\/\/admirror.nl\/ga\/#organization"},"potentialAction":[{"@type":"SearchAction","target":{"@type":"EntryPoint","urlTemplate":"https:\/\/admirror.nl\/ga\/?s={search_term_string}"},"query-input":{"@type":"PropertyValueSpecification","valueRequired":true,"valueName":"search_term_string"}}],"inLanguage":"ga-IE"},{"@type":"Organization","@id":"https:\/\/admirror.nl\/ga\/#organization","name":"Admirror","url":"https:\/\/admirror.nl\/ga\/","logo":{"@type":"ImageObject","inLanguage":"ga-IE","@id":"https:\/\/admirror.nl\/ga\/#\/schema\/logo\/image\/","url":"http:\/\/admirror.nl\/wp-content\/uploads\/2021\/05\/logo-admirror.png","contentUrl":"http:\/\/admirror.nl\/wp-content\/uploads\/2021\/05\/logo-admirror.png","width":442,"height":118,"caption":"Admirror"},"image":{"@id":"https:\/\/admirror.nl\/ga\/#\/schema\/logo\/image\/"},"sameAs":["https:\/\/www.facebook.com\/Admirror\/","https:\/\/x.com\/admirror","https:\/\/www.instagram.com\/admirrorbv\/","https:\/\/www.linkedin.com\/company\/admirror","https:\/\/www.youtube.com\/user\/admirrorbv"]}]}},"_links":{"self":[{"href":"https:\/\/admirror.nl\/ga\/wp-json\/wp\/v2\/pages\/3806","targetHints":{"allow":["GET"]}}],"collection":[{"href":"https:\/\/admirror.nl\/ga\/wp-json\/wp\/v2\/pages"}],"about":[{"href":"https:\/\/admirror.nl\/ga\/wp-json\/wp\/v2\/types\/page"}],"author":[{"embeddable":true,"href":"https:\/\/admirror.nl\/ga\/wp-json\/wp\/v2\/users\/2"}],"replies":[{"embeddable":true,"href":"https:\/\/admirror.nl\/ga\/wp-json\/wp\/v2\/comments?post=3806"}],"version-history":[{"count":6,"href":"https:\/\/admirror.nl\/ga\/wp-json\/wp\/v2\/pages\/3806\/revisions"}],"predecessor-version":[{"id":5171,"href":"https:\/\/admirror.nl\/ga\/wp-json\/wp\/v2\/pages\/3806\/revisions\/5171"}],"wp:attachment":[{"href":"https:\/\/admirror.nl\/ga\/wp-json\/wp\/v2\/media?parent=3806"}],"curies":[{"name":"wp","href":"https:\/\/api.w.org\/{rel}","templated":true}]}}