{"id":3171,"date":"2021-05-25T11:38:44","date_gmt":"2021-05-25T11:38:44","guid":{"rendered":"http:\/\/admirror.nl\/business-communication\/"},"modified":"2022-01-03T15:39:58","modified_gmt":"2022-01-03T15:39:58","slug":"cumarsaid-ghno","status":"publish","type":"page","link":"https:\/\/admirror.nl\/ga\/cumarsaid-ghno\/","title":{"rendered":"Cumars\u00e1id ghn\u00f3"},"content":{"rendered":"\t\t<div data-elementor-type=\"wp-page\" data-elementor-id=\"3171\" class=\"elementor elementor-3171 elementor-1725\" data-elementor-settings=\"[]\">\n\t\t\t\t\t\t\t<div class=\"elementor-section-wrap\">\n\t\t\t\t\t\t\t<section class=\"elementor-section elementor-top-section elementor-element elementor-element-c22271a elementor-section-full_width elementor-section-height-default elementor-section-height-default\" data-id=\"c22271a\" data-element_type=\"section\">\n\t\t\t\t\t\t<div class=\"elementor-container elementor-column-gap-default\">\n\t\t\t\t\t<div class=\"elementor-column elementor-col-100 elementor-top-column elementor-element elementor-element-405b881\" data-id=\"405b881\" data-element_type=\"column\">\n\t\t\t<div class=\"elementor-widget-wrap elementor-element-populated\">\n\t\t\t\t\t\t\t\t<div class=\"elementor-element elementor-element-2394492 elementor-widget elementor-widget-topika_about_company\" data-id=\"2394492\" data-element_type=\"widget\" data-widget_type=\"topika_about_company.default\">\n\t\t\t\t<div class=\"elementor-widget-container\">\n\t\t\t\r\n        <!-- about-style-four -->\r\n        <section class=\"about-style-four\">\r\n            <div class=\"auto-container\">\r\n                <div class=\"row clearfix\">\r\n                    <div class=\"col-lg-6 col-md-12 col-sm-12 content-column\">\r\n                        <div id=\"content_block_8\">\r\n                            <div class=\"content-box mr-10\">\r\n                                <div class=\"sec-title\">\r\n                                    <h5><span>\/\/<\/span>Admirror<\/h5>\r\n                                    <h2>Cumars\u00e1id ghn\u00f3<\/h2>\r\n                                <\/div>\r\n                                <div class=\"text\">\r\n                                    T\u00e1 an t-Admirror Cliste oiri\u00fanach freisin i ndeireadh na d\u00e1la mar mhe\u00e1n cumars\u00e1ide c\u00fangchraolta uath\u00fail gan \u00edoc ag treor\u00fa d\u2019fhostaithe. Tr\u00edd an gcain\u00e9al ilmhe\u00e1n seo, is f\u00e9idir leat d\u2019fhostaithe a chur ar an eolas, a spreagadh agus a spreagadh.                                <\/div>\r\n                                                                <div class=\"btn-box\">\r\n                                \t<a href=\"\/ga\/iarr-luachan\/\" class=\"theme-btn-one\">Iarr luachan<\/a>\r\n                                <\/div>\r\n                                                            <\/div>\r\n                        <\/div>\r\n                    <\/div>\r\n                    <div class=\"col-lg-6 col-md-12 col-sm-12 image-column\">\r\n                        <div id=\"image_block_6\">\r\n                            <div class=\"image-box\">\r\n                                <div class=\"pattern\">\r\n                                    <div class=\"pattern-1\" style=\"background-image: url(https:\/\/admirror.nl\/wp-content\/themes\/admirror\/assets\/images\/shape\/pattern-59.png);\"><\/div>\r\n                                    <div class=\"pattern-2\" style=\"background-image: url(https:\/\/admirror.nl\/wp-content\/themes\/admirror\/assets\/images\/shape\/pattern-60.png);\"><\/div>\r\n                                <\/div>\r\n                                <figure class=\"image\"><img decoding=\"async\" src=\"https:\/\/admirror.nl\/wp-content\/uploads\/2021\/05\/business-communication-admirror.jpeg\" alt=\"Awesome Image\"><\/figure>\r\n                            <\/div>\r\n                        <\/div>\r\n                    <\/div>\r\n                <\/div>\r\n            <\/div>\r\n        <\/section>\r\n        <!-- about-style-four end -->\r\n\r\n        \t\t<\/div>\n\t\t\t\t<\/div>\n\t\t\t\t<section class=\"elementor-section elementor-inner-section elementor-element elementor-element-ffbc53f elementor-section-boxed elementor-section-height-default elementor-section-height-default\" data-id=\"ffbc53f\" data-element_type=\"section\">\n\t\t\t\t\t\t<div class=\"elementor-container elementor-column-gap-default\">\n\t\t\t\t\t<div class=\"elementor-column elementor-col-50 elementor-inner-column elementor-element elementor-element-ba9ee06\" data-id=\"ba9ee06\" data-element_type=\"column\">\n\t\t\t<div class=\"elementor-widget-wrap elementor-element-populated\">\n\t\t\t\t\t\t\t\t<div class=\"elementor-element elementor-element-9523b3e elementor-widget elementor-widget-heading\" data-id=\"9523b3e\" data-element_type=\"widget\" data-widget_type=\"heading.default\">\n\t\t\t\t<div class=\"elementor-widget-container\">\n\t\t\t<h2 class=\"elementor-heading-title elementor-size-default\">Bunt\u00e1ist\u00ed<\/h2>\t\t<\/div>\n\t\t\t\t<\/div>\n\t\t\t\t<div class=\"elementor-element elementor-element-3c05178 elementor-widget elementor-widget-text-editor\" data-id=\"3c05178\" data-element_type=\"widget\" data-widget_type=\"text-editor.default\">\n\t\t\t\t<div class=\"elementor-widget-container\">\n\t\t\t\t\t\t\t\t<p>Tr\u00edd an Sc\u00e1th\u00e1n Cliste is f\u00e9idir leat a dh\u00e9anamh:<\/p>\t\t\t\t\t\t<\/div>\n\t\t\t\t<\/div>\n\t\t\t\t<div class=\"elementor-element elementor-element-ffe5ad8 elementor-icon-list--layout-traditional elementor-list-item-link-full_width elementor-widget elementor-widget-icon-list\" data-id=\"ffe5ad8\" data-element_type=\"widget\" data-widget_type=\"icon-list.default\">\n\t\t\t\t<div class=\"elementor-widget-container\">\n\t\t\t\t\t<ul class=\"elementor-icon-list-items\">\n\t\t\t\t\t\t\t<li class=\"elementor-icon-list-item\">\n\t\t\t\t\t\t\t\t\t\t\t<span class=\"elementor-icon-list-icon\">\n\t\t\t\t\t\t\t<i aria-hidden=\"true\" class=\"fas fa-dot-circle\"><\/i>\t\t\t\t\t\t<\/span>\n\t\t\t\t\t\t\t\t\t\t<span class=\"elementor-icon-list-text\">Fostaithe a spreagadh leis an gcumars\u00e1id cheart<\/span>\n\t\t\t\t\t\t\t\t\t<\/li>\n\t\t\t\t\t\t\t\t<li class=\"elementor-icon-list-item\">\n\t\t\t\t\t\t\t\t\t\t\t<span class=\"elementor-icon-list-icon\">\n\t\t\t\t\t\t\t<i aria-hidden=\"true\" class=\"fas fa-dot-circle\"><\/i>\t\t\t\t\t\t<\/span>\n\t\t\t\t\t\t\t\t\t\t<span class=\"elementor-icon-list-text\">\u00c9achta\u00ed a roinnt<\/span>\n\t\t\t\t\t\t\t\t\t<\/li>\n\t\t\t\t\t\t\t\t<li class=\"elementor-icon-list-item\">\n\t\t\t\t\t\t\t\t\t\t\t<span class=\"elementor-icon-list-icon\">\n\t\t\t\t\t\t\t<i aria-hidden=\"true\" class=\"fas fa-dot-circle\"><\/i>\t\t\t\t\t\t<\/span>\n\t\t\t\t\t\t\t\t\t\t<span class=\"elementor-icon-list-text\">Cult\u00far na gcuideachta\u00ed a neart\u00fa<\/span>\n\t\t\t\t\t\t\t\t\t<\/li>\n\t\t\t\t\t\t\t\t<li class=\"elementor-icon-list-item\">\n\t\t\t\t\t\t\t\t\t\t\t<span class=\"elementor-icon-list-icon\">\n\t\t\t\t\t\t\t<i aria-hidden=\"true\" class=\"fas fa-dot-circle\"><\/i>\t\t\t\t\t\t<\/span>\n\t\t\t\t\t\t\t\t\t\t<span class=\"elementor-icon-list-text\">Laghd\u00fa ar neamhl\u00e1ithreacht<\/span>\n\t\t\t\t\t\t\t\t\t<\/li>\n\t\t\t\t\t\t\t\t<li class=\"elementor-icon-list-item\">\n\t\t\t\t\t\t\t\t\t\t\t<span class=\"elementor-icon-list-icon\">\n\t\t\t\t\t\t\t<i aria-hidden=\"true\" class=\"fas fa-dot-circle\"><\/i>\t\t\t\t\t\t<\/span>\n\t\t\t\t\t\t\t\t\t\t<span class=\"elementor-icon-list-text\">Misean agus f\u00eds na cuideachta a chur chun cinn<\/span>\n\t\t\t\t\t\t\t\t\t<\/li>\n\t\t\t\t\t\t\t\t<li class=\"elementor-icon-list-item\">\n\t\t\t\t\t\t\t\t\t\t\t<span class=\"elementor-icon-list-icon\">\n\t\t\t\t\t\t\t<i aria-hidden=\"true\" class=\"fas fa-dot-circle\"><\/i>\t\t\t\t\t\t<\/span>\n\t\t\t\t\t\t\t\t\t\t<span class=\"elementor-icon-list-text\">S\u00e1bh\u00e1ilteacht cuideachta a mh\u00e9ad\u00fa<\/span>\n\t\t\t\t\t\t\t\t\t<\/li>\n\t\t\t\t\t\t\t\t<li class=\"elementor-icon-list-item\">\n\t\t\t\t\t\t\t\t\t\t\t<span class=\"elementor-icon-list-icon\">\n\t\t\t\t\t\t\t<i aria-hidden=\"true\" class=\"fas fa-dot-circle\"><\/i>\t\t\t\t\t\t<\/span>\n\t\t\t\t\t\t\t\t\t\t<span class=\"elementor-icon-list-text\">Nu\u00e1la\u00edochta\u00ed a thaispe\u00e1int<\/span>\n\t\t\t\t\t\t\t\t\t<\/li>\n\t\t\t\t\t\t\t\t<li class=\"elementor-icon-list-item\">\n\t\t\t\t\t\t\t\t\t\t\t<span class=\"elementor-icon-list-icon\">\n\t\t\t\t\t\t\t<i aria-hidden=\"true\" class=\"fas fa-dot-circle\"><\/i>\t\t\t\t\t\t<\/span>\n\t\t\t\t\t\t\t\t\t\t<span class=\"elementor-icon-list-text\">Caidrimh le custaim\u00e9ir\u00ed a mhap\u00e1il<\/span>\n\t\t\t\t\t\t\t\t\t<\/li>\n\t\t\t\t\t\t<\/ul>\n\t\t\t\t<\/div>\n\t\t\t\t<\/div>\n\t\t\t\t<div class=\"elementor-element elementor-element-c658dd0 elementor-widget elementor-widget-heading\" data-id=\"c658dd0\" data-element_type=\"widget\" data-widget_type=\"heading.default\">\n\t\t\t\t<div class=\"elementor-widget-container\">\n\t\t\t<h2 class=\"elementor-heading-title elementor-size-default\">Gn\u00e9ithe agus feidhmchl\u00e1ir an Admirror Cliste Idirghn\u00edomhach<\/h2>\t\t<\/div>\n\t\t\t\t<\/div>\n\t\t\t\t<div class=\"elementor-element elementor-element-32417f4 elementor-widget elementor-widget-text-editor\" data-id=\"32417f4\" data-element_type=\"widget\" data-widget_type=\"text-editor.default\">\n\t\t\t\t<div class=\"elementor-widget-container\">\n\t\t\t\t\t\t\t\tI dtreo d\u2019fhostaithe:\t\t\t\t\t\t<\/div>\n\t\t\t\t<\/div>\n\t\t\t\t<div class=\"elementor-element elementor-element-6b8096f elementor-icon-list--layout-traditional elementor-list-item-link-full_width elementor-widget elementor-widget-icon-list\" data-id=\"6b8096f\" data-element_type=\"widget\" data-widget_type=\"icon-list.default\">\n\t\t\t\t<div class=\"elementor-widget-container\">\n\t\t\t\t\t<ul class=\"elementor-icon-list-items\">\n\t\t\t\t\t\t\t<li class=\"elementor-icon-list-item\">\n\t\t\t\t\t\t\t\t\t\t\t<span class=\"elementor-icon-list-icon\">\n\t\t\t\t\t\t\t<i aria-hidden=\"true\" class=\"fas fa-dot-circle\"><\/i>\t\t\t\t\t\t<\/span>\n\t\t\t\t\t\t\t\t\t\t<span class=\"elementor-icon-list-text\">Fiafraigh faoin s\u00e1stacht i measc d\u2019fhostaithe<\/span>\n\t\t\t\t\t\t\t\t\t<\/li>\n\t\t\t\t\t\t\t\t<li class=\"elementor-icon-list-item\">\n\t\t\t\t\t\t\t\t\t\t\t<span class=\"elementor-icon-list-icon\">\n\t\t\t\t\t\t\t<i aria-hidden=\"true\" class=\"fas fa-dot-circle\"><\/i>\t\t\t\t\t\t<\/span>\n\t\t\t\t\t\t\t\t\t\t<span class=\"elementor-icon-list-text\">D\u00e9an an t-atmaisf\u00e9ar oibre a r\u00e1t\u00e1il<\/span>\n\t\t\t\t\t\t\t\t\t<\/li>\n\t\t\t\t\t\t\t\t<li class=\"elementor-icon-list-item\">\n\t\t\t\t\t\t\t\t\t\t\t<span class=\"elementor-icon-list-icon\">\n\t\t\t\t\t\t\t<i aria-hidden=\"true\" class=\"fas fa-dot-circle\"><\/i>\t\t\t\t\t\t<\/span>\n\t\t\t\t\t\t\t\t\t\t<span class=\"elementor-icon-list-text\">Cad a cheapann an fhoireann den timpeallacht oibre<\/span>\n\t\t\t\t\t\t\t\t\t<\/li>\n\t\t\t\t\t\t\t\t<li class=\"elementor-icon-list-item\">\n\t\t\t\t\t\t\t\t\t\t\t<span class=\"elementor-icon-list-icon\">\n\t\t\t\t\t\t\t<i aria-hidden=\"true\" class=\"fas fa-dot-circle\"><\/i>\t\t\t\t\t\t<\/span>\n\t\t\t\t\t\t\t\t\t\t<span class=\"elementor-icon-list-text\">Tuairiscigh m\u00edfheidhmeanna sa seomra sl\u00e1int\u00edochta<\/span>\n\t\t\t\t\t\t\t\t\t<\/li>\n\t\t\t\t\t\t\t\t<li class=\"elementor-icon-list-item\">\n\t\t\t\t\t\t\t\t\t\t\t<span class=\"elementor-icon-list-icon\">\n\t\t\t\t\t\t\t<i aria-hidden=\"true\" class=\"fas fa-dot-circle\"><\/i>\t\t\t\t\t\t<\/span>\n\t\t\t\t\t\t\t\t\t\t<span class=\"elementor-icon-list-text\">Smaointe agus nu\u00e1la\u00edochta\u00ed t\u00e1bhachtacha a thuairisci\u00fa tr\u00edd an sc\u00e1th\u00e1n<\/span>\n\t\t\t\t\t\t\t\t\t<\/li>\n\t\t\t\t\t\t<\/ul>\n\t\t\t\t<\/div>\n\t\t\t\t<\/div>\n\t\t\t\t\t<\/div>\n\t\t<\/div>\n\t\t\t\t<div class=\"elementor-column elementor-col-50 elementor-inner-column elementor-element elementor-element-ba1609f\" data-id=\"ba1609f\" data-element_type=\"column\">\n\t\t\t<div class=\"elementor-widget-wrap elementor-element-populated\">\n\t\t\t\t\t\t\t\t<div class=\"elementor-element elementor-element-3186961 elementor-widget elementor-widget-heading\" data-id=\"3186961\" data-element_type=\"widget\" data-widget_type=\"heading.default\">\n\t\t\t\t<div class=\"elementor-widget-container\">\n\t\t\t<h2 class=\"elementor-heading-title elementor-size-default\">Barr intinne<\/h2>\t\t<\/div>\n\t\t\t\t<\/div>\n\t\t\t\t<div class=\"elementor-element elementor-element-6bcfff8 elementor-widget elementor-widget-text-editor\" data-id=\"6bcfff8\" data-element_type=\"widget\" data-widget_type=\"text-editor.default\">\n\t\t\t\t<div class=\"elementor-widget-container\">\n\t\t\t\t\t\t\t\tIs f\u00e9idir na sc\u00e1th\u00e1in a chur sna h\u00e1iseanna sl\u00e1int\u00edochta, i gceaint\u00edn na cuideachta, sa bhealach isteach n\u00f3 in \u00e1it oiri\u00fanach eile laistigh de do chuideachta.<br \/><br \/>\nD\u00e1 bhr\u00ed sin, feiceann gach fosta\u00ed an chumars\u00e1id 8 go 10 n-uaire sa l\u00e1 ar an me\u00e1n. Ar an mbealach seo, tagann do chumars\u00e1id agus fanann s\u00ed ar aon intinn le d\u2019fhostaithe.\t\t\t\t\t\t<\/div>\n\t\t\t\t<\/div>\n\t\t\t\t<div class=\"elementor-element elementor-element-bebcfd9 elementor-widget elementor-widget-html\" data-id=\"bebcfd9\" data-element_type=\"widget\" data-widget_type=\"html.default\">\n\t\t\t\t<div class=\"elementor-widget-container\">\n\t\t\t<iframe loading=\"lazy\" title=\"YouTube video player\" src=\"https:\/\/www.youtube.com\/embed\/cd7vl2rDw8k\" width=\"560\" height=\"315\" frameborder=\"0\" allowfullscreen=\"allowfullscreen\"><\/iframe>\r\n\t\t<\/div>\n\t\t\t\t<\/div>\n\t\t\t\t\t<\/div>\n\t\t<\/div>\n\t\t\t\t\t\t\t<\/div>\n\t\t<\/section>\n\t\t\t\t\t<\/div>\n\t\t<\/div>\n\t\t\t\t\t\t\t<\/div>\n\t\t<\/section>\n\t\t\t\t\t\t<\/div>\n\t\t\t\t\t<\/div>\n\t\t","protected":false},"excerpt":{"rendered":"<p>\/\/Admirror Cumars\u00e1id ghn\u00f3 T\u00e1 an t-Admirror Cliste oiri\u00fanach freisin i ndeireadh na d\u00e1la mar mhe\u00e1n cumars\u00e1ide c\u00fangchraolta uath\u00fail gan \u00edoc ag treor\u00fa d\u2019fhostaithe. Tr\u00edd an gcain\u00e9al ilmhe\u00e1n seo, is f\u00e9idir leat d\u2019fhostaithe a chur ar an eolas, a spreagadh agus a spreagadh. Iarr luachan Bunt\u00e1ist\u00ed Tr\u00edd an Sc\u00e1th\u00e1n Cliste is f\u00e9idir leat a dh\u00e9anamh: Fostaithe [&hellip;]<\/p>\n","protected":false},"author":2,"featured_media":0,"parent":0,"menu_order":0,"comment_status":"closed","ping_status":"closed","template":"","meta":{"_monsterinsights_skip_tracking":false,"_monsterinsights_sitenote_active":false,"_monsterinsights_sitenote_note":"","_monsterinsights_sitenote_category":0,"footnotes":""},"class_list":["post-3171","page","type-page","status-publish","hentry"],"yoast_head":"<!-- This site is optimized with the Yoast SEO plugin v26.7 - https:\/\/yoast.com\/wordpress\/plugins\/seo\/ -->\n<title>Cumars\u00e1id ghn\u00f3 | Admirror | Smart Admirror<\/title>\n<meta name=\"description\" content=\"Ag lorg me\u00e1n cumars\u00e1ide oiri\u00fanach do d\u2019fhostaithe? L\u00e9igh tuilleadh faoi chumars\u00e1id ghn\u00f3 Admirror anseo.\" \/>\n<meta name=\"robots\" content=\"index, follow, max-snippet:-1, max-image-preview:large, max-video-preview:-1\" \/>\n<link rel=\"canonical\" href=\"https:\/\/admirror.nl\/ga\/cumarsaid-ghno\/\" \/>\n<meta property=\"og:locale\" content=\"ga_IE\" \/>\n<meta property=\"og:type\" content=\"article\" \/>\n<meta property=\"og:title\" content=\"Cumars\u00e1id ghn\u00f3 | Admirror | Smart Admirror\" \/>\n<meta property=\"og:description\" content=\"Ag lorg me\u00e1n cumars\u00e1ide oiri\u00fanach do d\u2019fhostaithe? L\u00e9igh tuilleadh faoi chumars\u00e1id ghn\u00f3 Admirror anseo.\" \/>\n<meta property=\"og:url\" content=\"https:\/\/admirror.nl\/ga\/cumarsaid-ghno\/\" \/>\n<meta property=\"og:site_name\" content=\"Admirror\" \/>\n<meta property=\"article:publisher\" content=\"https:\/\/www.facebook.com\/Admirror\/\" \/>\n<meta property=\"article:modified_time\" content=\"2022-01-03T15:39:58+00:00\" \/>\n<meta property=\"og:image\" content=\"https:\/\/admirror.nl\/wp-content\/uploads\/2021\/05\/business-communication-admirror.jpeg\" \/>\n<meta name=\"twitter:card\" content=\"summary_large_image\" \/>\n<meta name=\"twitter:site\" content=\"@admirror\" \/>\n<meta name=\"twitter:label1\" content=\"Est. reading time\" \/>\n\t<meta name=\"twitter:data1\" content=\"2 minutes\" \/>\n<script type=\"application\/ld+json\" class=\"yoast-schema-graph\">{\"@context\":\"https:\/\/schema.org\",\"@graph\":[{\"@type\":\"WebPage\",\"@id\":\"https:\/\/admirror.nl\/ga\/cumarsaid-ghno\/\",\"url\":\"https:\/\/admirror.nl\/ga\/cumarsaid-ghno\/\",\"name\":\"Cumars\u00e1id ghn\u00f3 | Admirror | Smart Admirror\",\"isPartOf\":{\"@id\":\"https:\/\/admirror.nl\/ga\/#website\"},\"primaryImageOfPage\":{\"@id\":\"https:\/\/admirror.nl\/ga\/cumarsaid-ghno\/#primaryimage\"},\"image\":{\"@id\":\"https:\/\/admirror.nl\/ga\/cumarsaid-ghno\/#primaryimage\"},\"thumbnailUrl\":\"https:\/\/admirror.nl\/wp-content\/uploads\/2021\/05\/business-communication-admirror.jpeg\",\"datePublished\":\"2021-05-25T11:38:44+00:00\",\"dateModified\":\"2022-01-03T15:39:58+00:00\",\"description\":\"Ag lorg me\u00e1n cumars\u00e1ide oiri\u00fanach do d\u2019fhostaithe? L\u00e9igh tuilleadh faoi chumars\u00e1id ghn\u00f3 Admirror anseo.\",\"breadcrumb\":{\"@id\":\"https:\/\/admirror.nl\/ga\/cumarsaid-ghno\/#breadcrumb\"},\"inLanguage\":\"ga-IE\",\"potentialAction\":[{\"@type\":\"ReadAction\",\"target\":[\"https:\/\/admirror.nl\/ga\/cumarsaid-ghno\/\"]}]},{\"@type\":\"ImageObject\",\"inLanguage\":\"ga-IE\",\"@id\":\"https:\/\/admirror.nl\/ga\/cumarsaid-ghno\/#primaryimage\",\"url\":\"https:\/\/admirror.nl\/wp-content\/uploads\/2021\/05\/business-communication-admirror.jpeg\",\"contentUrl\":\"https:\/\/admirror.nl\/wp-content\/uploads\/2021\/05\/business-communication-admirror.jpeg\"},{\"@type\":\"BreadcrumbList\",\"@id\":\"https:\/\/admirror.nl\/ga\/cumarsaid-ghno\/#breadcrumb\",\"itemListElement\":[{\"@type\":\"ListItem\",\"position\":1,\"name\":\"Home\",\"item\":\"https:\/\/admirror.nl\/ga\/\"},{\"@type\":\"ListItem\",\"position\":2,\"name\":\"Cumars\u00e1id ghn\u00f3\"}]},{\"@type\":\"WebSite\",\"@id\":\"https:\/\/admirror.nl\/ga\/#website\",\"url\":\"https:\/\/admirror.nl\/ga\/\",\"name\":\"Admirror\",\"description\":\"Admirror\",\"publisher\":{\"@id\":\"https:\/\/admirror.nl\/ga\/#organization\"},\"potentialAction\":[{\"@type\":\"SearchAction\",\"target\":{\"@type\":\"EntryPoint\",\"urlTemplate\":\"https:\/\/admirror.nl\/ga\/?s={search_term_string}\"},\"query-input\":{\"@type\":\"PropertyValueSpecification\",\"valueRequired\":true,\"valueName\":\"search_term_string\"}}],\"inLanguage\":\"ga-IE\"},{\"@type\":\"Organization\",\"@id\":\"https:\/\/admirror.nl\/ga\/#organization\",\"name\":\"Admirror\",\"url\":\"https:\/\/admirror.nl\/ga\/\",\"logo\":{\"@type\":\"ImageObject\",\"inLanguage\":\"ga-IE\",\"@id\":\"https:\/\/admirror.nl\/ga\/#\/schema\/logo\/image\/\",\"url\":\"http:\/\/admirror.nl\/wp-content\/uploads\/2021\/05\/logo-admirror.png\",\"contentUrl\":\"http:\/\/admirror.nl\/wp-content\/uploads\/2021\/05\/logo-admirror.png\",\"width\":442,\"height\":118,\"caption\":\"Admirror\"},\"image\":{\"@id\":\"https:\/\/admirror.nl\/ga\/#\/schema\/logo\/image\/\"},\"sameAs\":[\"https:\/\/www.facebook.com\/Admirror\/\",\"https:\/\/x.com\/admirror\",\"https:\/\/www.instagram.com\/admirrorbv\/\",\"https:\/\/www.linkedin.com\/company\/admirror\",\"https:\/\/www.youtube.com\/user\/admirrorbv\"]}]}<\/script>\n<!-- \/ Yoast SEO plugin. -->","yoast_head_json":{"title":"Cumars\u00e1id ghn\u00f3 | Admirror | Smart Admirror","description":"Ag lorg me\u00e1n cumars\u00e1ide oiri\u00fanach do d\u2019fhostaithe? L\u00e9igh tuilleadh faoi chumars\u00e1id ghn\u00f3 Admirror anseo.","robots":{"index":"index","follow":"follow","max-snippet":"max-snippet:-1","max-image-preview":"max-image-preview:large","max-video-preview":"max-video-preview:-1"},"canonical":"https:\/\/admirror.nl\/ga\/cumarsaid-ghno\/","og_locale":"ga_IE","og_type":"article","og_title":"Cumars\u00e1id ghn\u00f3 | Admirror | Smart Admirror","og_description":"Ag lorg me\u00e1n cumars\u00e1ide oiri\u00fanach do d\u2019fhostaithe? L\u00e9igh tuilleadh faoi chumars\u00e1id ghn\u00f3 Admirror anseo.","og_url":"https:\/\/admirror.nl\/ga\/cumarsaid-ghno\/","og_site_name":"Admirror","article_publisher":"https:\/\/www.facebook.com\/Admirror\/","article_modified_time":"2022-01-03T15:39:58+00:00","og_image":[{"url":"https:\/\/admirror.nl\/wp-content\/uploads\/2021\/05\/business-communication-admirror.jpeg","type":"","width":"","height":""}],"twitter_card":"summary_large_image","twitter_site":"@admirror","twitter_misc":{"Est. reading time":"2 minutes"},"schema":{"@context":"https:\/\/schema.org","@graph":[{"@type":"WebPage","@id":"https:\/\/admirror.nl\/ga\/cumarsaid-ghno\/","url":"https:\/\/admirror.nl\/ga\/cumarsaid-ghno\/","name":"Cumars\u00e1id ghn\u00f3 | Admirror | Smart Admirror","isPartOf":{"@id":"https:\/\/admirror.nl\/ga\/#website"},"primaryImageOfPage":{"@id":"https:\/\/admirror.nl\/ga\/cumarsaid-ghno\/#primaryimage"},"image":{"@id":"https:\/\/admirror.nl\/ga\/cumarsaid-ghno\/#primaryimage"},"thumbnailUrl":"https:\/\/admirror.nl\/wp-content\/uploads\/2021\/05\/business-communication-admirror.jpeg","datePublished":"2021-05-25T11:38:44+00:00","dateModified":"2022-01-03T15:39:58+00:00","description":"Ag lorg me\u00e1n cumars\u00e1ide oiri\u00fanach do d\u2019fhostaithe? L\u00e9igh tuilleadh faoi chumars\u00e1id ghn\u00f3 Admirror anseo.","breadcrumb":{"@id":"https:\/\/admirror.nl\/ga\/cumarsaid-ghno\/#breadcrumb"},"inLanguage":"ga-IE","potentialAction":[{"@type":"ReadAction","target":["https:\/\/admirror.nl\/ga\/cumarsaid-ghno\/"]}]},{"@type":"ImageObject","inLanguage":"ga-IE","@id":"https:\/\/admirror.nl\/ga\/cumarsaid-ghno\/#primaryimage","url":"https:\/\/admirror.nl\/wp-content\/uploads\/2021\/05\/business-communication-admirror.jpeg","contentUrl":"https:\/\/admirror.nl\/wp-content\/uploads\/2021\/05\/business-communication-admirror.jpeg"},{"@type":"BreadcrumbList","@id":"https:\/\/admirror.nl\/ga\/cumarsaid-ghno\/#breadcrumb","itemListElement":[{"@type":"ListItem","position":1,"name":"Home","item":"https:\/\/admirror.nl\/ga\/"},{"@type":"ListItem","position":2,"name":"Cumars\u00e1id ghn\u00f3"}]},{"@type":"WebSite","@id":"https:\/\/admirror.nl\/ga\/#website","url":"https:\/\/admirror.nl\/ga\/","name":"Admirror","description":"Admirror","publisher":{"@id":"https:\/\/admirror.nl\/ga\/#organization"},"potentialAction":[{"@type":"SearchAction","target":{"@type":"EntryPoint","urlTemplate":"https:\/\/admirror.nl\/ga\/?s={search_term_string}"},"query-input":{"@type":"PropertyValueSpecification","valueRequired":true,"valueName":"search_term_string"}}],"inLanguage":"ga-IE"},{"@type":"Organization","@id":"https:\/\/admirror.nl\/ga\/#organization","name":"Admirror","url":"https:\/\/admirror.nl\/ga\/","logo":{"@type":"ImageObject","inLanguage":"ga-IE","@id":"https:\/\/admirror.nl\/ga\/#\/schema\/logo\/image\/","url":"http:\/\/admirror.nl\/wp-content\/uploads\/2021\/05\/logo-admirror.png","contentUrl":"http:\/\/admirror.nl\/wp-content\/uploads\/2021\/05\/logo-admirror.png","width":442,"height":118,"caption":"Admirror"},"image":{"@id":"https:\/\/admirror.nl\/ga\/#\/schema\/logo\/image\/"},"sameAs":["https:\/\/www.facebook.com\/Admirror\/","https:\/\/x.com\/admirror","https:\/\/www.instagram.com\/admirrorbv\/","https:\/\/www.linkedin.com\/company\/admirror","https:\/\/www.youtube.com\/user\/admirrorbv"]}]}},"_links":{"self":[{"href":"https:\/\/admirror.nl\/ga\/wp-json\/wp\/v2\/pages\/3171","targetHints":{"allow":["GET"]}}],"collection":[{"href":"https:\/\/admirror.nl\/ga\/wp-json\/wp\/v2\/pages"}],"about":[{"href":"https:\/\/admirror.nl\/ga\/wp-json\/wp\/v2\/types\/page"}],"author":[{"embeddable":true,"href":"https:\/\/admirror.nl\/ga\/wp-json\/wp\/v2\/users\/2"}],"replies":[{"embeddable":true,"href":"https:\/\/admirror.nl\/ga\/wp-json\/wp\/v2\/comments?post=3171"}],"version-history":[{"count":3,"href":"https:\/\/admirror.nl\/ga\/wp-json\/wp\/v2\/pages\/3171\/revisions"}],"predecessor-version":[{"id":5198,"href":"https:\/\/admirror.nl\/ga\/wp-json\/wp\/v2\/pages\/3171\/revisions\/5198"}],"wp:attachment":[{"href":"https:\/\/admirror.nl\/ga\/wp-json\/wp\/v2\/media?parent=3171"}],"curies":[{"name":"wp","href":"https:\/\/api.w.org\/{rel}","templated":true}]}}