{"id":3162,"date":"2021-05-25T11:14:25","date_gmt":"2021-05-25T11:14:25","guid":{"rendered":"http:\/\/admirror.nl\/franchise\/"},"modified":"2021-06-25T08:30:20","modified_gmt":"2021-06-25T08:30:20","slug":"toghchoras","status":"publish","type":"page","link":"https:\/\/admirror.nl\/ga\/toghchoras\/","title":{"rendered":"Toghch\u00f3ras"},"content":{"rendered":"\t\t<div data-elementor-type=\"wp-page\" data-elementor-id=\"3162\" class=\"elementor elementor-3162 elementor-1697\" data-elementor-settings=\"[]\">\n\t\t\t\t\t\t\t<div class=\"elementor-section-wrap\">\n\t\t\t\t\t\t\t<section class=\"elementor-section elementor-top-section elementor-element elementor-element-c22271a elementor-section-full_width elementor-section-height-default elementor-section-height-default\" data-id=\"c22271a\" data-element_type=\"section\">\n\t\t\t\t\t\t<div class=\"elementor-container elementor-column-gap-default\">\n\t\t\t\t\t<div class=\"elementor-column elementor-col-100 elementor-top-column elementor-element elementor-element-405b881\" data-id=\"405b881\" data-element_type=\"column\">\n\t\t\t<div class=\"elementor-widget-wrap elementor-element-populated\">\n\t\t\t\t\t\t\t\t<div class=\"elementor-element elementor-element-2394492 elementor-widget elementor-widget-topika_about_company\" data-id=\"2394492\" data-element_type=\"widget\" data-widget_type=\"topika_about_company.default\">\n\t\t\t\t<div class=\"elementor-widget-container\">\n\t\t\t\r\n        <!-- about-style-four -->\r\n        <section class=\"about-style-four\">\r\n            <div class=\"auto-container\">\r\n                <div class=\"row clearfix\">\r\n                    <div class=\"col-lg-6 col-md-12 col-sm-12 content-column\">\r\n                        <div id=\"content_block_8\">\r\n                            <div class=\"content-box mr-10\">\r\n                                <div class=\"sec-title\">\r\n                                    <h5><span>\/\/<\/span>Admirror<\/h5>\r\n                                    <h2>Admirror Toghch\u00f3ras <\/h2>\r\n                                <\/div>\r\n                                <div class=\"text\">\r\n                                    Leis an gcoincheap sofaistici\u00fail Admirror, t\u00e1 rochtain l\u00e1ithreach ag sainchead\u00fanaithe ar bhlianta taith\u00ed agus forbartha a th\u00f3g Admirror ar an margadh le haghaidh f\u00f3gra\u00edochta ar sc\u00e1th\u00e1in. Sin \u00e9 an f\u00e1th nach g\u00e1 duit mar sainchead\u00fana\u00ed \u00e9 a ath-chumadh, ach an f\u00e9idir leat tos\u00fa l\u00e1ithreach le cuma ghairmi\u00fail agus t\u00e1irge oibre gan locht agus C\u00f3ras Bainist\u00edochta Rialaithe a ghabhann leis.<br \/><br \/>\n\nIn aice le \u201ct\u00fas eitilte\u201d mar sainchead\u00fana\u00ed, tugtar c\u00fanamh lean\u00fanach duit in oibr\u00edochta\u00ed gn\u00f3. Cib\u00e9 an mbaineann s\u00e9 le marga\u00edocht, eolas sonrach, n\u00f3 uathoibri\u00fa mar sainchead\u00fana\u00ed ag Admirror is fiontra\u00ed neamhsple\u00e1ch t\u00fa, ach n\u00edl t\u00fa i d'aonar.                                <\/div>\r\n                                                                <div class=\"btn-box\">\r\n                                \t<a href=\"\/ga\/Iarr-luachan\/\" class=\"theme-btn-one\">Iarr luachan<\/a>\r\n                                <\/div>\r\n                                                            <\/div>\r\n                        <\/div>\r\n                    <\/div>\r\n                    <div class=\"col-lg-6 col-md-12 col-sm-12 image-column\">\r\n                        <div id=\"image_block_6\">\r\n                            <div class=\"image-box\">\r\n                                <div class=\"pattern\">\r\n                                    <div class=\"pattern-1\" style=\"background-image: url(https:\/\/admirror.nl\/wp-content\/themes\/admirror\/assets\/images\/shape\/pattern-59.png);\"><\/div>\r\n                                    <div class=\"pattern-2\" style=\"background-image: url(https:\/\/admirror.nl\/wp-content\/themes\/admirror\/assets\/images\/shape\/pattern-60.png);\"><\/div>\r\n                                <\/div>\r\n                                <figure class=\"image\"><img decoding=\"async\" src=\"https:\/\/admirror.nl\/wp-content\/uploads\/2021\/05\/admirror-remy.jpg\" alt=\"Awesome Image\"><\/figure>\r\n                            <\/div>\r\n                        <\/div>\r\n                    <\/div>\r\n                <\/div>\r\n            <\/div>\r\n        <\/section>\r\n        <!-- about-style-four end -->\r\n\r\n        \t\t<\/div>\n\t\t\t\t<\/div>\n\t\t\t\t<section class=\"elementor-section elementor-inner-section elementor-element elementor-element-ffbc53f elementor-section-boxed elementor-section-height-default elementor-section-height-default\" data-id=\"ffbc53f\" data-element_type=\"section\">\n\t\t\t\t\t\t<div class=\"elementor-container elementor-column-gap-default\">\n\t\t\t\t\t<div class=\"elementor-column elementor-col-50 elementor-inner-column elementor-element elementor-element-ba9ee06\" data-id=\"ba9ee06\" data-element_type=\"column\">\n\t\t\t<div class=\"elementor-widget-wrap elementor-element-populated\">\n\t\t\t\t\t\t\t\t<div class=\"elementor-element elementor-element-9523b3e elementor-widget elementor-widget-heading\" data-id=\"9523b3e\" data-element_type=\"widget\" data-widget_type=\"heading.default\">\n\t\t\t\t<div class=\"elementor-widget-container\">\n\t\t\t<h2 class=\"elementor-heading-title elementor-size-default\">C\u00e9n f\u00e1th sainchead\u00fanais?<\/h2>\t\t<\/div>\n\t\t\t\t<\/div>\n\t\t\t\t<div class=\"elementor-element elementor-element-3c05178 elementor-widget elementor-widget-text-editor\" data-id=\"3c05178\" data-element_type=\"widget\" data-widget_type=\"text-editor.default\">\n\t\t\t\t<div class=\"elementor-widget-container\">\n\t\t\t\t\t\t\t\tT\u00e1 coincheap an admirror bunaithe ar fhiontra\u00edocht. Mar sainchead\u00fanas ag Admirror, oibr\u00edonn t\u00fa i do r\u00e9igi\u00fan f\u00e9in agus d\u00e1 bhr\u00ed sin, t\u00e1 uasl\u00edon de do chustaim\u00e9ir\u00ed f\u00e9in agat: su\u00edomhanna ina gcuirtear na sc\u00e1th\u00e1in agus na f\u00f3gr\u00f3ir\u00ed a \u00fas\u00e1ideann iad chun cumars\u00e1id a dh\u00e9anamh. Mar fhiontra\u00ed, t\u00e1 t\u00fa freagrach go hioml\u00e1n, ach t\u00e1 t\u00fa ag brath ar do fheidhm\u00edocht f\u00e9in freisin. Ina theannta sin, threoraigh sainchead\u00fanaithe Admirror le d\u00fathracht mh\u00f3r, agus is eagra\u00edocht sainchead\u00fanais den scoth \u00e9 Admirror le todhcha\u00ed \u00f3rga.\t\t\t\t\t\t<\/div>\n\t\t\t\t<\/div>\n\t\t\t\t<div class=\"elementor-element elementor-element-c658dd0 elementor-widget elementor-widget-heading\" data-id=\"c658dd0\" data-element_type=\"widget\" data-widget_type=\"heading.default\">\n\t\t\t\t<div class=\"elementor-widget-container\">\n\t\t\t<h2 class=\"elementor-heading-title elementor-size-default\">Do ghn\u00f3 Admirror f\u00e9in<\/h2>\t\t<\/div>\n\t\t\t\t<\/div>\n\t\t\t\t<div class=\"elementor-element elementor-element-32417f4 elementor-widget elementor-widget-text-editor\" data-id=\"32417f4\" data-element_type=\"widget\" data-widget_type=\"text-editor.default\">\n\t\t\t\t<div class=\"elementor-widget-container\">\n\t\t\t\t\t\t\t\tMar chomhordaitheoir Admirror, is saineola\u00ed t\u00fa ar chumars\u00e1id le do chliaint, teagmh\u00e1lacha, agus ceanncheathr\u00fa an Admirror. A bhu\u00edochas le do l\u00edonra agus eolas \u00e1iti\u00fail ar an margadh, t\u00e1 a fhios agat na daoine agus na cuideachta\u00ed seo a aimsi\u00fa go h\u00e9asca. Is cuideachta\u00ed MKD den chuid is m\u00f3 na cliaint a bhfuil meas acu ar chomhairle maidir le f\u00f3gra\u00edocht a dh\u00e9anamh go leor.<br \/><br \/>\nis \u00e9 an sainchead\u00fana\u00ed at\u00e1 i gceannas ar an ualach oibre. Mar sainchead\u00fana\u00ed, n\u00edl aon mheanma idir naoi agus c\u00faig agat agus t\u00e1 t\u00fa s\u00e1sta teagmh\u00e1lacha a dh\u00e9anamh um thr\u00e1thn\u00f3na freisin, mar shampla, cruinni\u00fa le cumainn ghn\u00f3 \u00e1iti\u00fala, srl. Cinnt\u00edonn an dearcadh ceart toradh oibri\u00fach\u00e1in dearfach.\t\t\t\t\t\t<\/div>\n\t\t\t\t<\/div>\n\t\t\t\t<div class=\"elementor-element elementor-element-3a0aaa9 elementor-widget elementor-widget-html\" data-id=\"3a0aaa9\" data-element_type=\"widget\" data-widget_type=\"html.default\">\n\t\t\t\t<div class=\"elementor-widget-container\">\n\t\t\t<iframe loading=\"lazy\" title=\"YouTube video player\" src=\"https:\/\/www.youtube.com\/embed\/Cve9i2vbVJ0\" width=\"560\" height=\"315\" frameborder=\"0\" allowfullscreen=\"allowfullscreen\"><\/iframe>\t\t<\/div>\n\t\t\t\t<\/div>\n\t\t\t\t\t<\/div>\n\t\t<\/div>\n\t\t\t\t<div class=\"elementor-column elementor-col-50 elementor-inner-column elementor-element elementor-element-ba1609f\" data-id=\"ba1609f\" data-element_type=\"column\">\n\t\t\t<div class=\"elementor-widget-wrap elementor-element-populated\">\n\t\t\t\t\t\t\t\t<div class=\"elementor-element elementor-element-3186961 elementor-widget elementor-widget-heading\" data-id=\"3186961\" data-element_type=\"widget\" data-widget_type=\"heading.default\">\n\t\t\t\t<div class=\"elementor-widget-container\">\n\t\t\t<h2 class=\"elementor-heading-title elementor-size-default\">Investment contribution<\/h2>\t\t<\/div>\n\t\t\t\t<\/div>\n\t\t\t\t<div class=\"elementor-element elementor-element-6bcfff8 elementor-widget elementor-widget-text-editor\" data-id=\"6bcfff8\" data-element_type=\"widget\" data-widget_type=\"text-editor.default\">\n\t\t\t\t<div class=\"elementor-widget-container\">\n\t\t\t\t\t\t\t\tAr nd\u00f3igh, t\u00e1imid ag s\u00fail go mbeidh an deis ag sainchead\u00fana\u00ed infheist\u00edocht a dh\u00e9anamh. Cinnfidh m\u00e9id na hinfheist\u00edochta seo agus m\u00e9id an r\u00e9igi\u00fain ar l\u00edon na sc\u00e1th\u00e1n at\u00e1 \u00e1 gcur.<br \/><br \/>\n\nBraitheann m\u00e9id na hinfheist\u00edochta seo ar l\u00edon na sc\u00e1th\u00e1n at\u00e1 le cur agus ar mh\u00e9id an r\u00e9igi\u00fain ina mbeidh t\u00fa gn\u00edomhach, ach l\u00e9ir\u00edonn taith\u00ed gur f\u00e9idir le tos\u00fa le pr\u00edomhshu\u00edmh sreabhadh airgid l\u00e1ithreach a shol\u00e1thar a ligfidh duit f\u00e1s go seasta laistigh de do r\u00e9igi\u00fan. Cuid\u00edonn ceannoifig an Admirror leat le cur i bhfeidhm teicni\u00fail agus socr\u00fach\u00e1n na n-\u00e1iteanna a earca\u00edonn t\u00fa. Is \u00e9 5 an t-\u00edosl\u00edon ordaithe sc\u00e1th\u00e1in ag an am.<Br \/><Br \/>\n\nMar chomhph\u00e1irt\u00ed sainchead\u00fanais de Admirror, tugann t\u00fa aird ar fh\u00f3gr\u00f3ir\u00ed an Admirror cliste \u00f3 fh\u00f3gr\u00f3ir\u00ed \u00e1iti\u00fala, r\u00e9igi\u00fanacha agus b\u2019fh\u00e9idir n\u00e1isi\u00fanta.<br \/><br \/>\n\nAr mhaith leat a bheith i do chomhph\u00e1irt\u00ed sainchead\u00fanais i do th\u00edr n\u00f3 i do r\u00e9igi\u00fan? T\u00e9igh i dteagmh\u00e1il linn. T\u00e1imid s\u00e1sta tuilleadh faisn\u00e9ise a shol\u00e1thar duit.\t\t\t\t\t\t<\/div>\n\t\t\t\t<\/div>\n\t\t\t\t\t<\/div>\n\t\t<\/div>\n\t\t\t\t\t\t\t<\/div>\n\t\t<\/section>\n\t\t\t\t\t<\/div>\n\t\t<\/div>\n\t\t\t\t\t\t\t<\/div>\n\t\t<\/section>\n\t\t\t\t\t\t<\/div>\n\t\t\t\t\t<\/div>\n\t\t","protected":false},"excerpt":{"rendered":"<p>\/\/Admirror Admirror Toghch\u00f3ras Leis an gcoincheap sofaistici\u00fail Admirror, t\u00e1 rochtain l\u00e1ithreach ag sainchead\u00fanaithe ar bhlianta taith\u00ed agus forbartha a th\u00f3g Admirror ar an margadh le haghaidh f\u00f3gra\u00edochta ar sc\u00e1th\u00e1in. Sin \u00e9 an f\u00e1th nach g\u00e1 duit mar sainchead\u00fana\u00ed \u00e9 a ath-chumadh, ach an f\u00e9idir leat tos\u00fa l\u00e1ithreach le cuma ghairmi\u00fail agus t\u00e1irge oibre gan locht [&hellip;]<\/p>\n","protected":false},"author":2,"featured_media":0,"parent":0,"menu_order":0,"comment_status":"closed","ping_status":"closed","template":"tpl-default-elementor.php","meta":{"_monsterinsights_skip_tracking":false,"_monsterinsights_sitenote_active":false,"_monsterinsights_sitenote_note":"","_monsterinsights_sitenote_category":0,"footnotes":""},"class_list":["post-3162","page","type-page","status-publish","hentry"],"yoast_head":"<!-- This site is optimized with the Yoast SEO plugin v26.7 - https:\/\/yoast.com\/wordpress\/plugins\/seo\/ -->\n<title>Toghch\u00f3ras | Admirror | A unique way of Advertising &amp; Communication<\/title>\n<meta name=\"description\" content=\"Mar sainchead\u00fana\u00ed Admirror t\u00e1 bunt\u00e1ist\u00ed \u00e9ags\u00fala agat. L\u00e9igh tuilleadh faoi sainchead\u00fanas Admirror anseo. N\u00edl t\u00fa i d&#039;aonar linn.\" \/>\n<meta name=\"robots\" content=\"index, follow, max-snippet:-1, max-image-preview:large, max-video-preview:-1\" \/>\n<link rel=\"canonical\" href=\"https:\/\/admirror.nl\/ga\/toghchoras\/\" \/>\n<meta property=\"og:locale\" content=\"ga_IE\" \/>\n<meta property=\"og:type\" content=\"article\" \/>\n<meta property=\"og:title\" content=\"Toghch\u00f3ras | Admirror | A unique way of Advertising &amp; Communication\" \/>\n<meta property=\"og:description\" content=\"Mar sainchead\u00fana\u00ed Admirror t\u00e1 bunt\u00e1ist\u00ed \u00e9ags\u00fala agat. L\u00e9igh tuilleadh faoi sainchead\u00fanas Admirror anseo. N\u00edl t\u00fa i d&#039;aonar linn.\" \/>\n<meta property=\"og:url\" content=\"https:\/\/admirror.nl\/ga\/toghchoras\/\" \/>\n<meta property=\"og:site_name\" content=\"Admirror\" \/>\n<meta property=\"article:publisher\" content=\"https:\/\/www.facebook.com\/Admirror\/\" \/>\n<meta property=\"article:modified_time\" content=\"2021-06-25T08:30:20+00:00\" \/>\n<meta property=\"og:image\" content=\"http:\/\/admirror.nl\/wp-content\/uploads\/2021\/05\/admirror-remy.jpg\" \/>\n<meta name=\"twitter:card\" content=\"summary_large_image\" \/>\n<meta name=\"twitter:site\" content=\"@admirror\" \/>\n<meta name=\"twitter:label1\" content=\"Est. reading time\" \/>\n\t<meta name=\"twitter:data1\" content=\"3 minutes\" \/>\n<script type=\"application\/ld+json\" class=\"yoast-schema-graph\">{\"@context\":\"https:\/\/schema.org\",\"@graph\":[{\"@type\":\"WebPage\",\"@id\":\"https:\/\/admirror.nl\/ga\/toghchoras\/\",\"url\":\"https:\/\/admirror.nl\/ga\/toghchoras\/\",\"name\":\"Toghch\u00f3ras | Admirror | A unique way of Advertising & Communication\",\"isPartOf\":{\"@id\":\"https:\/\/admirror.nl\/ga\/#website\"},\"primaryImageOfPage\":{\"@id\":\"https:\/\/admirror.nl\/ga\/toghchoras\/#primaryimage\"},\"image\":{\"@id\":\"https:\/\/admirror.nl\/ga\/toghchoras\/#primaryimage\"},\"thumbnailUrl\":\"http:\/\/admirror.nl\/wp-content\/uploads\/2021\/05\/admirror-remy.jpg\",\"datePublished\":\"2021-05-25T11:14:25+00:00\",\"dateModified\":\"2021-06-25T08:30:20+00:00\",\"description\":\"Mar sainchead\u00fana\u00ed Admirror t\u00e1 bunt\u00e1ist\u00ed \u00e9ags\u00fala agat. L\u00e9igh tuilleadh faoi sainchead\u00fanas Admirror anseo. N\u00edl t\u00fa i d'aonar linn.\",\"breadcrumb\":{\"@id\":\"https:\/\/admirror.nl\/ga\/toghchoras\/#breadcrumb\"},\"inLanguage\":\"ga-IE\",\"potentialAction\":[{\"@type\":\"ReadAction\",\"target\":[\"https:\/\/admirror.nl\/ga\/toghchoras\/\"]}]},{\"@type\":\"ImageObject\",\"inLanguage\":\"ga-IE\",\"@id\":\"https:\/\/admirror.nl\/ga\/toghchoras\/#primaryimage\",\"url\":\"http:\/\/admirror.nl\/wp-content\/uploads\/2021\/05\/admirror-remy.jpg\",\"contentUrl\":\"http:\/\/admirror.nl\/wp-content\/uploads\/2021\/05\/admirror-remy.jpg\"},{\"@type\":\"BreadcrumbList\",\"@id\":\"https:\/\/admirror.nl\/ga\/toghchoras\/#breadcrumb\",\"itemListElement\":[{\"@type\":\"ListItem\",\"position\":1,\"name\":\"Home\",\"item\":\"https:\/\/admirror.nl\/ga\/\"},{\"@type\":\"ListItem\",\"position\":2,\"name\":\"Toghch\u00f3ras\"}]},{\"@type\":\"WebSite\",\"@id\":\"https:\/\/admirror.nl\/ga\/#website\",\"url\":\"https:\/\/admirror.nl\/ga\/\",\"name\":\"Admirror\",\"description\":\"Admirror\",\"publisher\":{\"@id\":\"https:\/\/admirror.nl\/ga\/#organization\"},\"potentialAction\":[{\"@type\":\"SearchAction\",\"target\":{\"@type\":\"EntryPoint\",\"urlTemplate\":\"https:\/\/admirror.nl\/ga\/?s={search_term_string}\"},\"query-input\":{\"@type\":\"PropertyValueSpecification\",\"valueRequired\":true,\"valueName\":\"search_term_string\"}}],\"inLanguage\":\"ga-IE\"},{\"@type\":\"Organization\",\"@id\":\"https:\/\/admirror.nl\/ga\/#organization\",\"name\":\"Admirror\",\"url\":\"https:\/\/admirror.nl\/ga\/\",\"logo\":{\"@type\":\"ImageObject\",\"inLanguage\":\"ga-IE\",\"@id\":\"https:\/\/admirror.nl\/ga\/#\/schema\/logo\/image\/\",\"url\":\"http:\/\/admirror.nl\/wp-content\/uploads\/2021\/05\/logo-admirror.png\",\"contentUrl\":\"http:\/\/admirror.nl\/wp-content\/uploads\/2021\/05\/logo-admirror.png\",\"width\":442,\"height\":118,\"caption\":\"Admirror\"},\"image\":{\"@id\":\"https:\/\/admirror.nl\/ga\/#\/schema\/logo\/image\/\"},\"sameAs\":[\"https:\/\/www.facebook.com\/Admirror\/\",\"https:\/\/x.com\/admirror\",\"https:\/\/www.instagram.com\/admirrorbv\/\",\"https:\/\/www.linkedin.com\/company\/admirror\",\"https:\/\/www.youtube.com\/user\/admirrorbv\"]}]}<\/script>\n<!-- \/ Yoast SEO plugin. -->","yoast_head_json":{"title":"Toghch\u00f3ras | Admirror | A unique way of Advertising & Communication","description":"Mar sainchead\u00fana\u00ed Admirror t\u00e1 bunt\u00e1ist\u00ed \u00e9ags\u00fala agat. L\u00e9igh tuilleadh faoi sainchead\u00fanas Admirror anseo. N\u00edl t\u00fa i d'aonar linn.","robots":{"index":"index","follow":"follow","max-snippet":"max-snippet:-1","max-image-preview":"max-image-preview:large","max-video-preview":"max-video-preview:-1"},"canonical":"https:\/\/admirror.nl\/ga\/toghchoras\/","og_locale":"ga_IE","og_type":"article","og_title":"Toghch\u00f3ras | Admirror | A unique way of Advertising & Communication","og_description":"Mar sainchead\u00fana\u00ed Admirror t\u00e1 bunt\u00e1ist\u00ed \u00e9ags\u00fala agat. L\u00e9igh tuilleadh faoi sainchead\u00fanas Admirror anseo. N\u00edl t\u00fa i d'aonar linn.","og_url":"https:\/\/admirror.nl\/ga\/toghchoras\/","og_site_name":"Admirror","article_publisher":"https:\/\/www.facebook.com\/Admirror\/","article_modified_time":"2021-06-25T08:30:20+00:00","og_image":[{"url":"http:\/\/admirror.nl\/wp-content\/uploads\/2021\/05\/admirror-remy.jpg","type":"","width":"","height":""}],"twitter_card":"summary_large_image","twitter_site":"@admirror","twitter_misc":{"Est. reading time":"3 minutes"},"schema":{"@context":"https:\/\/schema.org","@graph":[{"@type":"WebPage","@id":"https:\/\/admirror.nl\/ga\/toghchoras\/","url":"https:\/\/admirror.nl\/ga\/toghchoras\/","name":"Toghch\u00f3ras | Admirror | A unique way of Advertising & Communication","isPartOf":{"@id":"https:\/\/admirror.nl\/ga\/#website"},"primaryImageOfPage":{"@id":"https:\/\/admirror.nl\/ga\/toghchoras\/#primaryimage"},"image":{"@id":"https:\/\/admirror.nl\/ga\/toghchoras\/#primaryimage"},"thumbnailUrl":"http:\/\/admirror.nl\/wp-content\/uploads\/2021\/05\/admirror-remy.jpg","datePublished":"2021-05-25T11:14:25+00:00","dateModified":"2021-06-25T08:30:20+00:00","description":"Mar sainchead\u00fana\u00ed Admirror t\u00e1 bunt\u00e1ist\u00ed \u00e9ags\u00fala agat. L\u00e9igh tuilleadh faoi sainchead\u00fanas Admirror anseo. N\u00edl t\u00fa i d'aonar linn.","breadcrumb":{"@id":"https:\/\/admirror.nl\/ga\/toghchoras\/#breadcrumb"},"inLanguage":"ga-IE","potentialAction":[{"@type":"ReadAction","target":["https:\/\/admirror.nl\/ga\/toghchoras\/"]}]},{"@type":"ImageObject","inLanguage":"ga-IE","@id":"https:\/\/admirror.nl\/ga\/toghchoras\/#primaryimage","url":"http:\/\/admirror.nl\/wp-content\/uploads\/2021\/05\/admirror-remy.jpg","contentUrl":"http:\/\/admirror.nl\/wp-content\/uploads\/2021\/05\/admirror-remy.jpg"},{"@type":"BreadcrumbList","@id":"https:\/\/admirror.nl\/ga\/toghchoras\/#breadcrumb","itemListElement":[{"@type":"ListItem","position":1,"name":"Home","item":"https:\/\/admirror.nl\/ga\/"},{"@type":"ListItem","position":2,"name":"Toghch\u00f3ras"}]},{"@type":"WebSite","@id":"https:\/\/admirror.nl\/ga\/#website","url":"https:\/\/admirror.nl\/ga\/","name":"Admirror","description":"Admirror","publisher":{"@id":"https:\/\/admirror.nl\/ga\/#organization"},"potentialAction":[{"@type":"SearchAction","target":{"@type":"EntryPoint","urlTemplate":"https:\/\/admirror.nl\/ga\/?s={search_term_string}"},"query-input":{"@type":"PropertyValueSpecification","valueRequired":true,"valueName":"search_term_string"}}],"inLanguage":"ga-IE"},{"@type":"Organization","@id":"https:\/\/admirror.nl\/ga\/#organization","name":"Admirror","url":"https:\/\/admirror.nl\/ga\/","logo":{"@type":"ImageObject","inLanguage":"ga-IE","@id":"https:\/\/admirror.nl\/ga\/#\/schema\/logo\/image\/","url":"http:\/\/admirror.nl\/wp-content\/uploads\/2021\/05\/logo-admirror.png","contentUrl":"http:\/\/admirror.nl\/wp-content\/uploads\/2021\/05\/logo-admirror.png","width":442,"height":118,"caption":"Admirror"},"image":{"@id":"https:\/\/admirror.nl\/ga\/#\/schema\/logo\/image\/"},"sameAs":["https:\/\/www.facebook.com\/Admirror\/","https:\/\/x.com\/admirror","https:\/\/www.instagram.com\/admirrorbv\/","https:\/\/www.linkedin.com\/company\/admirror","https:\/\/www.youtube.com\/user\/admirrorbv"]}]}},"_links":{"self":[{"href":"https:\/\/admirror.nl\/ga\/wp-json\/wp\/v2\/pages\/3162","targetHints":{"allow":["GET"]}}],"collection":[{"href":"https:\/\/admirror.nl\/ga\/wp-json\/wp\/v2\/pages"}],"about":[{"href":"https:\/\/admirror.nl\/ga\/wp-json\/wp\/v2\/types\/page"}],"author":[{"embeddable":true,"href":"https:\/\/admirror.nl\/ga\/wp-json\/wp\/v2\/users\/2"}],"replies":[{"embeddable":true,"href":"https:\/\/admirror.nl\/ga\/wp-json\/wp\/v2\/comments?post=3162"}],"version-history":[{"count":0,"href":"https:\/\/admirror.nl\/ga\/wp-json\/wp\/v2\/pages\/3162\/revisions"}],"wp:attachment":[{"href":"https:\/\/admirror.nl\/ga\/wp-json\/wp\/v2\/media?parent=3162"}],"curies":[{"name":"wp","href":"https:\/\/api.w.org\/{rel}","templated":true}]}}