{"id":3160,"date":"2021-05-21T12:18:22","date_gmt":"2021-05-21T12:18:22","guid":{"rendered":"http:\/\/admirror.nl\/advertise\/"},"modified":"2021-06-29T07:42:13","modified_gmt":"2021-06-29T07:42:13","slug":"a-fhogairt","status":"publish","type":"page","link":"https:\/\/admirror.nl\/ga\/a-fhogairt\/","title":{"rendered":"A fh\u00f3gairt"},"content":{"rendered":"\t\t<div data-elementor-type=\"wp-page\" data-elementor-id=\"3160\" class=\"elementor elementor-3160 elementor-1489\" data-elementor-settings=\"[]\">\n\t\t\t\t\t\t\t<div class=\"elementor-section-wrap\">\n\t\t\t\t\t\t\t<section class=\"elementor-section elementor-top-section elementor-element elementor-element-c22271a elementor-section-full_width elementor-section-height-default elementor-section-height-default\" data-id=\"c22271a\" data-element_type=\"section\">\n\t\t\t\t\t\t<div class=\"elementor-container elementor-column-gap-default\">\n\t\t\t\t\t<div class=\"elementor-column elementor-col-100 elementor-top-column elementor-element elementor-element-405b881\" data-id=\"405b881\" data-element_type=\"column\">\n\t\t\t<div class=\"elementor-widget-wrap elementor-element-populated\">\n\t\t\t\t\t\t\t\t<div class=\"elementor-element elementor-element-2394492 elementor-widget elementor-widget-topika_about_company\" data-id=\"2394492\" data-element_type=\"widget\" data-widget_type=\"topika_about_company.default\">\n\t\t\t\t<div class=\"elementor-widget-container\">\n\t\t\t\r\n        <!-- about-style-four -->\r\n        <section class=\"about-style-four\">\r\n            <div class=\"auto-container\">\r\n                <div class=\"row clearfix\">\r\n                    <div class=\"col-lg-6 col-md-12 col-sm-12 content-column\">\r\n                        <div id=\"content_block_8\">\r\n                            <div class=\"content-box mr-10\">\r\n                                <div class=\"sec-title\">\r\n                                    <h5><span>\/\/<\/span>Admirror<\/h5>\r\n                                    <h2>A fh\u00f3gairt<\/h2>\r\n                                <\/div>\r\n                                <div class=\"text\">\r\n                                    <em>C\u00e9n f\u00e1th f\u00f3gra\u00edocht a dh\u00e9anamh ar an Admirror?<\/em><br \/><p>Le f\u00f3gra ar an Admirror, is f\u00e9idir leat d\u00edri\u00fa ar an lucht f\u00e9achana ag an am agus\nan luach aird at\u00e1 ag teast\u00e1il a bhaint amach.<\/p><p>\nMeallann bialann daoine difri\u00fala seachas caif\u00e9. Agus a thugann cuairt ar chlub\nsp\u00f3irt n\u00f3 ar z\u00fa, t\u00e1 s\u00e9 i gi\u00famar an-difri\u00fail n\u00e1 duine a thugann cuairt ar\nphicti\u00farlann. T\u00e1 na difr\u00edochta\u00ed seo riachtanach. F\u00f3gra\u00edocht \u00e9ifeachtach n\u00ed\namh\u00e1in faoi ghn\u00edomha\u00edocht spriocdh\u00edrithe i dtreo an spriocghr\u00fapa ach freisin\nmeasc\u00e1n den spriocghr\u00fapa, su\u00edomh agus uaini\u00fa. T\u00e1 na f\u00f3gra\u00ed tr\u00e1cht\u00e1la \u00far i\ngcuimhne an lucht f\u00e9achana sc\u00e1th\u00e1in, rud a fh\u00e1gann go bhfuil daoine ag\niarraidh \u00e9 a cheannach. Ionas go bhfaca s\u00e9 an sc\u00e1th\u00e1n go comhfhiosach n\u00f3\ngo neamhfhiosach. Tugann Admirror seans duit imirt air seo.<\/p>                                <\/div>\r\n                                                                <div class=\"btn-box\">\r\n                                \t<a href=\"\/ga\/skontaktuj-sie-z-nami\/\" class=\"theme-btn-one\">BA MHAITH LIOM F\u00d3GRA\u00cdOCHT A DH\u00c9ANAMH<\/a>\r\n                                <\/div>\r\n                                                            <\/div>\r\n                        <\/div>\r\n                    <\/div>\r\n                    <div class=\"col-lg-6 col-md-12 col-sm-12 image-column\">\r\n                        <div id=\"image_block_6\">\r\n                            <div class=\"image-box\">\r\n                                <div class=\"pattern\">\r\n                                    <div class=\"pattern-1\" style=\"background-image: url(https:\/\/admirror.nl\/wp-content\/themes\/admirror\/assets\/images\/shape\/pattern-59.png);\"><\/div>\r\n                                    <div class=\"pattern-2\" style=\"background-image: url(https:\/\/admirror.nl\/wp-content\/themes\/admirror\/assets\/images\/shape\/pattern-60.png);\"><\/div>\r\n                                <\/div>\r\n                                <figure class=\"image\"><img decoding=\"async\" src=\"https:\/\/admirror.nl\/wp-content\/uploads\/2021\/05\/Interactieve-Smart-Admirror-Admirror-6.jpg\" alt=\"Awesome Image\"><\/figure>\r\n                            <\/div>\r\n                        <\/div>\r\n                    <\/div>\r\n                <\/div>\r\n            <\/div>\r\n        <\/section>\r\n        <!-- about-style-four end -->\r\n\r\n        \t\t<\/div>\n\t\t\t\t<\/div>\n\t\t\t\t<section class=\"elementor-section elementor-inner-section elementor-element elementor-element-ffbc53f elementor-section-boxed elementor-section-height-default elementor-section-height-default\" data-id=\"ffbc53f\" data-element_type=\"section\">\n\t\t\t\t\t\t<div class=\"elementor-container elementor-column-gap-default\">\n\t\t\t\t\t<div class=\"elementor-column elementor-col-50 elementor-inner-column elementor-element elementor-element-ba9ee06\" data-id=\"ba9ee06\" data-element_type=\"column\">\n\t\t\t<div class=\"elementor-widget-wrap elementor-element-populated\">\n\t\t\t\t\t\t\t\t<div class=\"elementor-element elementor-element-9523b3e elementor-widget elementor-widget-heading\" data-id=\"9523b3e\" data-element_type=\"widget\" data-widget_type=\"heading.default\">\n\t\t\t\t<div class=\"elementor-widget-container\">\n\t\t\t<h2 class=\"elementor-heading-title elementor-size-default\">6.000 Spota\u00ed f\u00f3gra\u00edochta<\/h2>\t\t<\/div>\n\t\t\t\t<\/div>\n\t\t\t\t<div class=\"elementor-element elementor-element-3c05178 elementor-widget elementor-widget-text-editor\" data-id=\"3c05178\" data-element_type=\"widget\" data-widget_type=\"text-editor.default\">\n\t\t\t\t<div class=\"elementor-widget-container\">\n\t\t\t\t\t\t\t\tIs f\u00e9idir \u00e9 seo a dh\u00e9anamh ar leibh\u00e9al \u00e1iti\u00fail, r\u00e9igi\u00fanach n\u00f3 n\u00e1isi\u00fanta. Is f\u00e9idir le U\nroghn\u00fa \u00f3 raon leathan spota\u00ed f\u00f3gra\u00edochta. Is f\u00e9idir le U rogha a dh\u00e9anamh as n\u00edos m\u00f3\nn\u00e1 6.000 spot f\u00f3gra\u00edochta san \u00cdsilt\u00edr, sa Bheilg agus sa Ghearm\u00e1in. Smaoinigh ar\nchaif\u00e9anna agus phicti\u00farlanna ach freisin ionaid foll\u00e1ine, bialanna agus brasseries. Is\nf\u00e9idir le U s\u00ednti\u00fas bliant\u00fail n\u00f3 s\u00ednti\u00fas a roghn\u00fa le t\u00e9arma difri\u00fail. Le haghaidh\ninfheist\u00edochta r\u00e9as\u00fanta \u00edseal, d\u00e9anfaimid na f\u00f3gra\u00ed a mhalart\u00fa ar do shon. Tugann s\u00e9\nseo an deis duit aird a tharraingt go sealadach ar chur chun cinn, imeachta\u00ed n\u00f3\ntairiscint\u00ed.\t\t\t\t\t\t<\/div>\n\t\t\t\t<\/div>\n\t\t\t\t<div class=\"elementor-element elementor-element-c658dd0 elementor-widget elementor-widget-heading\" data-id=\"c658dd0\" data-element_type=\"widget\" data-widget_type=\"heading.default\">\n\t\t\t\t<div class=\"elementor-widget-container\">\n\t\t\t<h2 class=\"elementor-heading-title elementor-size-default\">\u00c9ifeachtach agus saor<\/h2>\t\t<\/div>\n\t\t\t\t<\/div>\n\t\t\t\t<div class=\"elementor-element elementor-element-32417f4 elementor-widget elementor-widget-text-editor\" data-id=\"32417f4\" data-element_type=\"widget\" data-widget_type=\"text-editor.default\">\n\t\t\t\t<div class=\"elementor-widget-container\">\n\t\t\t\t\t\t\t\tLe ch\u00e9ile is f\u00e9idir linn a chinneadh c\u00e9 na su\u00edomhanna agus na sc\u00e1th\u00e1in ar f\u00e9idir leat\nan ceann is \u00e9ifeachta\u00ed a fh\u00f3gairt. T\u00e1 \u00e1r gcomhairleoir\u00ed s\u00e1sta labhairt leat faoi gach\nf\u00e9idearthacht le comhr\u00e1 pearsanta.\t\t\t\t\t\t<\/div>\n\t\t\t\t<\/div>\n\t\t\t\t\t<\/div>\n\t\t<\/div>\n\t\t\t\t<div class=\"elementor-column elementor-col-50 elementor-inner-column elementor-element elementor-element-ba1609f\" data-id=\"ba1609f\" data-element_type=\"column\">\n\t\t\t<div class=\"elementor-widget-wrap elementor-element-populated\">\n\t\t\t\t\t\t\t\t<div class=\"elementor-element elementor-element-3186961 elementor-widget elementor-widget-heading\" data-id=\"3186961\" data-element_type=\"widget\" data-widget_type=\"heading.default\">\n\t\t\t\t<div class=\"elementor-widget-container\">\n\t\t\t<h2 class=\"elementor-heading-title elementor-size-default\">Pr\u00edomhbhunt\u00e1ist\u00ed an Admirror do na f\u00f3gr\u00f3ir\u00ed.<\/h2>\t\t<\/div>\n\t\t\t\t<\/div>\n\t\t\t\t<div class=\"elementor-element elementor-element-cf0c4e7 elementor-icon-list--layout-traditional elementor-list-item-link-full_width elementor-widget elementor-widget-icon-list\" data-id=\"cf0c4e7\" data-element_type=\"widget\" data-widget_type=\"icon-list.default\">\n\t\t\t\t<div class=\"elementor-widget-container\">\n\t\t\t\t\t<ul class=\"elementor-icon-list-items\">\n\t\t\t\t\t\t\t<li class=\"elementor-icon-list-item\">\n\t\t\t\t\t\t\t\t\t\t\t<span class=\"elementor-icon-list-icon\">\n\t\t\t\t\t\t\t<i aria-hidden=\"true\" class=\"fas fa-dot-circle\"><\/i>\t\t\t\t\t\t<\/span>\n\t\t\t\t\t\t\t\t\t\t<span class=\"elementor-icon-list-text\">Tiom\u00e1inte go sc\u00e1th\u00e1n<\/span>\n\t\t\t\t\t\t\t\t\t<\/li>\n\t\t\t\t\t\t\t\t<li class=\"elementor-icon-list-item\">\n\t\t\t\t\t\t\t\t\t\t\t<span class=\"elementor-icon-list-icon\">\n\t\t\t\t\t\t\t<i aria-hidden=\"true\" class=\"fas fa-dot-circle\"><\/i>\t\t\t\t\t\t<\/span>\n\t\t\t\t\t\t\t\t\t\t<span class=\"elementor-icon-list-text\">Bealach nu\u00e1la\u00edoch cumars\u00e1ide<\/span>\n\t\t\t\t\t\t\t\t\t<\/li>\n\t\t\t\t\t\t\t\t<li class=\"elementor-icon-list-item\">\n\t\t\t\t\t\t\t\t\t\t\t<span class=\"elementor-icon-list-icon\">\n\t\t\t\t\t\t\t<i aria-hidden=\"true\" class=\"fas fa-dot-circle\"><\/i>\t\t\t\t\t\t<\/span>\n\t\t\t\t\t\t\t\t\t\t<span class=\"elementor-icon-list-text\">Ard\u00e1n chun an spriocghr\u00fapa ceart a bhaint amach tr\u00edd an mbealach cumars\u00e1ide seo<\/span>\n\t\t\t\t\t\t\t\t\t<\/li>\n\t\t\t\t\t\t\t\t<li class=\"elementor-icon-list-item\">\n\t\t\t\t\t\t\t\t\t\t\t<span class=\"elementor-icon-list-icon\">\n\t\t\t\t\t\t\t<i aria-hidden=\"true\" class=\"fas fa-dot-circle\"><\/i>\t\t\t\t\t\t<\/span>\n\t\t\t\t\t\t\t\t\t\t<span class=\"elementor-icon-list-text\">Siamsa\u00edocht dhearfach<\/span>\n\t\t\t\t\t\t\t\t\t<\/li>\n\t\t\t\t\t\t\t\t<li class=\"elementor-icon-list-item\">\n\t\t\t\t\t\t\t\t\t\t\t<span class=\"elementor-icon-list-icon\">\n\t\t\t\t\t\t\t<i aria-hidden=\"true\" class=\"fas fa-dot-circle\"><\/i>\t\t\t\t\t\t<\/span>\n\t\t\t\t\t\t\t\t\t\t<span class=\"elementor-icon-list-text\">Nochtadh \u00c9igeantach, n\u00ed f\u00e9idir neamhaird a dh\u00e9anamh den l\u00e9iri\u00fa<\/span>\n\t\t\t\t\t\t\t\t\t<\/li>\n\t\t\t\t\t\t\t\t<li class=\"elementor-icon-list-item\">\n\t\t\t\t\t\t\t\t\t\t\t<span class=\"elementor-icon-list-icon\">\n\t\t\t\t\t\t\t<i aria-hidden=\"true\" class=\"fas fa-dot-circle\"><\/i>\t\t\t\t\t\t<\/span>\n\t\t\t\t\t\t\t\t\t\t<span class=\"elementor-icon-list-text\">T\u00e1 an chumhacht stad is fearr ag an bhf\u00f3gra\u00edocht<\/span>\n\t\t\t\t\t\t\t\t\t<\/li>\n\t\t\t\t\t\t<\/ul>\n\t\t\t\t<\/div>\n\t\t\t\t<\/div>\n\t\t\t\t\t<\/div>\n\t\t<\/div>\n\t\t\t\t\t\t\t<\/div>\n\t\t<\/section>\n\t\t\t\t\t<\/div>\n\t\t<\/div>\n\t\t\t\t\t\t\t<\/div>\n\t\t<\/section>\n\t\t\t\t\t\t<\/div>\n\t\t\t\t\t<\/div>\n\t\t","protected":false},"excerpt":{"rendered":"<p>\/\/Admirror A fh\u00f3gairt C\u00e9n f\u00e1th f\u00f3gra\u00edocht a dh\u00e9anamh ar an Admirror? Le f\u00f3gra ar an Admirror, is f\u00e9idir leat d\u00edri\u00fa ar an lucht f\u00e9achana ag an am agus an luach aird at\u00e1 ag teast\u00e1il a bhaint amach. Meallann bialann daoine difri\u00fala seachas caif\u00e9. Agus a thugann cuairt ar chlub sp\u00f3irt n\u00f3 ar z\u00fa, t\u00e1 s\u00e9 [&hellip;]<\/p>\n","protected":false},"author":2,"featured_media":0,"parent":0,"menu_order":0,"comment_status":"closed","ping_status":"closed","template":"tpl-default-elementor.php","meta":{"_monsterinsights_skip_tracking":false,"_monsterinsights_sitenote_active":false,"_monsterinsights_sitenote_note":"","_monsterinsights_sitenote_category":0,"footnotes":""},"class_list":["post-3160","page","type-page","status-publish","hentry"],"yoast_head":"<!-- This site is optimized with the Yoast SEO plugin v26.7 - https:\/\/yoast.com\/wordpress\/plugins\/seo\/ -->\n<title>A fh\u00f3gairt | Admirror | A unique way of Advertising &amp; Communication<\/title>\n<meta name=\"description\" content=\"Cumars\u00e1id agus f\u00f3gra\u00edocht a dh\u00e9anamh ar bhealach nu\u00e1la\u00edoch ar an Smart Admirror? L\u00e9igh tuilleadh faoi roghanna f\u00f3gra\u00edochta Admirror anseo.\" \/>\n<meta name=\"robots\" content=\"index, follow, max-snippet:-1, max-image-preview:large, max-video-preview:-1\" \/>\n<link rel=\"canonical\" href=\"https:\/\/admirror.nl\/ga\/a-fhogairt\/\" \/>\n<meta property=\"og:locale\" content=\"ga_IE\" \/>\n<meta property=\"og:type\" content=\"article\" \/>\n<meta property=\"og:title\" content=\"A fh\u00f3gairt | Admirror | A unique way of Advertising &amp; Communication\" \/>\n<meta property=\"og:description\" content=\"Cumars\u00e1id agus f\u00f3gra\u00edocht a dh\u00e9anamh ar bhealach nu\u00e1la\u00edoch ar an Smart Admirror? L\u00e9igh tuilleadh faoi roghanna f\u00f3gra\u00edochta Admirror anseo.\" \/>\n<meta property=\"og:url\" content=\"https:\/\/admirror.nl\/ga\/a-fhogairt\/\" \/>\n<meta property=\"og:site_name\" content=\"Admirror\" \/>\n<meta property=\"article:publisher\" content=\"https:\/\/www.facebook.com\/Admirror\/\" \/>\n<meta property=\"article:modified_time\" content=\"2021-06-29T07:42:13+00:00\" \/>\n<meta property=\"og:image\" content=\"http:\/\/admirror.nl\/wp-content\/uploads\/2021\/05\/Interactieve-Smart-Admirror-Admirror-6.jpg\" \/>\n<meta name=\"twitter:card\" content=\"summary_large_image\" \/>\n<meta name=\"twitter:site\" content=\"@admirror\" \/>\n<meta name=\"twitter:label1\" content=\"Est. reading time\" \/>\n\t<meta name=\"twitter:data1\" content=\"2 minutes\" \/>\n<script type=\"application\/ld+json\" class=\"yoast-schema-graph\">{\"@context\":\"https:\/\/schema.org\",\"@graph\":[{\"@type\":\"WebPage\",\"@id\":\"https:\/\/admirror.nl\/ga\/a-fhogairt\/\",\"url\":\"https:\/\/admirror.nl\/ga\/a-fhogairt\/\",\"name\":\"A fh\u00f3gairt | Admirror | A unique way of Advertising & Communication\",\"isPartOf\":{\"@id\":\"https:\/\/admirror.nl\/ga\/#website\"},\"primaryImageOfPage\":{\"@id\":\"https:\/\/admirror.nl\/ga\/a-fhogairt\/#primaryimage\"},\"image\":{\"@id\":\"https:\/\/admirror.nl\/ga\/a-fhogairt\/#primaryimage\"},\"thumbnailUrl\":\"http:\/\/admirror.nl\/wp-content\/uploads\/2021\/05\/Interactieve-Smart-Admirror-Admirror-6.jpg\",\"datePublished\":\"2021-05-21T12:18:22+00:00\",\"dateModified\":\"2021-06-29T07:42:13+00:00\",\"description\":\"Cumars\u00e1id agus f\u00f3gra\u00edocht a dh\u00e9anamh ar bhealach nu\u00e1la\u00edoch ar an Smart Admirror? L\u00e9igh tuilleadh faoi roghanna f\u00f3gra\u00edochta Admirror anseo.\",\"breadcrumb\":{\"@id\":\"https:\/\/admirror.nl\/ga\/a-fhogairt\/#breadcrumb\"},\"inLanguage\":\"ga-IE\",\"potentialAction\":[{\"@type\":\"ReadAction\",\"target\":[\"https:\/\/admirror.nl\/ga\/a-fhogairt\/\"]}]},{\"@type\":\"ImageObject\",\"inLanguage\":\"ga-IE\",\"@id\":\"https:\/\/admirror.nl\/ga\/a-fhogairt\/#primaryimage\",\"url\":\"http:\/\/admirror.nl\/wp-content\/uploads\/2021\/05\/Interactieve-Smart-Admirror-Admirror-6.jpg\",\"contentUrl\":\"http:\/\/admirror.nl\/wp-content\/uploads\/2021\/05\/Interactieve-Smart-Admirror-Admirror-6.jpg\"},{\"@type\":\"BreadcrumbList\",\"@id\":\"https:\/\/admirror.nl\/ga\/a-fhogairt\/#breadcrumb\",\"itemListElement\":[{\"@type\":\"ListItem\",\"position\":1,\"name\":\"Home\",\"item\":\"https:\/\/admirror.nl\/ga\/\"},{\"@type\":\"ListItem\",\"position\":2,\"name\":\"A fh\u00f3gairt\"}]},{\"@type\":\"WebSite\",\"@id\":\"https:\/\/admirror.nl\/ga\/#website\",\"url\":\"https:\/\/admirror.nl\/ga\/\",\"name\":\"Admirror\",\"description\":\"Admirror\",\"publisher\":{\"@id\":\"https:\/\/admirror.nl\/ga\/#organization\"},\"potentialAction\":[{\"@type\":\"SearchAction\",\"target\":{\"@type\":\"EntryPoint\",\"urlTemplate\":\"https:\/\/admirror.nl\/ga\/?s={search_term_string}\"},\"query-input\":{\"@type\":\"PropertyValueSpecification\",\"valueRequired\":true,\"valueName\":\"search_term_string\"}}],\"inLanguage\":\"ga-IE\"},{\"@type\":\"Organization\",\"@id\":\"https:\/\/admirror.nl\/ga\/#organization\",\"name\":\"Admirror\",\"url\":\"https:\/\/admirror.nl\/ga\/\",\"logo\":{\"@type\":\"ImageObject\",\"inLanguage\":\"ga-IE\",\"@id\":\"https:\/\/admirror.nl\/ga\/#\/schema\/logo\/image\/\",\"url\":\"http:\/\/admirror.nl\/wp-content\/uploads\/2021\/05\/logo-admirror.png\",\"contentUrl\":\"http:\/\/admirror.nl\/wp-content\/uploads\/2021\/05\/logo-admirror.png\",\"width\":442,\"height\":118,\"caption\":\"Admirror\"},\"image\":{\"@id\":\"https:\/\/admirror.nl\/ga\/#\/schema\/logo\/image\/\"},\"sameAs\":[\"https:\/\/www.facebook.com\/Admirror\/\",\"https:\/\/x.com\/admirror\",\"https:\/\/www.instagram.com\/admirrorbv\/\",\"https:\/\/www.linkedin.com\/company\/admirror\",\"https:\/\/www.youtube.com\/user\/admirrorbv\"]}]}<\/script>\n<!-- \/ Yoast SEO plugin. -->","yoast_head_json":{"title":"A fh\u00f3gairt | Admirror | A unique way of Advertising & Communication","description":"Cumars\u00e1id agus f\u00f3gra\u00edocht a dh\u00e9anamh ar bhealach nu\u00e1la\u00edoch ar an Smart Admirror? L\u00e9igh tuilleadh faoi roghanna f\u00f3gra\u00edochta Admirror anseo.","robots":{"index":"index","follow":"follow","max-snippet":"max-snippet:-1","max-image-preview":"max-image-preview:large","max-video-preview":"max-video-preview:-1"},"canonical":"https:\/\/admirror.nl\/ga\/a-fhogairt\/","og_locale":"ga_IE","og_type":"article","og_title":"A fh\u00f3gairt | Admirror | A unique way of Advertising & Communication","og_description":"Cumars\u00e1id agus f\u00f3gra\u00edocht a dh\u00e9anamh ar bhealach nu\u00e1la\u00edoch ar an Smart Admirror? L\u00e9igh tuilleadh faoi roghanna f\u00f3gra\u00edochta Admirror anseo.","og_url":"https:\/\/admirror.nl\/ga\/a-fhogairt\/","og_site_name":"Admirror","article_publisher":"https:\/\/www.facebook.com\/Admirror\/","article_modified_time":"2021-06-29T07:42:13+00:00","og_image":[{"url":"http:\/\/admirror.nl\/wp-content\/uploads\/2021\/05\/Interactieve-Smart-Admirror-Admirror-6.jpg","type":"","width":"","height":""}],"twitter_card":"summary_large_image","twitter_site":"@admirror","twitter_misc":{"Est. reading time":"2 minutes"},"schema":{"@context":"https:\/\/schema.org","@graph":[{"@type":"WebPage","@id":"https:\/\/admirror.nl\/ga\/a-fhogairt\/","url":"https:\/\/admirror.nl\/ga\/a-fhogairt\/","name":"A fh\u00f3gairt | Admirror | A unique way of Advertising & Communication","isPartOf":{"@id":"https:\/\/admirror.nl\/ga\/#website"},"primaryImageOfPage":{"@id":"https:\/\/admirror.nl\/ga\/a-fhogairt\/#primaryimage"},"image":{"@id":"https:\/\/admirror.nl\/ga\/a-fhogairt\/#primaryimage"},"thumbnailUrl":"http:\/\/admirror.nl\/wp-content\/uploads\/2021\/05\/Interactieve-Smart-Admirror-Admirror-6.jpg","datePublished":"2021-05-21T12:18:22+00:00","dateModified":"2021-06-29T07:42:13+00:00","description":"Cumars\u00e1id agus f\u00f3gra\u00edocht a dh\u00e9anamh ar bhealach nu\u00e1la\u00edoch ar an Smart Admirror? L\u00e9igh tuilleadh faoi roghanna f\u00f3gra\u00edochta Admirror anseo.","breadcrumb":{"@id":"https:\/\/admirror.nl\/ga\/a-fhogairt\/#breadcrumb"},"inLanguage":"ga-IE","potentialAction":[{"@type":"ReadAction","target":["https:\/\/admirror.nl\/ga\/a-fhogairt\/"]}]},{"@type":"ImageObject","inLanguage":"ga-IE","@id":"https:\/\/admirror.nl\/ga\/a-fhogairt\/#primaryimage","url":"http:\/\/admirror.nl\/wp-content\/uploads\/2021\/05\/Interactieve-Smart-Admirror-Admirror-6.jpg","contentUrl":"http:\/\/admirror.nl\/wp-content\/uploads\/2021\/05\/Interactieve-Smart-Admirror-Admirror-6.jpg"},{"@type":"BreadcrumbList","@id":"https:\/\/admirror.nl\/ga\/a-fhogairt\/#breadcrumb","itemListElement":[{"@type":"ListItem","position":1,"name":"Home","item":"https:\/\/admirror.nl\/ga\/"},{"@type":"ListItem","position":2,"name":"A fh\u00f3gairt"}]},{"@type":"WebSite","@id":"https:\/\/admirror.nl\/ga\/#website","url":"https:\/\/admirror.nl\/ga\/","name":"Admirror","description":"Admirror","publisher":{"@id":"https:\/\/admirror.nl\/ga\/#organization"},"potentialAction":[{"@type":"SearchAction","target":{"@type":"EntryPoint","urlTemplate":"https:\/\/admirror.nl\/ga\/?s={search_term_string}"},"query-input":{"@type":"PropertyValueSpecification","valueRequired":true,"valueName":"search_term_string"}}],"inLanguage":"ga-IE"},{"@type":"Organization","@id":"https:\/\/admirror.nl\/ga\/#organization","name":"Admirror","url":"https:\/\/admirror.nl\/ga\/","logo":{"@type":"ImageObject","inLanguage":"ga-IE","@id":"https:\/\/admirror.nl\/ga\/#\/schema\/logo\/image\/","url":"http:\/\/admirror.nl\/wp-content\/uploads\/2021\/05\/logo-admirror.png","contentUrl":"http:\/\/admirror.nl\/wp-content\/uploads\/2021\/05\/logo-admirror.png","width":442,"height":118,"caption":"Admirror"},"image":{"@id":"https:\/\/admirror.nl\/ga\/#\/schema\/logo\/image\/"},"sameAs":["https:\/\/www.facebook.com\/Admirror\/","https:\/\/x.com\/admirror","https:\/\/www.instagram.com\/admirrorbv\/","https:\/\/www.linkedin.com\/company\/admirror","https:\/\/www.youtube.com\/user\/admirrorbv"]}]}},"_links":{"self":[{"href":"https:\/\/admirror.nl\/ga\/wp-json\/wp\/v2\/pages\/3160","targetHints":{"allow":["GET"]}}],"collection":[{"href":"https:\/\/admirror.nl\/ga\/wp-json\/wp\/v2\/pages"}],"about":[{"href":"https:\/\/admirror.nl\/ga\/wp-json\/wp\/v2\/types\/page"}],"author":[{"embeddable":true,"href":"https:\/\/admirror.nl\/ga\/wp-json\/wp\/v2\/users\/2"}],"replies":[{"embeddable":true,"href":"https:\/\/admirror.nl\/ga\/wp-json\/wp\/v2\/comments?post=3160"}],"version-history":[{"count":0,"href":"https:\/\/admirror.nl\/ga\/wp-json\/wp\/v2\/pages\/3160\/revisions"}],"wp:attachment":[{"href":"https:\/\/admirror.nl\/ga\/wp-json\/wp\/v2\/media?parent=3160"}],"curies":[{"name":"wp","href":"https:\/\/api.w.org\/{rel}","templated":true}]}}