{"id":3203,"date":"2021-05-26T07:04:05","date_gmt":"2021-05-26T07:04:05","guid":{"rendered":"http:\/\/admirror.nl\/brochures-en-presentaties\/"},"modified":"2021-06-25T09:33:29","modified_gmt":"2021-06-25T09:33:29","slug":"folletos-y-presentaciones","status":"publish","type":"page","link":"https:\/\/admirror.nl\/es\/folletos-y-presentaciones\/","title":{"rendered":"Folletos y presentaciones"},"content":{"rendered":"\t\t<div data-elementor-type=\"wp-page\" data-elementor-id=\"3203\" class=\"elementor elementor-3203 elementor-1956\" data-elementor-settings=\"[]\">\n\t\t\t\t\t\t\t<div class=\"elementor-section-wrap\">\n\t\t\t\t\t\t\t<section class=\"elementor-section elementor-top-section elementor-element elementor-element-c22271a elementor-section-full_width elementor-section-height-default elementor-section-height-default\" data-id=\"c22271a\" data-element_type=\"section\">\n\t\t\t\t\t\t<div class=\"elementor-container elementor-column-gap-default\">\n\t\t\t\t\t<div class=\"elementor-column elementor-col-100 elementor-top-column elementor-element elementor-element-405b881\" data-id=\"405b881\" data-element_type=\"column\">\n\t\t\t<div class=\"elementor-widget-wrap elementor-element-populated\">\n\t\t\t\t\t\t\t\t<section class=\"elementor-section elementor-inner-section elementor-element elementor-element-ffbc53f elementor-section-boxed elementor-section-height-default elementor-section-height-default\" data-id=\"ffbc53f\" data-element_type=\"section\">\n\t\t\t\t\t\t<div class=\"elementor-container elementor-column-gap-default\">\n\t\t\t\t\t<div class=\"elementor-column elementor-col-50 elementor-inner-column elementor-element elementor-element-ba9ee06\" data-id=\"ba9ee06\" data-element_type=\"column\">\n\t\t\t<div class=\"elementor-widget-wrap elementor-element-populated\">\n\t\t\t\t\t\t\t\t<div class=\"elementor-element elementor-element-9523b3e elementor-widget elementor-widget-heading\" data-id=\"9523b3e\" data-element_type=\"widget\" data-widget_type=\"heading.default\">\n\t\t\t\t<div class=\"elementor-widget-container\">\n\t\t\t<h2 class=\"elementor-heading-title elementor-size-default\">presentaciones<\/h2>\t\t<\/div>\n\t\t\t\t<\/div>\n\t\t\t\t<div class=\"elementor-element elementor-element-31c3ae0 elementor-icon-list--layout-traditional elementor-list-item-link-full_width elementor-widget elementor-widget-icon-list\" data-id=\"31c3ae0\" data-element_type=\"widget\" data-widget_type=\"icon-list.default\">\n\t\t\t\t<div class=\"elementor-widget-container\">\n\t\t\t\t\t<ul class=\"elementor-icon-list-items\">\n\t\t\t\t\t\t\t<li class=\"elementor-icon-list-item\">\n\t\t\t\t\t<a href=\"\/wp-content\/uploads\/2021\/05\/Admirror-Informatie2-NL.pdf\" target=\"_blank\">\t\t\t\t\t\t<span class=\"elementor-icon-list-icon\">\n\t\t\t\t\t\t\t<i aria-hidden=\"true\" class=\"fas fa-dot-circle\"><\/i>\t\t\t\t\t\t<\/span>\n\t\t\t\t\t\t\t\t\t\t<span class=\"elementor-icon-list-text\">presentaci\u00f3n Informatie Admirror<\/span>\n\t\t\t\t\t\t\t\t\t\t\t<\/a>\n\t\t\t\t\t\t\t\t\t<\/li>\n\t\t\t\t\t\t\t\t<li class=\"elementor-icon-list-item\">\n\t\t\t\t\t<a href=\"\/wp-content\/uploads\/2021\/05\/Presentatie-Adverteerders-Admirror1558.pdf\" target=\"_blank\">\t\t\t\t\t\t<span class=\"elementor-icon-list-icon\">\n\t\t\t\t\t\t\t<i aria-hidden=\"true\" class=\"fas fa-dot-circle\"><\/i>\t\t\t\t\t\t<\/span>\n\t\t\t\t\t\t\t\t\t\t<span class=\"elementor-icon-list-text\">presentaci\u00f3n Adverteerders Admirror<\/span>\n\t\t\t\t\t\t\t\t\t\t\t<\/a>\n\t\t\t\t\t\t\t\t\t<\/li>\n\t\t\t\t\t\t\t\t<li class=\"elementor-icon-list-item\">\n\t\t\t\t\t<a href=\"\/wp-content\/uploads\/2021\/05\/Presentatie-Business-Communication-Smart-Admirror1559.pdf\" target=\"_blank\">\t\t\t\t\t\t<span class=\"elementor-icon-list-icon\">\n\t\t\t\t\t\t\t<i aria-hidden=\"true\" class=\"fas fa-dot-circle\"><\/i>\t\t\t\t\t\t<\/span>\n\t\t\t\t\t\t\t\t\t\t<span class=\"elementor-icon-list-text\">presentaci\u00f3n Business Communication Smart Admirror<\/span>\n\t\t\t\t\t\t\t\t\t\t\t<\/a>\n\t\t\t\t\t\t\t\t\t<\/li>\n\t\t\t\t\t\t\t\t<li class=\"elementor-icon-list-item\">\n\t\t\t\t\t<a href=\"\/wp-content\/uploads\/2021\/05\/Presentatie-Custom-Made-Smart-Admirror.pdf\" target=\"_blank\">\t\t\t\t\t\t<span class=\"elementor-icon-list-icon\">\n\t\t\t\t\t\t\t<i aria-hidden=\"true\" class=\"fas fa-dot-circle\"><\/i>\t\t\t\t\t\t<\/span>\n\t\t\t\t\t\t\t\t\t\t<span class=\"elementor-icon-list-text\">presentaci\u00f3nCustom Made Smart Admirror<\/span>\n\t\t\t\t\t\t\t\t\t\t\t<\/a>\n\t\t\t\t\t\t\t\t\t<\/li>\n\t\t\t\t\t\t\t\t<li class=\"elementor-icon-list-item\">\n\t\t\t\t\t<a href=\"\/wp-content\/uploads\/2021\/05\/Presentatie-Interactieve-Smart-Admirror-NL.pdf\" target=\"_blank\">\t\t\t\t\t\t<span class=\"elementor-icon-list-icon\">\n\t\t\t\t\t\t\t<i aria-hidden=\"true\" class=\"fas fa-dot-circle\"><\/i>\t\t\t\t\t\t<\/span>\n\t\t\t\t\t\t\t\t\t\t<span class=\"elementor-icon-list-text\">presentaci\u00f3n Interactieve Smart Admirror<\/span>\n\t\t\t\t\t\t\t\t\t\t\t<\/a>\n\t\t\t\t\t\t\t\t\t<\/li>\n\t\t\t\t\t\t\t\t<li class=\"elementor-icon-list-item\">\n\t\t\t\t\t<a href=\"\/wp-content\/uploads\/2021\/05\/Presentatie-Locatie-Admirror-NL.pdf\" target=\"_blank\">\t\t\t\t\t\t<span class=\"elementor-icon-list-icon\">\n\t\t\t\t\t\t\t<i aria-hidden=\"true\" class=\"fas fa-dot-circle\"><\/i>\t\t\t\t\t\t<\/span>\n\t\t\t\t\t\t\t\t\t\t<span class=\"elementor-icon-list-text\">presentaci\u00f3n Locatie Admirror<\/span>\n\t\t\t\t\t\t\t\t\t\t\t<\/a>\n\t\t\t\t\t\t\t\t\t<\/li>\n\t\t\t\t\t\t\t\t<li class=\"elementor-icon-list-item\">\n\t\t\t\t\t<a href=\"\/wp-content\/uploads\/2021\/05\/Presentatie-Smart-Medical-Admirror-NL.pdf\" target=\"_blank\">\t\t\t\t\t\t<span class=\"elementor-icon-list-icon\">\n\t\t\t\t\t\t\t<i aria-hidden=\"true\" class=\"fas fa-dot-circle\"><\/i>\t\t\t\t\t\t<\/span>\n\t\t\t\t\t\t\t\t\t\t<span class=\"elementor-icon-list-text\">presentaci\u00f3n Smart Medical Admirror<\/span>\n\t\t\t\t\t\t\t\t\t\t\t<\/a>\n\t\t\t\t\t\t\t\t\t<\/li>\n\t\t\t\t\t\t\t\t<li class=\"elementor-icon-list-item\">\n\t\t\t\t\t<a href=\"\/wp-content\/uploads\/2021\/05\/Smart-Admirror-particulier.pdf\" target=\"_blank\">\t\t\t\t\t\t<span class=\"elementor-icon-list-icon\">\n\t\t\t\t\t\t\t<i aria-hidden=\"true\" class=\"fas fa-dot-circle\"><\/i>\t\t\t\t\t\t<\/span>\n\t\t\t\t\t\t\t\t\t\t<span class=\"elementor-icon-list-text\">presentaci\u00f3n Smart Admirror Particulier<\/span>\n\t\t\t\t\t\t\t\t\t\t\t<\/a>\n\t\t\t\t\t\t\t\t\t<\/li>\n\t\t\t\t\t\t<\/ul>\n\t\t\t\t<\/div>\n\t\t\t\t<\/div>\n\t\t\t\t\t<\/div>\n\t\t<\/div>\n\t\t\t\t<div class=\"elementor-column elementor-col-50 elementor-inner-column elementor-element elementor-element-ba1609f\" data-id=\"ba1609f\" data-element_type=\"column\">\n\t\t\t<div class=\"elementor-widget-wrap elementor-element-populated\">\n\t\t\t\t\t\t\t\t<div class=\"elementor-element elementor-element-3186961 elementor-widget elementor-widget-heading\" data-id=\"3186961\" data-element_type=\"widget\" data-widget_type=\"heading.default\">\n\t\t\t\t<div class=\"elementor-widget-container\">\n\t\t\t<h2 class=\"elementor-heading-title elementor-size-default\">Folletos<\/h2>\t\t<\/div>\n\t\t\t\t<\/div>\n\t\t\t\t<div class=\"elementor-element elementor-element-da46a4d elementor-icon-list--layout-traditional elementor-list-item-link-full_width elementor-widget elementor-widget-icon-list\" data-id=\"da46a4d\" data-element_type=\"widget\" data-widget_type=\"icon-list.default\">\n\t\t\t\t<div class=\"elementor-widget-container\">\n\t\t\t\t\t<ul class=\"elementor-icon-list-items\">\n\t\t\t\t\t\t\t<li class=\"elementor-icon-list-item\">\n\t\t\t\t\t<a href=\"\/wp-content\/uploads\/2021\/05\/DIGITAAL-Admirror-Locaties-A5-NL.pdf\" target=\"_blank\">\t\t\t\t\t\t<span class=\"elementor-icon-list-icon\">\n\t\t\t\t\t\t\t<i aria-hidden=\"true\" class=\"fas fa-dot-circle\"><\/i>\t\t\t\t\t\t<\/span>\n\t\t\t\t\t\t\t\t\t\t<span class=\"elementor-icon-list-text\">Admirror Locaties<\/span>\n\t\t\t\t\t\t\t\t\t\t\t<\/a>\n\t\t\t\t\t\t\t\t\t<\/li>\n\t\t\t\t\t\t\t\t<li class=\"elementor-icon-list-item\">\n\t\t\t\t\t<a href=\"\/wp-content\/uploads\/2021\/05\/DIGITAAL-Admirror-Flyer-A5-4luik-BusinessCommunication-1.pdf\" target=\"_blank\">\t\t\t\t\t\t<span class=\"elementor-icon-list-icon\">\n\t\t\t\t\t\t\t<i aria-hidden=\"true\" class=\"fas fa-dot-circle\"><\/i>\t\t\t\t\t\t<\/span>\n\t\t\t\t\t\t\t\t\t\t<span class=\"elementor-icon-list-text\">Smart Admirror Business Communication<\/span>\n\t\t\t\t\t\t\t\t\t\t\t<\/a>\n\t\t\t\t\t\t\t\t\t<\/li>\n\t\t\t\t\t\t\t\t<li class=\"elementor-icon-list-item\">\n\t\t\t\t\t<a href=\"\/wp-content\/uploads\/2021\/05\/Admirror-Adverteerders-2017.pdf\" target=\"_blank\">\t\t\t\t\t\t<span class=\"elementor-icon-list-icon\">\n\t\t\t\t\t\t\t<i aria-hidden=\"true\" class=\"fas fa-dot-circle\"><\/i>\t\t\t\t\t\t<\/span>\n\t\t\t\t\t\t\t\t\t\t<span class=\"elementor-icon-list-text\">Admirror Adverteerders<\/span>\n\t\t\t\t\t\t\t\t\t\t\t<\/a>\n\t\t\t\t\t\t\t\t\t<\/li>\n\t\t\t\t\t\t\t\t<li class=\"elementor-icon-list-item\">\n\t\t\t\t\t<a href=\"\/wp-content\/uploads\/2021\/05\/DIGITAAL-Admirror-Flyer-A5-4luik-CustomMade.pdf\" target=\"_blank\">\t\t\t\t\t\t<span class=\"elementor-icon-list-icon\">\n\t\t\t\t\t\t\t<i aria-hidden=\"true\" class=\"fas fa-dot-circle\"><\/i>\t\t\t\t\t\t<\/span>\n\t\t\t\t\t\t\t\t\t\t<span class=\"elementor-icon-list-text\">Custom Made Smart Admirror<\/span>\n\t\t\t\t\t\t\t\t\t\t\t<\/a>\n\t\t\t\t\t\t\t\t\t<\/li>\n\t\t\t\t\t\t\t\t<li class=\"elementor-icon-list-item\">\n\t\t\t\t\t<a href=\"\/wp-content\/uploads\/2021\/05\/Admirror-Medical-Dutch-Flyer.pdf\" target=\"_blank\">\t\t\t\t\t\t<span class=\"elementor-icon-list-icon\">\n\t\t\t\t\t\t\t<i aria-hidden=\"true\" class=\"fas fa-dot-circle\"><\/i>\t\t\t\t\t\t<\/span>\n\t\t\t\t\t\t\t\t\t\t<span class=\"elementor-icon-list-text\">Admirror Medical<\/span>\n\t\t\t\t\t\t\t\t\t\t\t<\/a>\n\t\t\t\t\t\t\t\t\t<\/li>\n\t\t\t\t\t\t<\/ul>\n\t\t\t\t<\/div>\n\t\t\t\t<\/div>\n\t\t\t\t\t<\/div>\n\t\t<\/div>\n\t\t\t\t\t\t\t<\/div>\n\t\t<\/section>\n\t\t\t\t\t<\/div>\n\t\t<\/div>\n\t\t\t\t\t\t\t<\/div>\n\t\t<\/section>\n\t\t\t\t\t\t<\/div>\n\t\t\t\t\t<\/div>\n\t\t","protected":false},"excerpt":{"rendered":"<p>presentaciones presentaci\u00f3n Informatie Admirror presentaci\u00f3n Adverteerders Admirror presentaci\u00f3n Business Communication Smart Admirror presentaci\u00f3nCustom Made Smart Admirror presentaci\u00f3n Interactieve Smart Admirror presentaci\u00f3n Locatie Admirror presentaci\u00f3n Smart Medical Admirror presentaci\u00f3n Smart Admirror Particulier Folletos Admirror Locaties Smart Admirror Business Communication Admirror Adverteerders Custom Made Smart Admirror Admirror Medical<\/p>\n","protected":false},"author":2,"featured_media":0,"parent":0,"menu_order":0,"comment_status":"closed","ping_status":"closed","template":"tpl-default-elementor.php","meta":{"_monsterinsights_skip_tracking":false,"_monsterinsights_sitenote_active":false,"_monsterinsights_sitenote_note":"","_monsterinsights_sitenote_category":0,"footnotes":""},"class_list":["post-3203","page","type-page","status-publish","hentry"],"yoast_head":"<!-- This site is optimized with the Yoast SEO plugin v26.7 - https:\/\/yoast.com\/wordpress\/plugins\/seo\/ -->\n<title>folletos-y-presentaciones | Admirror | A unique way of Advertising &amp; Communication<\/title>\n<meta name=\"robots\" content=\"index, follow, max-snippet:-1, max-image-preview:large, max-video-preview:-1\" \/>\n<link rel=\"canonical\" href=\"https:\/\/admirror.nl\/es\/folletos-y-presentaciones\/\" \/>\n<meta property=\"og:locale\" content=\"es_ES\" \/>\n<meta property=\"og:type\" content=\"article\" \/>\n<meta property=\"og:title\" content=\"folletos-y-presentaciones | Admirror | A unique way of Advertising &amp; Communication\" \/>\n<meta property=\"og:description\" content=\"presentaciones presentaci\u00f3n Informatie Admirror presentaci\u00f3n Adverteerders Admirror presentaci\u00f3n Business Communication Smart Admirror presentaci\u00f3nCustom Made Smart Admirror presentaci\u00f3n Interactieve Smart Admirror presentaci\u00f3n Locatie Admirror presentaci\u00f3n Smart Medical Admirror presentaci\u00f3n Smart Admirror Particulier Folletos Admirror Locaties Smart Admirror Business Communication Admirror Adverteerders Custom Made Smart Admirror Admirror Medical\" \/>\n<meta property=\"og:url\" content=\"https:\/\/admirror.nl\/es\/folletos-y-presentaciones\/\" \/>\n<meta property=\"og:site_name\" content=\"Admirror\" \/>\n<meta property=\"article:publisher\" content=\"https:\/\/www.facebook.com\/Admirror\/\" \/>\n<meta property=\"article:modified_time\" content=\"2021-06-25T09:33:29+00:00\" \/>\n<meta name=\"twitter:card\" content=\"summary_large_image\" \/>\n<meta name=\"twitter:site\" content=\"@admirror\" \/>\n<meta name=\"twitter:label1\" content=\"Tiempo de lectura\" \/>\n\t<meta name=\"twitter:data1\" content=\"1 minuto\" \/>\n<script type=\"application\/ld+json\" class=\"yoast-schema-graph\">{\"@context\":\"https:\/\/schema.org\",\"@graph\":[{\"@type\":\"WebPage\",\"@id\":\"https:\/\/admirror.nl\/es\/folletos-y-presentaciones\/\",\"url\":\"https:\/\/admirror.nl\/es\/folletos-y-presentaciones\/\",\"name\":\"folletos-y-presentaciones | Admirror | A unique way of Advertising & Communication\",\"isPartOf\":{\"@id\":\"https:\/\/admirror.nl\/es\/#website\"},\"datePublished\":\"2021-05-26T07:04:05+00:00\",\"dateModified\":\"2021-06-25T09:33:29+00:00\",\"breadcrumb\":{\"@id\":\"https:\/\/admirror.nl\/es\/folletos-y-presentaciones\/#breadcrumb\"},\"inLanguage\":\"es\",\"potentialAction\":[{\"@type\":\"ReadAction\",\"target\":[\"https:\/\/admirror.nl\/es\/folletos-y-presentaciones\/\"]}]},{\"@type\":\"BreadcrumbList\",\"@id\":\"https:\/\/admirror.nl\/es\/folletos-y-presentaciones\/#breadcrumb\",\"itemListElement\":[{\"@type\":\"ListItem\",\"position\":1,\"name\":\"Home\",\"item\":\"https:\/\/admirror.nl\/es\/\"},{\"@type\":\"ListItem\",\"position\":2,\"name\":\"Folletos y presentaciones\"}]},{\"@type\":\"WebSite\",\"@id\":\"https:\/\/admirror.nl\/es\/#website\",\"url\":\"https:\/\/admirror.nl\/es\/\",\"name\":\"Admirror\",\"description\":\"Admirror\",\"publisher\":{\"@id\":\"https:\/\/admirror.nl\/es\/#organization\"},\"potentialAction\":[{\"@type\":\"SearchAction\",\"target\":{\"@type\":\"EntryPoint\",\"urlTemplate\":\"https:\/\/admirror.nl\/es\/?s={search_term_string}\"},\"query-input\":{\"@type\":\"PropertyValueSpecification\",\"valueRequired\":true,\"valueName\":\"search_term_string\"}}],\"inLanguage\":\"es\"},{\"@type\":\"Organization\",\"@id\":\"https:\/\/admirror.nl\/es\/#organization\",\"name\":\"Admirror\",\"url\":\"https:\/\/admirror.nl\/es\/\",\"logo\":{\"@type\":\"ImageObject\",\"inLanguage\":\"es\",\"@id\":\"https:\/\/admirror.nl\/es\/#\/schema\/logo\/image\/\",\"url\":\"http:\/\/admirror.nl\/wp-content\/uploads\/2021\/05\/logo-admirror.png\",\"contentUrl\":\"http:\/\/admirror.nl\/wp-content\/uploads\/2021\/05\/logo-admirror.png\",\"width\":442,\"height\":118,\"caption\":\"Admirror\"},\"image\":{\"@id\":\"https:\/\/admirror.nl\/es\/#\/schema\/logo\/image\/\"},\"sameAs\":[\"https:\/\/www.facebook.com\/Admirror\/\",\"https:\/\/x.com\/admirror\",\"https:\/\/www.instagram.com\/admirrorbv\/\",\"https:\/\/www.linkedin.com\/company\/admirror\",\"https:\/\/www.youtube.com\/user\/admirrorbv\"]}]}<\/script>\n<!-- \/ Yoast SEO plugin. -->","yoast_head_json":{"title":"folletos-y-presentaciones | Admirror | A unique way of Advertising & Communication","robots":{"index":"index","follow":"follow","max-snippet":"max-snippet:-1","max-image-preview":"max-image-preview:large","max-video-preview":"max-video-preview:-1"},"canonical":"https:\/\/admirror.nl\/es\/folletos-y-presentaciones\/","og_locale":"es_ES","og_type":"article","og_title":"folletos-y-presentaciones | Admirror | A unique way of Advertising & Communication","og_description":"presentaciones presentaci\u00f3n Informatie Admirror presentaci\u00f3n Adverteerders Admirror presentaci\u00f3n Business Communication Smart Admirror presentaci\u00f3nCustom Made Smart Admirror presentaci\u00f3n Interactieve Smart Admirror presentaci\u00f3n Locatie Admirror presentaci\u00f3n Smart Medical Admirror presentaci\u00f3n Smart Admirror Particulier Folletos Admirror Locaties Smart Admirror Business Communication Admirror Adverteerders Custom Made Smart Admirror Admirror Medical","og_url":"https:\/\/admirror.nl\/es\/folletos-y-presentaciones\/","og_site_name":"Admirror","article_publisher":"https:\/\/www.facebook.com\/Admirror\/","article_modified_time":"2021-06-25T09:33:29+00:00","twitter_card":"summary_large_image","twitter_site":"@admirror","twitter_misc":{"Tiempo de lectura":"1 minuto"},"schema":{"@context":"https:\/\/schema.org","@graph":[{"@type":"WebPage","@id":"https:\/\/admirror.nl\/es\/folletos-y-presentaciones\/","url":"https:\/\/admirror.nl\/es\/folletos-y-presentaciones\/","name":"folletos-y-presentaciones | Admirror | A unique way of Advertising & Communication","isPartOf":{"@id":"https:\/\/admirror.nl\/es\/#website"},"datePublished":"2021-05-26T07:04:05+00:00","dateModified":"2021-06-25T09:33:29+00:00","breadcrumb":{"@id":"https:\/\/admirror.nl\/es\/folletos-y-presentaciones\/#breadcrumb"},"inLanguage":"es","potentialAction":[{"@type":"ReadAction","target":["https:\/\/admirror.nl\/es\/folletos-y-presentaciones\/"]}]},{"@type":"BreadcrumbList","@id":"https:\/\/admirror.nl\/es\/folletos-y-presentaciones\/#breadcrumb","itemListElement":[{"@type":"ListItem","position":1,"name":"Home","item":"https:\/\/admirror.nl\/es\/"},{"@type":"ListItem","position":2,"name":"Folletos y presentaciones"}]},{"@type":"WebSite","@id":"https:\/\/admirror.nl\/es\/#website","url":"https:\/\/admirror.nl\/es\/","name":"Admirror","description":"Admirror","publisher":{"@id":"https:\/\/admirror.nl\/es\/#organization"},"potentialAction":[{"@type":"SearchAction","target":{"@type":"EntryPoint","urlTemplate":"https:\/\/admirror.nl\/es\/?s={search_term_string}"},"query-input":{"@type":"PropertyValueSpecification","valueRequired":true,"valueName":"search_term_string"}}],"inLanguage":"es"},{"@type":"Organization","@id":"https:\/\/admirror.nl\/es\/#organization","name":"Admirror","url":"https:\/\/admirror.nl\/es\/","logo":{"@type":"ImageObject","inLanguage":"es","@id":"https:\/\/admirror.nl\/es\/#\/schema\/logo\/image\/","url":"http:\/\/admirror.nl\/wp-content\/uploads\/2021\/05\/logo-admirror.png","contentUrl":"http:\/\/admirror.nl\/wp-content\/uploads\/2021\/05\/logo-admirror.png","width":442,"height":118,"caption":"Admirror"},"image":{"@id":"https:\/\/admirror.nl\/es\/#\/schema\/logo\/image\/"},"sameAs":["https:\/\/www.facebook.com\/Admirror\/","https:\/\/x.com\/admirror","https:\/\/www.instagram.com\/admirrorbv\/","https:\/\/www.linkedin.com\/company\/admirror","https:\/\/www.youtube.com\/user\/admirrorbv"]}]}},"_links":{"self":[{"href":"https:\/\/admirror.nl\/es\/wp-json\/wp\/v2\/pages\/3203","targetHints":{"allow":["GET"]}}],"collection":[{"href":"https:\/\/admirror.nl\/es\/wp-json\/wp\/v2\/pages"}],"about":[{"href":"https:\/\/admirror.nl\/es\/wp-json\/wp\/v2\/types\/page"}],"author":[{"embeddable":true,"href":"https:\/\/admirror.nl\/es\/wp-json\/wp\/v2\/users\/2"}],"replies":[{"embeddable":true,"href":"https:\/\/admirror.nl\/es\/wp-json\/wp\/v2\/comments?post=3203"}],"version-history":[{"count":0,"href":"https:\/\/admirror.nl\/es\/wp-json\/wp\/v2\/pages\/3203\/revisions"}],"wp:attachment":[{"href":"https:\/\/admirror.nl\/es\/wp-json\/wp\/v2\/media?parent=3203"}],"curies":[{"name":"wp","href":"https:\/\/api.w.org\/{rel}","templated":true}]}}