{"id":2717,"date":"2021-05-28T09:34:10","date_gmt":"2021-05-28T09:34:10","guid":{"rendered":"http:\/\/admirror.nl\/my-suit-mirror\/"},"modified":"2021-12-15T13:34:51","modified_gmt":"2021-12-15T13:34:51","slug":"my-suit-mirror","status":"publish","type":"page","link":"https:\/\/admirror.nl\/es\/my-suit-mirror\/","title":{"rendered":"My Suit Mirror"},"content":{"rendered":"\t\t<div data-elementor-type=\"wp-page\" data-elementor-id=\"2717\" class=\"elementor elementor-2717 elementor-2198\" data-elementor-settings=\"[]\">\n\t\t\t\t\t\t\t<div class=\"elementor-section-wrap\">\n\t\t\t\t\t\t\t<section class=\"elementor-section elementor-top-section elementor-element elementor-element-c22271a elementor-section-full_width elementor-section-height-default elementor-section-height-default\" data-id=\"c22271a\" data-element_type=\"section\">\n\t\t\t\t\t\t<div class=\"elementor-container elementor-column-gap-default\">\n\t\t\t\t\t<div class=\"elementor-column elementor-col-100 elementor-top-column elementor-element elementor-element-405b881\" data-id=\"405b881\" data-element_type=\"column\">\n\t\t\t<div class=\"elementor-widget-wrap elementor-element-populated\">\n\t\t\t\t\t\t\t\t<div class=\"elementor-element elementor-element-2394492 elementor-widget elementor-widget-topika_about_company\" data-id=\"2394492\" data-element_type=\"widget\" data-widget_type=\"topika_about_company.default\">\n\t\t\t\t<div class=\"elementor-widget-container\">\n\t\t\t\r\n        <!-- about-style-four -->\r\n        <section class=\"about-style-four\">\r\n            <div class=\"auto-container\">\r\n                <div class=\"row clearfix\">\r\n                    <div class=\"col-lg-6 col-md-12 col-sm-12 content-column\">\r\n                        <div id=\"content_block_8\">\r\n                            <div class=\"content-box mr-10\">\r\n                                <div class=\"sec-title\">\r\n                                    <h5><span>\/\/<\/span>Admirror<\/h5>\r\n                                    <h2>My Suit Mirror\n<br \/><\/h2>\r\n                                <\/div>\r\n                                <div class=\"text\">\r\n                                    <p>\u00bfEst\u00e1s listo para &#039;la nueva tienda&#039;? My Fashion Mirror se une al comercio minorista en l\u00ednea y\nfuera de l\u00ednea en un espejo interactivo en el piso de la tienda y en el probador. El ajuste\nf\u00edsico de la ropa complementado con la conveniencia de los suministros en l\u00ednea y la ayuda\nen el probador son solo algunos ejemplos simples de las mejoras que ofrece nuestro espejo.\nHaga que la f\u00f3rmula de su tienda est\u00e9 preparada para el futuro con nuestro espejo\ninteractivo y env\u00edenos un correo electr\u00f3nico para obtener m\u00e1s informaci\u00f3n dirk@admirror.nl<br \/><br \/>                                <\/div>\r\n                                                                <div class=\"btn-box\">\r\n                                \t<a href=\"\/es\/solicitud-de-cotizacion\/\" class=\"theme-btn-one\">SOLICITUD DE COTIZACI\u00d3N<\/a>\r\n                                <\/div>\r\n                                                            <\/div>\r\n                        <\/div>\r\n                    <\/div>\r\n                    <div class=\"col-lg-6 col-md-12 col-sm-12 image-column\">\r\n                        <div id=\"image_block_6\">\r\n                            <div class=\"image-box\">\r\n                                <div class=\"pattern\">\r\n                                    <div class=\"pattern-1\" style=\"background-image: url(https:\/\/admirror.nl\/wp-content\/themes\/admirror\/assets\/images\/shape\/pattern-59.png);\"><\/div>\r\n                                    <div class=\"pattern-2\" style=\"background-image: url(https:\/\/admirror.nl\/wp-content\/themes\/admirror\/assets\/images\/shape\/pattern-60.png);\"><\/div>\r\n                                <\/div>\r\n                                <figure class=\"image\"><img decoding=\"async\" src=\"https:\/\/admirror.nl\/wp-content\/uploads\/2021\/12\/my-suit-mirror-admirror-logo.png\" alt=\"Awesome Image\"><\/figure>\r\n                            <\/div>\r\n                        <\/div>\r\n                    <\/div>\r\n                <\/div>\r\n            <\/div>\r\n        <\/section>\r\n        <!-- about-style-four end -->\r\n\r\n        \t\t<\/div>\n\t\t\t\t<\/div>\n\t\t\t\t<section class=\"elementor-section elementor-inner-section elementor-element elementor-element-9c8a6ef elementor-section-boxed elementor-section-height-default elementor-section-height-default\" data-id=\"9c8a6ef\" data-element_type=\"section\">\n\t\t\t\t\t\t<div class=\"elementor-container elementor-column-gap-default\">\n\t\t\t\t\t<div class=\"elementor-column elementor-col-50 elementor-inner-column elementor-element elementor-element-fda34ff\" data-id=\"fda34ff\" data-element_type=\"column\">\n\t\t\t<div class=\"elementor-widget-wrap elementor-element-populated\">\n\t\t\t\t\t\t\t\t<div class=\"elementor-element elementor-element-09fc447 elementor-widget elementor-widget-heading\" data-id=\"09fc447\" data-element_type=\"widget\" data-widget_type=\"heading.default\">\n\t\t\t\t<div class=\"elementor-widget-container\">\n\t\t\t<h2 class=\"elementor-heading-title elementor-size-default\">My Fashion Mirror crea;<\/h2>\t\t<\/div>\n\t\t\t\t<\/div>\n\t\t\t\t<div class=\"elementor-element elementor-element-148086e elementor-icon-list--layout-traditional elementor-list-item-link-full_width elementor-widget elementor-widget-icon-list\" data-id=\"148086e\" data-element_type=\"widget\" data-widget_type=\"icon-list.default\">\n\t\t\t\t<div class=\"elementor-widget-container\">\n\t\t\t\t\t<ul class=\"elementor-icon-list-items\">\n\t\t\t\t\t\t\t<li class=\"elementor-icon-list-item\">\n\t\t\t\t\t\t\t\t\t\t\t<span class=\"elementor-icon-list-icon\">\n\t\t\t\t\t\t\t<i aria-hidden=\"true\" class=\"fas fa-dot-circle\"><\/i>\t\t\t\t\t\t<\/span>\n\t\t\t\t\t\t\t\t\t\t<span class=\"elementor-icon-list-text\">Experiencia de compra definitiva<\/span>\n\t\t\t\t\t\t\t\t\t<\/li>\n\t\t\t\t\t\t\t\t<li class=\"elementor-icon-list-item\">\n\t\t\t\t\t\t\t\t\t\t\t<span class=\"elementor-icon-list-icon\">\n\t\t\t\t\t\t\t<i aria-hidden=\"true\" class=\"fas fa-dot-circle\"><\/i>\t\t\t\t\t\t<\/span>\n\t\t\t\t\t\t\t\t\t\t<span class=\"elementor-icon-list-text\">Fusi\u00f3n de offline con online<\/span>\n\t\t\t\t\t\t\t\t\t<\/li>\n\t\t\t\t\t\t\t\t<li class=\"elementor-icon-list-item\">\n\t\t\t\t\t\t\t\t\t\t\t<span class=\"elementor-icon-list-icon\">\n\t\t\t\t\t\t\t<i aria-hidden=\"true\" class=\"fas fa-dot-circle\"><\/i>\t\t\t\t\t\t<\/span>\n\t\t\t\t\t\t\t\t\t\t<span class=\"elementor-icon-list-text\">Optimizaci\u00f3n del proceso de compra y conversion<\/span>\n\t\t\t\t\t\t\t\t\t<\/li>\n\t\t\t\t\t\t<\/ul>\n\t\t\t\t<\/div>\n\t\t\t\t<\/div>\n\t\t\t\t<div class=\"elementor-element elementor-element-7b8cc12 elementor-widget elementor-widget-heading\" data-id=\"7b8cc12\" data-element_type=\"widget\" data-widget_type=\"heading.default\">\n\t\t\t\t<div class=\"elementor-widget-container\">\n\t\t\t<h2 class=\"elementor-heading-title elementor-size-default\">\u00bfC\u00f3mo?<\/h2>\t\t<\/div>\n\t\t\t\t<\/div>\n\t\t\t\t<div class=\"elementor-element elementor-element-78e0562 elementor-icon-list--layout-traditional elementor-list-item-link-full_width elementor-widget elementor-widget-icon-list\" data-id=\"78e0562\" data-element_type=\"widget\" data-widget_type=\"icon-list.default\">\n\t\t\t\t<div class=\"elementor-widget-container\">\n\t\t\t\t\t<ul class=\"elementor-icon-list-items\">\n\t\t\t\t\t\t\t<li class=\"elementor-icon-list-item\">\n\t\t\t\t\t\t\t\t\t\t\t<span class=\"elementor-icon-list-icon\">\n\t\t\t\t\t\t\t<i aria-hidden=\"true\" class=\"fas fa-dot-circle\"><\/i>\t\t\t\t\t\t<\/span>\n\t\t\t\t\t\t\t\t\t\t<span class=\"elementor-icon-list-text\"><b>Emoci\u00f3n<\/b> > Experiencia de marca en el \u00e1rea de probadores, solicitud de asistencia del probador<\/span>\n\t\t\t\t\t\t\t\t\t<\/li>\n\t\t\t\t\t\t\t\t<li class=\"elementor-icon-list-item\">\n\t\t\t\t\t\t\t\t\t\t\t<span class=\"elementor-icon-list-icon\">\n\t\t\t\t\t\t\t<i aria-hidden=\"true\" class=\"fas fa-dot-circle\"><\/i>\t\t\t\t\t\t<\/span>\n\t\t\t\t\t\t\t\t\t\t<span class=\"elementor-icon-list-text\"><b>Comodidad> <\/b> > Todo el mundo entiende que el espejo y los detalles del nombre y la direcci\u00f3n del cliente son \"recogidos\" autom\u00e1ticamente por el espejo durante las ventas en l\u00ednea.<\/span>\n\t\t\t\t\t\t\t\t\t<\/li>\n\t\t\t\t\t\t\t\t<li class=\"elementor-icon-list-item\">\n\t\t\t\t\t\t\t\t\t\t\t<span class=\"elementor-icon-list-icon\">\n\t\t\t\t\t\t\t<i aria-hidden=\"true\" class=\"fas fa-dot-circle\"><\/i>\t\t\t\t\t\t<\/span>\n\t\t\t\t\t\t\t\t\t\t<span class=\"elementor-icon-list-text\"><b>Tecnolog\u00eda> <\/b> > Las \u00faltimas tecnolog\u00edas garantizan una facilidad de uso \u00f3ptima, Spiegel repara las aver\u00edas por s\u00ed mismo. Funcionalidad Autonomous Remote Automatic Helpdesk (\u00a1tecnolog\u00eda \u00fanica!). Nuestra aplicaci\u00f3n recomienda los tama\u00f1os al vender en l\u00ednea (reduce las devoluciones, aumenta la satisfacci\u00f3n). El an\u00e1lisis de datos optimizar\u00e1 el uso del espejo y el recorrido del cliente<\/span>\n\t\t\t\t\t\t\t\t\t<\/li>\n\t\t\t\t\t\t<\/ul>\n\t\t\t\t<\/div>\n\t\t\t\t<\/div>\n\t\t\t\t\t<\/div>\n\t\t<\/div>\n\t\t\t\t<div class=\"elementor-column elementor-col-50 elementor-inner-column elementor-element elementor-element-06efae0\" data-id=\"06efae0\" data-element_type=\"column\">\n\t\t\t<div class=\"elementor-widget-wrap elementor-element-populated\">\n\t\t\t\t\t\t\t\t<div class=\"elementor-element elementor-element-374ae49 elementor-widget elementor-widget-heading\" data-id=\"374ae49\" data-element_type=\"widget\" data-widget_type=\"heading.default\">\n\t\t\t\t<div class=\"elementor-widget-container\">\n\t\t\t<h2 class=\"elementor-heading-title elementor-size-default\">\u00bfPor qu\u00e9 elegirnos?<\/h2>\t\t<\/div>\n\t\t\t\t<\/div>\n\t\t\t\t<div class=\"elementor-element elementor-element-0401ec7 elementor-icon-list--layout-traditional elementor-list-item-link-full_width elementor-widget elementor-widget-icon-list\" data-id=\"0401ec7\" data-element_type=\"widget\" data-widget_type=\"icon-list.default\">\n\t\t\t\t<div class=\"elementor-widget-container\">\n\t\t\t\t\t<ul class=\"elementor-icon-list-items\">\n\t\t\t\t\t\t\t<li class=\"elementor-icon-list-item\">\n\t\t\t\t\t\t\t\t\t\t\t<span class=\"elementor-icon-list-icon\">\n\t\t\t\t\t\t\t<i aria-hidden=\"true\" class=\"fas fa-dot-circle\"><\/i>\t\t\t\t\t\t<\/span>\n\t\t\t\t\t\t\t\t\t\t<span class=\"elementor-icon-list-text\"><b>Mirror<\/b> > My Fashion Mirror es un espejo que la gente ya usa de todos modos y que integra tecnolog\u00eda interactiva. No siempre se usa una 'pantalla t\u00e1ctil' tradicional, esta es una elecci\u00f3n y, por lo tanto, un umbral para las personas.<\/span>\n\t\t\t\t\t\t\t\t\t<\/li>\n\t\t\t\t\t\t\t\t<li class=\"elementor-icon-list-item\">\n\t\t\t\t\t\t\t\t\t\t\t<span class=\"elementor-icon-list-icon\">\n\t\t\t\t\t\t\t<i aria-hidden=\"true\" class=\"fas fa-dot-circle\"><\/i>\t\t\t\t\t\t<\/span>\n\t\t\t\t\t\t\t\t\t\t<span class=\"elementor-icon-list-text\"><b>Autorreparaci\u00f3n<\/b> > \u00a1Nuestra funci\u00f3n de servicio de asistencia autom\u00e1tica aut\u00f3noma es una tecnolog\u00eda \u00fanica que garantiza que nunca m\u00e1s tendr\u00e1 que llamar a un servicio de asistencia en caso de aver\u00eda! Si ocurre un mal funcionamiento, lo sabremos antes de que se d\u00e9 cuenta. Luego, resolveremos el problema de forma remota.<\/span>\n\t\t\t\t\t\t\t\t\t<\/li>\n\t\t\t\t\t\t\t\t<li class=\"elementor-icon-list-item\">\n\t\t\t\t\t\t\t\t\t\t\t<span class=\"elementor-icon-list-icon\">\n\t\t\t\t\t\t\t<i aria-hidden=\"true\" class=\"fas fa-dot-circle\"><\/i>\t\t\t\t\t\t<\/span>\n\t\t\t\t\t\t\t\t\t\t<span class=\"elementor-icon-list-text\"><b> Calidad<\/b> > es nuestra m\u00e1xima prioridad 1. Obtenemos nuestro material principalmente de Europa y tenemos nuestra producci\u00f3n \"internamente\" en los Pa\u00edses Bajos. \u00a1Sin pasi\u00f3n no hay calidad!<\/span>\n\t\t\t\t\t\t\t\t\t<\/li>\n\t\t\t\t\t\t\t\t<li class=\"elementor-icon-list-item\">\n\t\t\t\t\t\t\t\t\t\t\t<span class=\"elementor-icon-list-icon\">\n\t\t\t\t\t\t\t<i aria-hidden=\"true\" class=\"fas fa-dot-circle\"><\/i>\t\t\t\t\t\t<\/span>\n\t\t\t\t\t\t\t\t\t\t<span class=\"elementor-icon-list-text\"><b>Personalizaci\u00f3n<\/b> > Creamos un dise\u00f1o \u00fanico para cada cliente que se adapta de manera \u00f3ptima en t\u00e9rminos de funcionalidad, espacio y dise\u00f1o en cada ubicaci\u00f3n y para cada experiencia de marca.<\/span>\n\t\t\t\t\t\t\t\t\t<\/li>\n\t\t\t\t\t\t<\/ul>\n\t\t\t\t<\/div>\n\t\t\t\t<\/div>\n\t\t\t\t\t<\/div>\n\t\t<\/div>\n\t\t\t\t\t\t\t<\/div>\n\t\t<\/section>\n\t\t\t\t\t<\/div>\n\t\t<\/div>\n\t\t\t\t\t\t\t<\/div>\n\t\t<\/section>\n\t\t\t\t<section class=\"elementor-section elementor-top-section elementor-element elementor-element-a65d4f4 elementor-section-boxed elementor-section-height-default elementor-section-height-default\" data-id=\"a65d4f4\" data-element_type=\"section\">\n\t\t\t\t\t\t<div class=\"elementor-container elementor-column-gap-default\">\n\t\t\t\t\t<div class=\"elementor-column elementor-col-100 elementor-top-column elementor-element elementor-element-21c9003\" data-id=\"21c9003\" data-element_type=\"column\">\n\t\t\t<div class=\"elementor-widget-wrap elementor-element-populated\">\n\t\t\t\t\t\t\t\t<section class=\"elementor-section elementor-inner-section elementor-element elementor-element-0343d2a elementor-section-boxed elementor-section-height-default elementor-section-height-default\" data-id=\"0343d2a\" data-element_type=\"section\">\n\t\t\t\t\t\t<div class=\"elementor-container elementor-column-gap-default\">\n\t\t\t\t\t<div class=\"elementor-column elementor-col-50 elementor-inner-column elementor-element elementor-element-d736e3e\" data-id=\"d736e3e\" data-element_type=\"column\">\n\t\t\t<div class=\"elementor-widget-wrap\">\n\t\t\t\t\t\t\t\t\t<\/div>\n\t\t<\/div>\n\t\t\t\t<div class=\"elementor-column elementor-col-50 elementor-inner-column elementor-element elementor-element-838154a\" data-id=\"838154a\" data-element_type=\"column\">\n\t\t\t<div class=\"elementor-widget-wrap\">\n\t\t\t\t\t\t\t\t\t<\/div>\n\t\t<\/div>\n\t\t\t\t\t\t\t<\/div>\n\t\t<\/section>\n\t\t\t\t\t<\/div>\n\t\t<\/div>\n\t\t\t\t\t\t\t<\/div>\n\t\t<\/section>\n\t\t\t\t<section class=\"elementor-section elementor-top-section elementor-element elementor-element-7dccab2 elementor-section-boxed elementor-section-height-default elementor-section-height-default\" data-id=\"7dccab2\" data-element_type=\"section\">\n\t\t\t\t\t\t<div class=\"elementor-container elementor-column-gap-default\">\n\t\t\t\t\t<div class=\"elementor-column elementor-col-100 elementor-top-column elementor-element elementor-element-986dbb2\" data-id=\"986dbb2\" data-element_type=\"column\">\n\t\t\t<div class=\"elementor-widget-wrap\">\n\t\t\t\t\t\t\t\t\t<\/div>\n\t\t<\/div>\n\t\t\t\t\t\t\t<\/div>\n\t\t<\/section>\n\t\t\t\t\t\t<\/div>\n\t\t\t\t\t<\/div>\n\t\t","protected":false},"excerpt":{"rendered":"<p>\/\/Admirror My Suit Mirror \u00bfEst\u00e1s listo para &#039;la nueva tienda&#039;? My Fashion Mirror se une al comercio minorista en l\u00ednea y fuera de l\u00ednea en un espejo interactivo en el piso de la tienda y en el probador. El ajuste f\u00edsico de la ropa complementado con la conveniencia de los suministros en l\u00ednea y la [&hellip;]<\/p>\n","protected":false},"author":2,"featured_media":0,"parent":0,"menu_order":0,"comment_status":"closed","ping_status":"closed","template":"tpl-default-elementor.php","meta":{"_monsterinsights_skip_tracking":false,"_monsterinsights_sitenote_active":false,"_monsterinsights_sitenote_note":"","_monsterinsights_sitenote_category":0,"footnotes":""},"class_list":["post-2717","page","type-page","status-publish","hentry"],"yoast_head":"<!-- This site is optimized with the Yoast SEO plugin v26.7 - https:\/\/yoast.com\/wordpress\/plugins\/seo\/ -->\n<title>My Suit Mirror | Admirror<\/title>\n<meta name=\"robots\" content=\"index, follow, max-snippet:-1, max-image-preview:large, max-video-preview:-1\" \/>\n<link rel=\"canonical\" href=\"https:\/\/admirror.nl\/es\/my-suit-mirror\/\" \/>\n<meta property=\"og:locale\" content=\"es_ES\" \/>\n<meta property=\"og:type\" content=\"article\" \/>\n<meta property=\"og:title\" content=\"My Suit Mirror | Admirror\" \/>\n<meta property=\"og:description\" content=\"\/\/Admirror My Suit Mirror \u00bfEst\u00e1s listo para &#039;la nueva tienda&#039;? My Fashion Mirror se une al comercio minorista en l\u00ednea y fuera de l\u00ednea en un espejo interactivo en el piso de la tienda y en el probador. El ajuste f\u00edsico de la ropa complementado con la conveniencia de los suministros en l\u00ednea y la [&hellip;]\" \/>\n<meta property=\"og:url\" content=\"https:\/\/admirror.nl\/es\/my-suit-mirror\/\" \/>\n<meta property=\"og:site_name\" content=\"Admirror\" \/>\n<meta property=\"article:publisher\" content=\"https:\/\/www.facebook.com\/Admirror\/\" \/>\n<meta property=\"article:modified_time\" content=\"2021-12-15T13:34:51+00:00\" \/>\n<meta property=\"og:image\" content=\"https:\/\/admirror.nl\/wp-content\/uploads\/2021\/12\/my-suit-mirror-admirror-logo.png\" \/>\n<meta name=\"twitter:card\" content=\"summary_large_image\" \/>\n<meta name=\"twitter:site\" content=\"@admirror\" \/>\n<meta name=\"twitter:label1\" content=\"Tiempo de lectura\" \/>\n\t<meta name=\"twitter:data1\" content=\"2 minutos\" \/>\n<script type=\"application\/ld+json\" class=\"yoast-schema-graph\">{\"@context\":\"https:\/\/schema.org\",\"@graph\":[{\"@type\":\"WebPage\",\"@id\":\"https:\/\/admirror.nl\/es\/my-suit-mirror\/\",\"url\":\"https:\/\/admirror.nl\/es\/my-suit-mirror\/\",\"name\":\"My Suit Mirror | Admirror\",\"isPartOf\":{\"@id\":\"https:\/\/admirror.nl\/es\/#website\"},\"primaryImageOfPage\":{\"@id\":\"https:\/\/admirror.nl\/es\/my-suit-mirror\/#primaryimage\"},\"image\":{\"@id\":\"https:\/\/admirror.nl\/es\/my-suit-mirror\/#primaryimage\"},\"thumbnailUrl\":\"https:\/\/admirror.nl\/wp-content\/uploads\/2021\/12\/my-suit-mirror-admirror-logo.png\",\"datePublished\":\"2021-05-28T09:34:10+00:00\",\"dateModified\":\"2021-12-15T13:34:51+00:00\",\"breadcrumb\":{\"@id\":\"https:\/\/admirror.nl\/es\/my-suit-mirror\/#breadcrumb\"},\"inLanguage\":\"es\",\"potentialAction\":[{\"@type\":\"ReadAction\",\"target\":[\"https:\/\/admirror.nl\/es\/my-suit-mirror\/\"]}]},{\"@type\":\"ImageObject\",\"inLanguage\":\"es\",\"@id\":\"https:\/\/admirror.nl\/es\/my-suit-mirror\/#primaryimage\",\"url\":\"https:\/\/admirror.nl\/wp-content\/uploads\/2021\/12\/my-suit-mirror-admirror-logo.png\",\"contentUrl\":\"https:\/\/admirror.nl\/wp-content\/uploads\/2021\/12\/my-suit-mirror-admirror-logo.png\"},{\"@type\":\"BreadcrumbList\",\"@id\":\"https:\/\/admirror.nl\/es\/my-suit-mirror\/#breadcrumb\",\"itemListElement\":[{\"@type\":\"ListItem\",\"position\":1,\"name\":\"Home\",\"item\":\"https:\/\/admirror.nl\/es\/\"},{\"@type\":\"ListItem\",\"position\":2,\"name\":\"My Suit Mirror\"}]},{\"@type\":\"WebSite\",\"@id\":\"https:\/\/admirror.nl\/es\/#website\",\"url\":\"https:\/\/admirror.nl\/es\/\",\"name\":\"Admirror\",\"description\":\"Admirror\",\"publisher\":{\"@id\":\"https:\/\/admirror.nl\/es\/#organization\"},\"potentialAction\":[{\"@type\":\"SearchAction\",\"target\":{\"@type\":\"EntryPoint\",\"urlTemplate\":\"https:\/\/admirror.nl\/es\/?s={search_term_string}\"},\"query-input\":{\"@type\":\"PropertyValueSpecification\",\"valueRequired\":true,\"valueName\":\"search_term_string\"}}],\"inLanguage\":\"es\"},{\"@type\":\"Organization\",\"@id\":\"https:\/\/admirror.nl\/es\/#organization\",\"name\":\"Admirror\",\"url\":\"https:\/\/admirror.nl\/es\/\",\"logo\":{\"@type\":\"ImageObject\",\"inLanguage\":\"es\",\"@id\":\"https:\/\/admirror.nl\/es\/#\/schema\/logo\/image\/\",\"url\":\"http:\/\/admirror.nl\/wp-content\/uploads\/2021\/05\/logo-admirror.png\",\"contentUrl\":\"http:\/\/admirror.nl\/wp-content\/uploads\/2021\/05\/logo-admirror.png\",\"width\":442,\"height\":118,\"caption\":\"Admirror\"},\"image\":{\"@id\":\"https:\/\/admirror.nl\/es\/#\/schema\/logo\/image\/\"},\"sameAs\":[\"https:\/\/www.facebook.com\/Admirror\/\",\"https:\/\/x.com\/admirror\",\"https:\/\/www.instagram.com\/admirrorbv\/\",\"https:\/\/www.linkedin.com\/company\/admirror\",\"https:\/\/www.youtube.com\/user\/admirrorbv\"]}]}<\/script>\n<!-- \/ Yoast SEO plugin. -->","yoast_head_json":{"title":"My Suit Mirror | Admirror","robots":{"index":"index","follow":"follow","max-snippet":"max-snippet:-1","max-image-preview":"max-image-preview:large","max-video-preview":"max-video-preview:-1"},"canonical":"https:\/\/admirror.nl\/es\/my-suit-mirror\/","og_locale":"es_ES","og_type":"article","og_title":"My Suit Mirror | Admirror","og_description":"\/\/Admirror My Suit Mirror \u00bfEst\u00e1s listo para &#039;la nueva tienda&#039;? My Fashion Mirror se une al comercio minorista en l\u00ednea y fuera de l\u00ednea en un espejo interactivo en el piso de la tienda y en el probador. El ajuste f\u00edsico de la ropa complementado con la conveniencia de los suministros en l\u00ednea y la [&hellip;]","og_url":"https:\/\/admirror.nl\/es\/my-suit-mirror\/","og_site_name":"Admirror","article_publisher":"https:\/\/www.facebook.com\/Admirror\/","article_modified_time":"2021-12-15T13:34:51+00:00","og_image":[{"url":"https:\/\/admirror.nl\/wp-content\/uploads\/2021\/12\/my-suit-mirror-admirror-logo.png","type":"","width":"","height":""}],"twitter_card":"summary_large_image","twitter_site":"@admirror","twitter_misc":{"Tiempo de lectura":"2 minutos"},"schema":{"@context":"https:\/\/schema.org","@graph":[{"@type":"WebPage","@id":"https:\/\/admirror.nl\/es\/my-suit-mirror\/","url":"https:\/\/admirror.nl\/es\/my-suit-mirror\/","name":"My Suit Mirror | Admirror","isPartOf":{"@id":"https:\/\/admirror.nl\/es\/#website"},"primaryImageOfPage":{"@id":"https:\/\/admirror.nl\/es\/my-suit-mirror\/#primaryimage"},"image":{"@id":"https:\/\/admirror.nl\/es\/my-suit-mirror\/#primaryimage"},"thumbnailUrl":"https:\/\/admirror.nl\/wp-content\/uploads\/2021\/12\/my-suit-mirror-admirror-logo.png","datePublished":"2021-05-28T09:34:10+00:00","dateModified":"2021-12-15T13:34:51+00:00","breadcrumb":{"@id":"https:\/\/admirror.nl\/es\/my-suit-mirror\/#breadcrumb"},"inLanguage":"es","potentialAction":[{"@type":"ReadAction","target":["https:\/\/admirror.nl\/es\/my-suit-mirror\/"]}]},{"@type":"ImageObject","inLanguage":"es","@id":"https:\/\/admirror.nl\/es\/my-suit-mirror\/#primaryimage","url":"https:\/\/admirror.nl\/wp-content\/uploads\/2021\/12\/my-suit-mirror-admirror-logo.png","contentUrl":"https:\/\/admirror.nl\/wp-content\/uploads\/2021\/12\/my-suit-mirror-admirror-logo.png"},{"@type":"BreadcrumbList","@id":"https:\/\/admirror.nl\/es\/my-suit-mirror\/#breadcrumb","itemListElement":[{"@type":"ListItem","position":1,"name":"Home","item":"https:\/\/admirror.nl\/es\/"},{"@type":"ListItem","position":2,"name":"My Suit Mirror"}]},{"@type":"WebSite","@id":"https:\/\/admirror.nl\/es\/#website","url":"https:\/\/admirror.nl\/es\/","name":"Admirror","description":"Admirror","publisher":{"@id":"https:\/\/admirror.nl\/es\/#organization"},"potentialAction":[{"@type":"SearchAction","target":{"@type":"EntryPoint","urlTemplate":"https:\/\/admirror.nl\/es\/?s={search_term_string}"},"query-input":{"@type":"PropertyValueSpecification","valueRequired":true,"valueName":"search_term_string"}}],"inLanguage":"es"},{"@type":"Organization","@id":"https:\/\/admirror.nl\/es\/#organization","name":"Admirror","url":"https:\/\/admirror.nl\/es\/","logo":{"@type":"ImageObject","inLanguage":"es","@id":"https:\/\/admirror.nl\/es\/#\/schema\/logo\/image\/","url":"http:\/\/admirror.nl\/wp-content\/uploads\/2021\/05\/logo-admirror.png","contentUrl":"http:\/\/admirror.nl\/wp-content\/uploads\/2021\/05\/logo-admirror.png","width":442,"height":118,"caption":"Admirror"},"image":{"@id":"https:\/\/admirror.nl\/es\/#\/schema\/logo\/image\/"},"sameAs":["https:\/\/www.facebook.com\/Admirror\/","https:\/\/x.com\/admirror","https:\/\/www.instagram.com\/admirrorbv\/","https:\/\/www.linkedin.com\/company\/admirror","https:\/\/www.youtube.com\/user\/admirrorbv"]}]}},"_links":{"self":[{"href":"https:\/\/admirror.nl\/es\/wp-json\/wp\/v2\/pages\/2717","targetHints":{"allow":["GET"]}}],"collection":[{"href":"https:\/\/admirror.nl\/es\/wp-json\/wp\/v2\/pages"}],"about":[{"href":"https:\/\/admirror.nl\/es\/wp-json\/wp\/v2\/types\/page"}],"author":[{"embeddable":true,"href":"https:\/\/admirror.nl\/es\/wp-json\/wp\/v2\/users\/2"}],"replies":[{"embeddable":true,"href":"https:\/\/admirror.nl\/es\/wp-json\/wp\/v2\/comments?post=2717"}],"version-history":[{"count":3,"href":"https:\/\/admirror.nl\/es\/wp-json\/wp\/v2\/pages\/2717\/revisions"}],"predecessor-version":[{"id":4946,"href":"https:\/\/admirror.nl\/es\/wp-json\/wp\/v2\/pages\/2717\/revisions\/4946"}],"wp:attachment":[{"href":"https:\/\/admirror.nl\/es\/wp-json\/wp\/v2\/media?parent=2717"}],"curies":[{"name":"wp","href":"https:\/\/api.w.org\/{rel}","templated":true}]}}