{"id":2409,"date":"2021-05-25T11:14:25","date_gmt":"2021-05-25T11:14:25","guid":{"rendered":"http:\/\/admirror.nl\/?page_id=2409"},"modified":"2021-06-25T08:40:20","modified_gmt":"2021-06-25T08:40:20","slug":"franquicia","status":"publish","type":"page","link":"https:\/\/admirror.nl\/es\/franquicia\/","title":{"rendered":"Franquicia"},"content":{"rendered":"\t\t<div data-elementor-type=\"wp-page\" data-elementor-id=\"2409\" class=\"elementor elementor-2409 elementor-1697\" data-elementor-settings=\"[]\">\n\t\t\t\t\t\t\t<div class=\"elementor-section-wrap\">\n\t\t\t\t\t\t\t<section class=\"elementor-section elementor-top-section elementor-element elementor-element-c22271a elementor-section-full_width elementor-section-height-default elementor-section-height-default\" data-id=\"c22271a\" data-element_type=\"section\">\n\t\t\t\t\t\t<div class=\"elementor-container elementor-column-gap-default\">\n\t\t\t\t\t<div class=\"elementor-column elementor-col-100 elementor-top-column elementor-element elementor-element-405b881\" data-id=\"405b881\" data-element_type=\"column\">\n\t\t\t<div class=\"elementor-widget-wrap elementor-element-populated\">\n\t\t\t\t\t\t\t\t<div class=\"elementor-element elementor-element-2394492 elementor-widget elementor-widget-topika_about_company\" data-id=\"2394492\" data-element_type=\"widget\" data-widget_type=\"topika_about_company.default\">\n\t\t\t\t<div class=\"elementor-widget-container\">\n\t\t\t\r\n        <!-- about-style-four -->\r\n        <section class=\"about-style-four\">\r\n            <div class=\"auto-container\">\r\n                <div class=\"row clearfix\">\r\n                    <div class=\"col-lg-6 col-md-12 col-sm-12 content-column\">\r\n                        <div id=\"content_block_8\">\r\n                            <div class=\"content-box mr-10\">\r\n                                <div class=\"sec-title\">\r\n                                    <h5><span>\/\/<\/span>Admirror<\/h5>\r\n                                    <h2>Franquicia Admirror<\/h2>\r\n                                <\/div>\r\n                                <div class=\"text\">\r\n                                    Con el concepto sofisticado de Admirror, los franquiciados tienen acceso inmediato a a\u00f1os de experiencia y desarrollo que Admirror ha construido en el mercado de la publicidad en espejos. Es por eso que, como franquiciado, no tiene que reinventarlo, pero puede comenzar de inmediato con un aspecto profesional y un producto de trabajo impecable y un Sistema de Gesti\u00f3n de Control que lo acompa\u00f1a.<br \/> <br \/>\n\nAdem\u00e1s de un \"comienzo r\u00e1pido\" como franquiciado, se le asiste continuamente en las operaciones comerciales. Ya sea que se trate de marketing, conocimientos espec\u00edficos o automatizaci\u00f3n, como franquiciado en Admirror, usted es un emprendedor independiente, pero no est\u00e1 solo.                                <\/div>\r\n                                                                <div class=\"btn-box\">\r\n                                \t<a href=\"\/es\/solicitud-de-cotizacion\/\" class=\"theme-btn-one\">SOLICITUD DE COTIZACI\u00d3N<\/a>\r\n                                <\/div>\r\n                                                            <\/div>\r\n                        <\/div>\r\n                    <\/div>\r\n                    <div class=\"col-lg-6 col-md-12 col-sm-12 image-column\">\r\n                        <div id=\"image_block_6\">\r\n                            <div class=\"image-box\">\r\n                                <div class=\"pattern\">\r\n                                    <div class=\"pattern-1\" style=\"background-image: url(https:\/\/admirror.nl\/wp-content\/themes\/admirror\/assets\/images\/shape\/pattern-59.png);\"><\/div>\r\n                                    <div class=\"pattern-2\" style=\"background-image: url(https:\/\/admirror.nl\/wp-content\/themes\/admirror\/assets\/images\/shape\/pattern-60.png);\"><\/div>\r\n                                <\/div>\r\n                                <figure class=\"image\"><img decoding=\"async\" src=\"https:\/\/admirror.nl\/wp-content\/uploads\/2021\/05\/admirror-remy.jpg\" alt=\"Awesome Image\"><\/figure>\r\n                            <\/div>\r\n                        <\/div>\r\n                    <\/div>\r\n                <\/div>\r\n            <\/div>\r\n        <\/section>\r\n        <!-- about-style-four end -->\r\n\r\n        \t\t<\/div>\n\t\t\t\t<\/div>\n\t\t\t\t<section class=\"elementor-section elementor-inner-section elementor-element elementor-element-ffbc53f elementor-section-boxed elementor-section-height-default elementor-section-height-default\" data-id=\"ffbc53f\" data-element_type=\"section\">\n\t\t\t\t\t\t<div class=\"elementor-container elementor-column-gap-default\">\n\t\t\t\t\t<div class=\"elementor-column elementor-col-50 elementor-inner-column elementor-element elementor-element-ba9ee06\" data-id=\"ba9ee06\" data-element_type=\"column\">\n\t\t\t<div class=\"elementor-widget-wrap elementor-element-populated\">\n\t\t\t\t\t\t\t\t<div class=\"elementor-element elementor-element-9523b3e elementor-widget elementor-widget-heading\" data-id=\"9523b3e\" data-element_type=\"widget\" data-widget_type=\"heading.default\">\n\t\t\t\t<div class=\"elementor-widget-container\">\n\t\t\t<h2 class=\"elementor-heading-title elementor-size-default\">\u00bfPor qu\u00e9 franquicias?<\/h2>\t\t<\/div>\n\t\t\t\t<\/div>\n\t\t\t\t<div class=\"elementor-element elementor-element-3c05178 elementor-widget elementor-widget-text-editor\" data-id=\"3c05178\" data-element_type=\"widget\" data-widget_type=\"text-editor.default\">\n\t\t\t\t<div class=\"elementor-widget-container\">\n\t\t\t\t\t\t\t\tEl concepto de admirador se basa en el esp\u00edritu empresarial. Como franquicia de Admirror, trabajas en tu propia regi\u00f3n y, por lo tanto, tienes un n\u00famero m\u00e1ximo de clientes propios: ubicaciones donde se colocan los espejos y los anunciantes que los utilizan para comunicarse. Como emprendedor, usted es completamente responsable, pero tambi\u00e9n depende de su propio desempe\u00f1o. Adem\u00e1s, los franquiciados de Admirror guiaron con gran dedicaci\u00f3n, y Admirror es una excelente organizaci\u00f3n de franquicias con un futuro dorado.\t\t\t\t\t\t<\/div>\n\t\t\t\t<\/div>\n\t\t\t\t<div class=\"elementor-element elementor-element-c658dd0 elementor-widget elementor-widget-heading\" data-id=\"c658dd0\" data-element_type=\"widget\" data-widget_type=\"heading.default\">\n\t\t\t\t<div class=\"elementor-widget-container\">\n\t\t\t<h2 class=\"elementor-heading-title elementor-size-default\">Tu propio negocio Admirror<\/h2>\t\t<\/div>\n\t\t\t\t<\/div>\n\t\t\t\t<div class=\"elementor-element elementor-element-32417f4 elementor-widget elementor-widget-text-editor\" data-id=\"32417f4\" data-element_type=\"widget\" data-widget_type=\"text-editor.default\">\n\t\t\t\t<div class=\"elementor-widget-container\">\n\t\t\t\t\t\t\t\tComo coordinador de Admirror, es un experto en comunicarse con sus clientes, contactos y la sede de Admirror. Gracias a su red y al conocimiento local del mercado, sabe encontrar f\u00e1cilmente a estas personas y empresas. Los clientes son en su mayor\u00eda empresas MKD que aprecian mucho los consejos sobre publicidad.\n<br><\/br>\nel franquiciado tiene el control de la carga de trabajo. Como franquiciado, no tiene una mentalidad de nueve a cinco y est\u00e1 preparado para hacer contactos tambi\u00e9n por la noche, por ejemplo, reuniones de asociaciones comerciales locales, etc. La actitud correcta garantiza sin duda un resultado operativo positivo.\t\t\t\t\t\t<\/div>\n\t\t\t\t<\/div>\n\t\t\t\t<div class=\"elementor-element elementor-element-3a0aaa9 elementor-widget elementor-widget-html\" data-id=\"3a0aaa9\" data-element_type=\"widget\" data-widget_type=\"html.default\">\n\t\t\t\t<div class=\"elementor-widget-container\">\n\t\t\t<iframe loading=\"lazy\" title=\"YouTube video player\" src=\"https:\/\/www.youtube.com\/embed\/Cve9i2vbVJ0\" width=\"560\" height=\"315\" frameborder=\"0\" allowfullscreen=\"allowfullscreen\"><\/iframe>\t\t<\/div>\n\t\t\t\t<\/div>\n\t\t\t\t\t<\/div>\n\t\t<\/div>\n\t\t\t\t<div class=\"elementor-column elementor-col-50 elementor-inner-column elementor-element elementor-element-ba1609f\" data-id=\"ba1609f\" data-element_type=\"column\">\n\t\t\t<div class=\"elementor-widget-wrap elementor-element-populated\">\n\t\t\t\t\t\t\t\t<div class=\"elementor-element elementor-element-3186961 elementor-widget elementor-widget-heading\" data-id=\"3186961\" data-element_type=\"widget\" data-widget_type=\"heading.default\">\n\t\t\t\t<div class=\"elementor-widget-container\">\n\t\t\t<h2 class=\"elementor-heading-title elementor-size-default\">Contribuci\u00f3n a la inversi\u00f3n<\/h2>\t\t<\/div>\n\t\t\t\t<\/div>\n\t\t\t\t<div class=\"elementor-element elementor-element-6bcfff8 elementor-widget elementor-widget-text-editor\" data-id=\"6bcfff8\" data-element_type=\"widget\" data-widget_type=\"text-editor.default\">\n\t\t\t\t<div class=\"elementor-widget-container\">\n\t\t\t\t\t\t\t\t<p>Por supuesto, esperamos que un franquiciado tenga la oportunidad de invertir. El monto de esta inversi\u00f3n y el tama\u00f1o de la regi\u00f3n decidir\u00e1n la cantidad de espejos que se colocar\u00e1n.<\/p><p>\u00a0<\/p><p>El monto de esta inversi\u00f3n depende de la cantidad de espejos que se colocar\u00e1n y del tama\u00f1o de la regi\u00f3n en la que estar\u00e1 activo, pero la experiencia muestra que comenzar con ubicaciones privilegiadas puede proporcionar un flujo de efectivo instant\u00e1neo que le permite crecer de manera constante dentro de su regi\u00f3n. La oficina central de Admirror lo ayuda con la implementaci\u00f3n t\u00e9cnica y la ubicaci\u00f3n de las ubicaciones que recluta. Los n\u00fameros de pedido m\u00ednimos de espejos son 5 a la vez.<\/p><p>\u00a0<\/p><p>Como socio de franquicia de Admirror, usted presenta las posibilidades del Admirror inteligente a la atenci\u00f3n de los anunciantes locales, regionales y posiblemente nacionales.<\/p><p>\u00a0<\/p><p>\u00bfLe gustar\u00eda convertirse en socio franquiciado en su pa\u00eds o regi\u00f3n? Por favor cont\u00e1ctenos. Nos complace brindarle m\u00e1s informaci\u00f3n.<\/p>\t\t\t\t\t\t<\/div>\n\t\t\t\t<\/div>\n\t\t\t\t\t<\/div>\n\t\t<\/div>\n\t\t\t\t\t\t\t<\/div>\n\t\t<\/section>\n\t\t\t\t\t<\/div>\n\t\t<\/div>\n\t\t\t\t\t\t\t<\/div>\n\t\t<\/section>\n\t\t\t\t\t\t<\/div>\n\t\t\t\t\t<\/div>\n\t\t","protected":false},"excerpt":{"rendered":"<p>\/\/Admirror Franquicia Admirror Con el concepto sofisticado de Admirror, los franquiciados tienen acceso inmediato a a\u00f1os de experiencia y desarrollo que Admirror ha construido en el mercado de la publicidad en espejos. Es por eso que, como franquiciado, no tiene que reinventarlo, pero puede comenzar de inmediato con un aspecto profesional y un producto de [&hellip;]<\/p>\n","protected":false},"author":2,"featured_media":0,"parent":0,"menu_order":0,"comment_status":"closed","ping_status":"closed","template":"tpl-default-elementor.php","meta":{"_monsterinsights_skip_tracking":false,"_monsterinsights_sitenote_active":false,"_monsterinsights_sitenote_note":"","_monsterinsights_sitenote_category":0,"footnotes":""},"class_list":["post-2409","page","type-page","status-publish","hentry"],"yoast_head":"<!-- This site is optimized with the Yoast SEO plugin v26.7 - https:\/\/yoast.com\/wordpress\/plugins\/seo\/ -->\n<title>Franquicia | Admirror | A unique way of Advertising &amp; Communication<\/title>\n<meta name=\"description\" content=\"Como franquiciado de Admirror, tiene varias ventajas. Lea m\u00e1s sobre la franquicia Admirror aqu\u00ed. No est\u00e1s solo con nosotros.\" \/>\n<meta name=\"robots\" content=\"index, follow, max-snippet:-1, max-image-preview:large, max-video-preview:-1\" \/>\n<link rel=\"canonical\" href=\"https:\/\/admirror.nl\/es\/franquicia\/\" \/>\n<meta property=\"og:locale\" content=\"es_ES\" \/>\n<meta property=\"og:type\" content=\"article\" \/>\n<meta property=\"og:title\" content=\"Franquicia | Admirror | A unique way of Advertising &amp; Communication\" \/>\n<meta property=\"og:description\" content=\"Como franquiciado de Admirror, tiene varias ventajas. Lea m\u00e1s sobre la franquicia Admirror aqu\u00ed. No est\u00e1s solo con nosotros.\" \/>\n<meta property=\"og:url\" content=\"https:\/\/admirror.nl\/es\/franquicia\/\" \/>\n<meta property=\"og:site_name\" content=\"Admirror\" \/>\n<meta property=\"article:publisher\" content=\"https:\/\/www.facebook.com\/Admirror\/\" \/>\n<meta property=\"article:modified_time\" content=\"2021-06-25T08:40:20+00:00\" \/>\n<meta property=\"og:image\" content=\"http:\/\/admirror.nl\/wp-content\/uploads\/2021\/05\/admirror-remy.jpg\" \/>\n<meta name=\"twitter:card\" content=\"summary_large_image\" \/>\n<meta name=\"twitter:site\" content=\"@admirror\" \/>\n<meta name=\"twitter:label1\" content=\"Tiempo de lectura\" \/>\n\t<meta name=\"twitter:data1\" content=\"3 minutos\" \/>\n<script type=\"application\/ld+json\" class=\"yoast-schema-graph\">{\"@context\":\"https:\/\/schema.org\",\"@graph\":[{\"@type\":\"WebPage\",\"@id\":\"https:\/\/admirror.nl\/es\/franquicia\/\",\"url\":\"https:\/\/admirror.nl\/es\/franquicia\/\",\"name\":\"Franquicia | Admirror | A unique way of Advertising & Communication\",\"isPartOf\":{\"@id\":\"https:\/\/admirror.nl\/es\/#website\"},\"primaryImageOfPage\":{\"@id\":\"https:\/\/admirror.nl\/es\/franquicia\/#primaryimage\"},\"image\":{\"@id\":\"https:\/\/admirror.nl\/es\/franquicia\/#primaryimage\"},\"thumbnailUrl\":\"http:\/\/admirror.nl\/wp-content\/uploads\/2021\/05\/admirror-remy.jpg\",\"datePublished\":\"2021-05-25T11:14:25+00:00\",\"dateModified\":\"2021-06-25T08:40:20+00:00\",\"description\":\"Como franquiciado de Admirror, tiene varias ventajas. Lea m\u00e1s sobre la franquicia Admirror aqu\u00ed. No est\u00e1s solo con nosotros.\",\"breadcrumb\":{\"@id\":\"https:\/\/admirror.nl\/es\/franquicia\/#breadcrumb\"},\"inLanguage\":\"es\",\"potentialAction\":[{\"@type\":\"ReadAction\",\"target\":[\"https:\/\/admirror.nl\/es\/franquicia\/\"]}]},{\"@type\":\"ImageObject\",\"inLanguage\":\"es\",\"@id\":\"https:\/\/admirror.nl\/es\/franquicia\/#primaryimage\",\"url\":\"http:\/\/admirror.nl\/wp-content\/uploads\/2021\/05\/admirror-remy.jpg\",\"contentUrl\":\"http:\/\/admirror.nl\/wp-content\/uploads\/2021\/05\/admirror-remy.jpg\"},{\"@type\":\"BreadcrumbList\",\"@id\":\"https:\/\/admirror.nl\/es\/franquicia\/#breadcrumb\",\"itemListElement\":[{\"@type\":\"ListItem\",\"position\":1,\"name\":\"Home\",\"item\":\"https:\/\/admirror.nl\/es\/\"},{\"@type\":\"ListItem\",\"position\":2,\"name\":\"Franquicia\"}]},{\"@type\":\"WebSite\",\"@id\":\"https:\/\/admirror.nl\/es\/#website\",\"url\":\"https:\/\/admirror.nl\/es\/\",\"name\":\"Admirror\",\"description\":\"Admirror\",\"publisher\":{\"@id\":\"https:\/\/admirror.nl\/es\/#organization\"},\"potentialAction\":[{\"@type\":\"SearchAction\",\"target\":{\"@type\":\"EntryPoint\",\"urlTemplate\":\"https:\/\/admirror.nl\/es\/?s={search_term_string}\"},\"query-input\":{\"@type\":\"PropertyValueSpecification\",\"valueRequired\":true,\"valueName\":\"search_term_string\"}}],\"inLanguage\":\"es\"},{\"@type\":\"Organization\",\"@id\":\"https:\/\/admirror.nl\/es\/#organization\",\"name\":\"Admirror\",\"url\":\"https:\/\/admirror.nl\/es\/\",\"logo\":{\"@type\":\"ImageObject\",\"inLanguage\":\"es\",\"@id\":\"https:\/\/admirror.nl\/es\/#\/schema\/logo\/image\/\",\"url\":\"http:\/\/admirror.nl\/wp-content\/uploads\/2021\/05\/logo-admirror.png\",\"contentUrl\":\"http:\/\/admirror.nl\/wp-content\/uploads\/2021\/05\/logo-admirror.png\",\"width\":442,\"height\":118,\"caption\":\"Admirror\"},\"image\":{\"@id\":\"https:\/\/admirror.nl\/es\/#\/schema\/logo\/image\/\"},\"sameAs\":[\"https:\/\/www.facebook.com\/Admirror\/\",\"https:\/\/x.com\/admirror\",\"https:\/\/www.instagram.com\/admirrorbv\/\",\"https:\/\/www.linkedin.com\/company\/admirror\",\"https:\/\/www.youtube.com\/user\/admirrorbv\"]}]}<\/script>\n<!-- \/ Yoast SEO plugin. -->","yoast_head_json":{"title":"Franquicia | Admirror | A unique way of Advertising & Communication","description":"Como franquiciado de Admirror, tiene varias ventajas. Lea m\u00e1s sobre la franquicia Admirror aqu\u00ed. No est\u00e1s solo con nosotros.","robots":{"index":"index","follow":"follow","max-snippet":"max-snippet:-1","max-image-preview":"max-image-preview:large","max-video-preview":"max-video-preview:-1"},"canonical":"https:\/\/admirror.nl\/es\/franquicia\/","og_locale":"es_ES","og_type":"article","og_title":"Franquicia | Admirror | A unique way of Advertising & Communication","og_description":"Como franquiciado de Admirror, tiene varias ventajas. Lea m\u00e1s sobre la franquicia Admirror aqu\u00ed. No est\u00e1s solo con nosotros.","og_url":"https:\/\/admirror.nl\/es\/franquicia\/","og_site_name":"Admirror","article_publisher":"https:\/\/www.facebook.com\/Admirror\/","article_modified_time":"2021-06-25T08:40:20+00:00","og_image":[{"url":"http:\/\/admirror.nl\/wp-content\/uploads\/2021\/05\/admirror-remy.jpg","type":"","width":"","height":""}],"twitter_card":"summary_large_image","twitter_site":"@admirror","twitter_misc":{"Tiempo de lectura":"3 minutos"},"schema":{"@context":"https:\/\/schema.org","@graph":[{"@type":"WebPage","@id":"https:\/\/admirror.nl\/es\/franquicia\/","url":"https:\/\/admirror.nl\/es\/franquicia\/","name":"Franquicia | Admirror | A unique way of Advertising & Communication","isPartOf":{"@id":"https:\/\/admirror.nl\/es\/#website"},"primaryImageOfPage":{"@id":"https:\/\/admirror.nl\/es\/franquicia\/#primaryimage"},"image":{"@id":"https:\/\/admirror.nl\/es\/franquicia\/#primaryimage"},"thumbnailUrl":"http:\/\/admirror.nl\/wp-content\/uploads\/2021\/05\/admirror-remy.jpg","datePublished":"2021-05-25T11:14:25+00:00","dateModified":"2021-06-25T08:40:20+00:00","description":"Como franquiciado de Admirror, tiene varias ventajas. Lea m\u00e1s sobre la franquicia Admirror aqu\u00ed. No est\u00e1s solo con nosotros.","breadcrumb":{"@id":"https:\/\/admirror.nl\/es\/franquicia\/#breadcrumb"},"inLanguage":"es","potentialAction":[{"@type":"ReadAction","target":["https:\/\/admirror.nl\/es\/franquicia\/"]}]},{"@type":"ImageObject","inLanguage":"es","@id":"https:\/\/admirror.nl\/es\/franquicia\/#primaryimage","url":"http:\/\/admirror.nl\/wp-content\/uploads\/2021\/05\/admirror-remy.jpg","contentUrl":"http:\/\/admirror.nl\/wp-content\/uploads\/2021\/05\/admirror-remy.jpg"},{"@type":"BreadcrumbList","@id":"https:\/\/admirror.nl\/es\/franquicia\/#breadcrumb","itemListElement":[{"@type":"ListItem","position":1,"name":"Home","item":"https:\/\/admirror.nl\/es\/"},{"@type":"ListItem","position":2,"name":"Franquicia"}]},{"@type":"WebSite","@id":"https:\/\/admirror.nl\/es\/#website","url":"https:\/\/admirror.nl\/es\/","name":"Admirror","description":"Admirror","publisher":{"@id":"https:\/\/admirror.nl\/es\/#organization"},"potentialAction":[{"@type":"SearchAction","target":{"@type":"EntryPoint","urlTemplate":"https:\/\/admirror.nl\/es\/?s={search_term_string}"},"query-input":{"@type":"PropertyValueSpecification","valueRequired":true,"valueName":"search_term_string"}}],"inLanguage":"es"},{"@type":"Organization","@id":"https:\/\/admirror.nl\/es\/#organization","name":"Admirror","url":"https:\/\/admirror.nl\/es\/","logo":{"@type":"ImageObject","inLanguage":"es","@id":"https:\/\/admirror.nl\/es\/#\/schema\/logo\/image\/","url":"http:\/\/admirror.nl\/wp-content\/uploads\/2021\/05\/logo-admirror.png","contentUrl":"http:\/\/admirror.nl\/wp-content\/uploads\/2021\/05\/logo-admirror.png","width":442,"height":118,"caption":"Admirror"},"image":{"@id":"https:\/\/admirror.nl\/es\/#\/schema\/logo\/image\/"},"sameAs":["https:\/\/www.facebook.com\/Admirror\/","https:\/\/x.com\/admirror","https:\/\/www.instagram.com\/admirrorbv\/","https:\/\/www.linkedin.com\/company\/admirror","https:\/\/www.youtube.com\/user\/admirrorbv"]}]}},"_links":{"self":[{"href":"https:\/\/admirror.nl\/es\/wp-json\/wp\/v2\/pages\/2409","targetHints":{"allow":["GET"]}}],"collection":[{"href":"https:\/\/admirror.nl\/es\/wp-json\/wp\/v2\/pages"}],"about":[{"href":"https:\/\/admirror.nl\/es\/wp-json\/wp\/v2\/types\/page"}],"author":[{"embeddable":true,"href":"https:\/\/admirror.nl\/es\/wp-json\/wp\/v2\/users\/2"}],"replies":[{"embeddable":true,"href":"https:\/\/admirror.nl\/es\/wp-json\/wp\/v2\/comments?post=2409"}],"version-history":[{"count":0,"href":"https:\/\/admirror.nl\/es\/wp-json\/wp\/v2\/pages\/2409\/revisions"}],"wp:attachment":[{"href":"https:\/\/admirror.nl\/es\/wp-json\/wp\/v2\/media?parent=2409"}],"curies":[{"name":"wp","href":"https:\/\/api.w.org\/{rel}","templated":true}]}}