{"id":2398,"date":"2021-05-21T12:18:22","date_gmt":"2021-05-21T12:18:22","guid":{"rendered":"http:\/\/admirror.nl\/?page_id=2398"},"modified":"2021-06-28T12:53:50","modified_gmt":"2021-06-28T12:53:50","slug":"anunciar","status":"publish","type":"page","link":"https:\/\/admirror.nl\/es\/anunciar\/","title":{"rendered":"Anunciar"},"content":{"rendered":"\t\t<div data-elementor-type=\"wp-page\" data-elementor-id=\"2398\" class=\"elementor elementor-2398 elementor-1489\" data-elementor-settings=\"[]\">\n\t\t\t\t\t\t\t<div class=\"elementor-section-wrap\">\n\t\t\t\t\t\t\t<section class=\"elementor-section elementor-top-section elementor-element elementor-element-c22271a elementor-section-full_width elementor-section-height-default elementor-section-height-default\" data-id=\"c22271a\" data-element_type=\"section\">\n\t\t\t\t\t\t<div class=\"elementor-container elementor-column-gap-default\">\n\t\t\t\t\t<div class=\"elementor-column elementor-col-100 elementor-top-column elementor-element elementor-element-405b881\" data-id=\"405b881\" data-element_type=\"column\">\n\t\t\t<div class=\"elementor-widget-wrap elementor-element-populated\">\n\t\t\t\t\t\t\t\t<div class=\"elementor-element elementor-element-2394492 elementor-widget elementor-widget-topika_about_company\" data-id=\"2394492\" data-element_type=\"widget\" data-widget_type=\"topika_about_company.default\">\n\t\t\t\t<div class=\"elementor-widget-container\">\n\t\t\t\r\n        <!-- about-style-four -->\r\n        <section class=\"about-style-four\">\r\n            <div class=\"auto-container\">\r\n                <div class=\"row clearfix\">\r\n                    <div class=\"col-lg-6 col-md-12 col-sm-12 content-column\">\r\n                        <div id=\"content_block_8\">\r\n                            <div class=\"content-box mr-10\">\r\n                                <div class=\"sec-title\">\r\n                                    <h5><span>\/\/<\/span>Admirror<\/h5>\r\n                                    <h2>Anunciar<\/h2>\r\n                                <\/div>\r\n                                <div class=\"text\">\r\n                                    <em>\u00bfPor qu\u00e9 anunciarse en Admirror?<\/em><br \/><p>Con un anuncio en Admirror, puede dirigirse a la audiencia a la vez y alcanzar el valor de atenci\u00f3n deseado.<\/p><p>\nUn restaurante atrae a un p\u00fablico diferente al de una cafeter\u00eda. Y quien visita un club deportivo o un zool\u00f3gico, est\u00e1 de un humor muy diferente al de quien visita un cine. Estas diferencias son fundamentales. La publicidad eficaz no se trata solo de una acci\u00f3n dirigida al grupo objetivo, sino tambi\u00e9n de una combinaci\u00f3n del grupo objetivo, la ubicaci\u00f3n y el momento. Los comerciales est\u00e1n frescos en la memoria del espectador espejo, lo que hace que la gente quiera comprarlos. De modo que, consciente o inconscientemente, ha visto el espejo. Admirror te da la oportunidad de jugar en esto.<\/p>                                <\/div>\r\n                                                                <div class=\"btn-box\">\r\n                                \t<a href=\"\/es\/contacto\/\" class=\"theme-btn-one\">QUIERO ANUNCIAR<\/a>\r\n                                <\/div>\r\n                                                            <\/div>\r\n                        <\/div>\r\n                    <\/div>\r\n                    <div class=\"col-lg-6 col-md-12 col-sm-12 image-column\">\r\n                        <div id=\"image_block_6\">\r\n                            <div class=\"image-box\">\r\n                                <div class=\"pattern\">\r\n                                    <div class=\"pattern-1\" style=\"background-image: url(https:\/\/admirror.nl\/wp-content\/themes\/admirror\/assets\/images\/shape\/pattern-59.png);\"><\/div>\r\n                                    <div class=\"pattern-2\" style=\"background-image: url(https:\/\/admirror.nl\/wp-content\/themes\/admirror\/assets\/images\/shape\/pattern-60.png);\"><\/div>\r\n                                <\/div>\r\n                                <figure class=\"image\"><img decoding=\"async\" src=\"https:\/\/admirror.nl\/wp-content\/uploads\/2021\/05\/Interactieve-Smart-Admirror-Admirror-6.jpg\" alt=\"Awesome Image\"><\/figure>\r\n                            <\/div>\r\n                        <\/div>\r\n                    <\/div>\r\n                <\/div>\r\n            <\/div>\r\n        <\/section>\r\n        <!-- about-style-four end -->\r\n\r\n        \t\t<\/div>\n\t\t\t\t<\/div>\n\t\t\t\t<section class=\"elementor-section elementor-inner-section elementor-element elementor-element-ffbc53f elementor-section-boxed elementor-section-height-default elementor-section-height-default\" data-id=\"ffbc53f\" data-element_type=\"section\">\n\t\t\t\t\t\t<div class=\"elementor-container elementor-column-gap-default\">\n\t\t\t\t\t<div class=\"elementor-column elementor-col-50 elementor-inner-column elementor-element elementor-element-ba9ee06\" data-id=\"ba9ee06\" data-element_type=\"column\">\n\t\t\t<div class=\"elementor-widget-wrap elementor-element-populated\">\n\t\t\t\t\t\t\t\t<div class=\"elementor-element elementor-element-9523b3e elementor-widget elementor-widget-heading\" data-id=\"9523b3e\" data-element_type=\"widget\" data-widget_type=\"heading.default\">\n\t\t\t\t<div class=\"elementor-widget-container\">\n\t\t\t<h2 class=\"elementor-heading-title elementor-size-default\">6.000 anuncios publicitarios<\/h2>\t\t<\/div>\n\t\t\t\t<\/div>\n\t\t\t\t<div class=\"elementor-element elementor-element-3c05178 elementor-widget elementor-widget-text-editor\" data-id=\"3c05178\" data-element_type=\"widget\" data-widget_type=\"text-editor.default\">\n\t\t\t\t<div class=\"elementor-widget-container\">\n\t\t\t\t\t\t\t\tEsto puede ser a nivel local, regional o nacional. Puede elegir entre una amplia gama de anuncios publicitarios. Puede elegir entre m\u00e1s de 6.000 espacios publicitarios en los Pa\u00edses Bajos, B\u00e9lgica y Alemania. Piense en caf\u00e9s y cines, pero tambi\u00e9n en gimnasios, restaurantes y brasseries. Puede elegir una suscripci\u00f3n anual o una suscripci\u00f3n con un plazo diferente. Por una inversi\u00f3n relativamente baja, intercambiaremos los anuncios por usted. Esto le ofrece la oportunidad de llamar la atenci\u00f3n tambi\u00e9n temporalmente sobre promociones, eventos u ofertas.\t\t\t\t\t\t<\/div>\n\t\t\t\t<\/div>\n\t\t\t\t<div class=\"elementor-element elementor-element-c658dd0 elementor-widget elementor-widget-heading\" data-id=\"c658dd0\" data-element_type=\"widget\" data-widget_type=\"heading.default\">\n\t\t\t\t<div class=\"elementor-widget-container\">\n\t\t\t<h2 class=\"elementor-heading-title elementor-size-default\">Efectivo y econ\u00f3mico<\/h2>\t\t<\/div>\n\t\t\t\t<\/div>\n\t\t\t\t<div class=\"elementor-element elementor-element-32417f4 elementor-widget elementor-widget-text-editor\" data-id=\"32417f4\" data-element_type=\"widget\" data-widget_type=\"text-editor.default\">\n\t\t\t\t<div class=\"elementor-widget-container\">\n\t\t\t\t\t\t\t\tJuntos podemos determinar en qu\u00e9 ubicaciones y en qu\u00e9 espejos puede anunciar de manera m\u00e1s eficaz. Nuestros asesores estar\u00e1n encantados de hablar contigo sobre todas las posibilidades con una conversaci\u00f3n personal.\t\t\t\t\t\t<\/div>\n\t\t\t\t<\/div>\n\t\t\t\t\t<\/div>\n\t\t<\/div>\n\t\t\t\t<div class=\"elementor-column elementor-col-50 elementor-inner-column elementor-element elementor-element-ba1609f\" data-id=\"ba1609f\" data-element_type=\"column\">\n\t\t\t<div class=\"elementor-widget-wrap elementor-element-populated\">\n\t\t\t\t\t\t\t\t<div class=\"elementor-element elementor-element-3186961 elementor-widget elementor-widget-heading\" data-id=\"3186961\" data-element_type=\"widget\" data-widget_type=\"heading.default\">\n\t\t\t\t<div class=\"elementor-widget-container\">\n\t\t\t<h2 class=\"elementor-heading-title elementor-size-default\">Las principales ventajas del Admirror para los anunciantes:<\/h2>\t\t<\/div>\n\t\t\t\t<\/div>\n\t\t\t\t<div class=\"elementor-element elementor-element-cf0c4e7 elementor-icon-list--layout-traditional elementor-list-item-link-full_width elementor-widget elementor-widget-icon-list\" data-id=\"cf0c4e7\" data-element_type=\"widget\" data-widget_type=\"icon-list.default\">\n\t\t\t\t<div class=\"elementor-widget-container\">\n\t\t\t\t\t<ul class=\"elementor-icon-list-items\">\n\t\t\t\t\t\t\t<li class=\"elementor-icon-list-item\">\n\t\t\t\t\t\t\t\t\t\t\t<span class=\"elementor-icon-list-icon\">\n\t\t\t\t\t\t\t<i aria-hidden=\"true\" class=\"fas fa-dot-circle\"><\/i>\t\t\t\t\t\t<\/span>\n\t\t\t\t\t\t\t\t\t\t<span class=\"elementor-icon-list-text\"> Conducido visualmente al espejo<\/span>\n\t\t\t\t\t\t\t\t\t<\/li>\n\t\t\t\t\t\t\t\t<li class=\"elementor-icon-list-item\">\n\t\t\t\t\t\t\t\t\t\t\t<span class=\"elementor-icon-list-icon\">\n\t\t\t\t\t\t\t<i aria-hidden=\"true\" class=\"fas fa-dot-circle\"><\/i>\t\t\t\t\t\t<\/span>\n\t\t\t\t\t\t\t\t\t\t<span class=\"elementor-icon-list-text\">Una forma innovadora de comunicaci\u00f3n<\/span>\n\t\t\t\t\t\t\t\t\t<\/li>\n\t\t\t\t\t\t\t\t<li class=\"elementor-icon-list-item\">\n\t\t\t\t\t\t\t\t\t\t\t<span class=\"elementor-icon-list-icon\">\n\t\t\t\t\t\t\t<i aria-hidden=\"true\" class=\"fas fa-dot-circle\"><\/i>\t\t\t\t\t\t<\/span>\n\t\t\t\t\t\t\t\t\t\t<span class=\"elementor-icon-list-text\">Plataforma para llegar al grupo objetivo adecuado a trav\u00e9s de esta forma de comunicaci\u00f3n.<\/span>\n\t\t\t\t\t\t\t\t\t<\/li>\n\t\t\t\t\t\t\t\t<li class=\"elementor-icon-list-item\">\n\t\t\t\t\t\t\t\t\t\t\t<span class=\"elementor-icon-list-icon\">\n\t\t\t\t\t\t\t<i aria-hidden=\"true\" class=\"fas fa-dot-circle\"><\/i>\t\t\t\t\t\t<\/span>\n\t\t\t\t\t\t\t\t\t\t<span class=\"elementor-icon-list-text\">Entretenimiento positivo<\/span>\n\t\t\t\t\t\t\t\t\t<\/li>\n\t\t\t\t\t\t\t\t<li class=\"elementor-icon-list-item\">\n\t\t\t\t\t\t\t\t\t\t\t<span class=\"elementor-icon-list-icon\">\n\t\t\t\t\t\t\t<i aria-hidden=\"true\" class=\"fas fa-dot-circle\"><\/i>\t\t\t\t\t\t<\/span>\n\t\t\t\t\t\t\t\t\t\t<span class=\"elementor-icon-list-text\">Exposici\u00f3n forzada, no se puede ignorar la expresi\u00f3n<\/span>\n\t\t\t\t\t\t\t\t\t<\/li>\n\t\t\t\t\t\t\t\t<li class=\"elementor-icon-list-item\">\n\t\t\t\t\t\t\t\t\t\t\t<span class=\"elementor-icon-list-icon\">\n\t\t\t\t\t\t\t<i aria-hidden=\"true\" class=\"fas fa-dot-circle\"><\/i>\t\t\t\t\t\t<\/span>\n\t\t\t\t\t\t\t\t\t\t<span class=\"elementor-icon-list-text\">\u2022La publicidad tiene una potencia de frenado \u00f3ptima<\/span>\n\t\t\t\t\t\t\t\t\t<\/li>\n\t\t\t\t\t\t<\/ul>\n\t\t\t\t<\/div>\n\t\t\t\t<\/div>\n\t\t\t\t\t<\/div>\n\t\t<\/div>\n\t\t\t\t\t\t\t<\/div>\n\t\t<\/section>\n\t\t\t\t\t<\/div>\n\t\t<\/div>\n\t\t\t\t\t\t\t<\/div>\n\t\t<\/section>\n\t\t\t\t\t\t<\/div>\n\t\t\t\t\t<\/div>\n\t\t","protected":false},"excerpt":{"rendered":"<p>\/\/Admirror Anunciar \u00bfPor qu\u00e9 anunciarse en Admirror? Con un anuncio en Admirror, puede dirigirse a la audiencia a la vez y alcanzar el valor de atenci\u00f3n deseado. Un restaurante atrae a un p\u00fablico diferente al de una cafeter\u00eda. Y quien visita un club deportivo o un zool\u00f3gico, est\u00e1 de un humor muy diferente al de [&hellip;]<\/p>\n","protected":false},"author":2,"featured_media":0,"parent":0,"menu_order":0,"comment_status":"closed","ping_status":"closed","template":"tpl-default-elementor.php","meta":{"_monsterinsights_skip_tracking":false,"_monsterinsights_sitenote_active":false,"_monsterinsights_sitenote_note":"","_monsterinsights_sitenote_category":0,"footnotes":""},"class_list":["post-2398","page","type-page","status-publish","hentry"],"yoast_head":"<!-- This site is optimized with the Yoast SEO plugin v26.7 - https:\/\/yoast.com\/wordpress\/plugins\/seo\/ -->\n<title>Anunciar| Admirror | A unique way of Advertising &amp; Communication<\/title>\n<meta name=\"description\" content=\"\u00bfComunicarse y publicitarse de forma innovadora en Smart Admirror? Lea m\u00e1s sobre las opciones de publicidad de Admirror aqu\u00ed.\" \/>\n<meta name=\"robots\" content=\"index, follow, max-snippet:-1, max-image-preview:large, max-video-preview:-1\" \/>\n<link rel=\"canonical\" href=\"https:\/\/admirror.nl\/es\/anunciar\/\" \/>\n<meta property=\"og:locale\" content=\"es_ES\" \/>\n<meta property=\"og:type\" content=\"article\" \/>\n<meta property=\"og:title\" content=\"Anunciar| Admirror | A unique way of Advertising &amp; Communication\" \/>\n<meta property=\"og:description\" content=\"\u00bfComunicarse y publicitarse de forma innovadora en Smart Admirror? Lea m\u00e1s sobre las opciones de publicidad de Admirror aqu\u00ed.\" \/>\n<meta property=\"og:url\" content=\"https:\/\/admirror.nl\/es\/anunciar\/\" \/>\n<meta property=\"og:site_name\" content=\"Admirror\" \/>\n<meta property=\"article:publisher\" content=\"https:\/\/www.facebook.com\/Admirror\/\" \/>\n<meta property=\"article:modified_time\" content=\"2021-06-28T12:53:50+00:00\" \/>\n<meta property=\"og:image\" content=\"http:\/\/admirror.nl\/wp-content\/uploads\/2021\/05\/Interactieve-Smart-Admirror-Admirror-6.jpg\" \/>\n<meta name=\"twitter:card\" content=\"summary_large_image\" \/>\n<meta name=\"twitter:site\" content=\"@admirror\" \/>\n<meta name=\"twitter:label1\" content=\"Tiempo de lectura\" \/>\n\t<meta name=\"twitter:data1\" content=\"2 minutos\" \/>\n<script type=\"application\/ld+json\" class=\"yoast-schema-graph\">{\"@context\":\"https:\/\/schema.org\",\"@graph\":[{\"@type\":\"WebPage\",\"@id\":\"https:\/\/admirror.nl\/es\/anunciar\/\",\"url\":\"https:\/\/admirror.nl\/es\/anunciar\/\",\"name\":\"Anunciar| Admirror | A unique way of Advertising & Communication\",\"isPartOf\":{\"@id\":\"https:\/\/admirror.nl\/es\/#website\"},\"primaryImageOfPage\":{\"@id\":\"https:\/\/admirror.nl\/es\/anunciar\/#primaryimage\"},\"image\":{\"@id\":\"https:\/\/admirror.nl\/es\/anunciar\/#primaryimage\"},\"thumbnailUrl\":\"http:\/\/admirror.nl\/wp-content\/uploads\/2021\/05\/Interactieve-Smart-Admirror-Admirror-6.jpg\",\"datePublished\":\"2021-05-21T12:18:22+00:00\",\"dateModified\":\"2021-06-28T12:53:50+00:00\",\"description\":\"\u00bfComunicarse y publicitarse de forma innovadora en Smart Admirror? Lea m\u00e1s sobre las opciones de publicidad de Admirror aqu\u00ed.\",\"breadcrumb\":{\"@id\":\"https:\/\/admirror.nl\/es\/anunciar\/#breadcrumb\"},\"inLanguage\":\"es\",\"potentialAction\":[{\"@type\":\"ReadAction\",\"target\":[\"https:\/\/admirror.nl\/es\/anunciar\/\"]}]},{\"@type\":\"ImageObject\",\"inLanguage\":\"es\",\"@id\":\"https:\/\/admirror.nl\/es\/anunciar\/#primaryimage\",\"url\":\"http:\/\/admirror.nl\/wp-content\/uploads\/2021\/05\/Interactieve-Smart-Admirror-Admirror-6.jpg\",\"contentUrl\":\"http:\/\/admirror.nl\/wp-content\/uploads\/2021\/05\/Interactieve-Smart-Admirror-Admirror-6.jpg\"},{\"@type\":\"BreadcrumbList\",\"@id\":\"https:\/\/admirror.nl\/es\/anunciar\/#breadcrumb\",\"itemListElement\":[{\"@type\":\"ListItem\",\"position\":1,\"name\":\"Home\",\"item\":\"https:\/\/admirror.nl\/es\/\"},{\"@type\":\"ListItem\",\"position\":2,\"name\":\"Anunciar\"}]},{\"@type\":\"WebSite\",\"@id\":\"https:\/\/admirror.nl\/es\/#website\",\"url\":\"https:\/\/admirror.nl\/es\/\",\"name\":\"Admirror\",\"description\":\"Admirror\",\"publisher\":{\"@id\":\"https:\/\/admirror.nl\/es\/#organization\"},\"potentialAction\":[{\"@type\":\"SearchAction\",\"target\":{\"@type\":\"EntryPoint\",\"urlTemplate\":\"https:\/\/admirror.nl\/es\/?s={search_term_string}\"},\"query-input\":{\"@type\":\"PropertyValueSpecification\",\"valueRequired\":true,\"valueName\":\"search_term_string\"}}],\"inLanguage\":\"es\"},{\"@type\":\"Organization\",\"@id\":\"https:\/\/admirror.nl\/es\/#organization\",\"name\":\"Admirror\",\"url\":\"https:\/\/admirror.nl\/es\/\",\"logo\":{\"@type\":\"ImageObject\",\"inLanguage\":\"es\",\"@id\":\"https:\/\/admirror.nl\/es\/#\/schema\/logo\/image\/\",\"url\":\"http:\/\/admirror.nl\/wp-content\/uploads\/2021\/05\/logo-admirror.png\",\"contentUrl\":\"http:\/\/admirror.nl\/wp-content\/uploads\/2021\/05\/logo-admirror.png\",\"width\":442,\"height\":118,\"caption\":\"Admirror\"},\"image\":{\"@id\":\"https:\/\/admirror.nl\/es\/#\/schema\/logo\/image\/\"},\"sameAs\":[\"https:\/\/www.facebook.com\/Admirror\/\",\"https:\/\/x.com\/admirror\",\"https:\/\/www.instagram.com\/admirrorbv\/\",\"https:\/\/www.linkedin.com\/company\/admirror\",\"https:\/\/www.youtube.com\/user\/admirrorbv\"]}]}<\/script>\n<!-- \/ Yoast SEO plugin. -->","yoast_head_json":{"title":"Anunciar| Admirror | A unique way of Advertising & Communication","description":"\u00bfComunicarse y publicitarse de forma innovadora en Smart Admirror? Lea m\u00e1s sobre las opciones de publicidad de Admirror aqu\u00ed.","robots":{"index":"index","follow":"follow","max-snippet":"max-snippet:-1","max-image-preview":"max-image-preview:large","max-video-preview":"max-video-preview:-1"},"canonical":"https:\/\/admirror.nl\/es\/anunciar\/","og_locale":"es_ES","og_type":"article","og_title":"Anunciar| Admirror | A unique way of Advertising & Communication","og_description":"\u00bfComunicarse y publicitarse de forma innovadora en Smart Admirror? Lea m\u00e1s sobre las opciones de publicidad de Admirror aqu\u00ed.","og_url":"https:\/\/admirror.nl\/es\/anunciar\/","og_site_name":"Admirror","article_publisher":"https:\/\/www.facebook.com\/Admirror\/","article_modified_time":"2021-06-28T12:53:50+00:00","og_image":[{"url":"http:\/\/admirror.nl\/wp-content\/uploads\/2021\/05\/Interactieve-Smart-Admirror-Admirror-6.jpg","type":"","width":"","height":""}],"twitter_card":"summary_large_image","twitter_site":"@admirror","twitter_misc":{"Tiempo de lectura":"2 minutos"},"schema":{"@context":"https:\/\/schema.org","@graph":[{"@type":"WebPage","@id":"https:\/\/admirror.nl\/es\/anunciar\/","url":"https:\/\/admirror.nl\/es\/anunciar\/","name":"Anunciar| Admirror | A unique way of Advertising & Communication","isPartOf":{"@id":"https:\/\/admirror.nl\/es\/#website"},"primaryImageOfPage":{"@id":"https:\/\/admirror.nl\/es\/anunciar\/#primaryimage"},"image":{"@id":"https:\/\/admirror.nl\/es\/anunciar\/#primaryimage"},"thumbnailUrl":"http:\/\/admirror.nl\/wp-content\/uploads\/2021\/05\/Interactieve-Smart-Admirror-Admirror-6.jpg","datePublished":"2021-05-21T12:18:22+00:00","dateModified":"2021-06-28T12:53:50+00:00","description":"\u00bfComunicarse y publicitarse de forma innovadora en Smart Admirror? Lea m\u00e1s sobre las opciones de publicidad de Admirror aqu\u00ed.","breadcrumb":{"@id":"https:\/\/admirror.nl\/es\/anunciar\/#breadcrumb"},"inLanguage":"es","potentialAction":[{"@type":"ReadAction","target":["https:\/\/admirror.nl\/es\/anunciar\/"]}]},{"@type":"ImageObject","inLanguage":"es","@id":"https:\/\/admirror.nl\/es\/anunciar\/#primaryimage","url":"http:\/\/admirror.nl\/wp-content\/uploads\/2021\/05\/Interactieve-Smart-Admirror-Admirror-6.jpg","contentUrl":"http:\/\/admirror.nl\/wp-content\/uploads\/2021\/05\/Interactieve-Smart-Admirror-Admirror-6.jpg"},{"@type":"BreadcrumbList","@id":"https:\/\/admirror.nl\/es\/anunciar\/#breadcrumb","itemListElement":[{"@type":"ListItem","position":1,"name":"Home","item":"https:\/\/admirror.nl\/es\/"},{"@type":"ListItem","position":2,"name":"Anunciar"}]},{"@type":"WebSite","@id":"https:\/\/admirror.nl\/es\/#website","url":"https:\/\/admirror.nl\/es\/","name":"Admirror","description":"Admirror","publisher":{"@id":"https:\/\/admirror.nl\/es\/#organization"},"potentialAction":[{"@type":"SearchAction","target":{"@type":"EntryPoint","urlTemplate":"https:\/\/admirror.nl\/es\/?s={search_term_string}"},"query-input":{"@type":"PropertyValueSpecification","valueRequired":true,"valueName":"search_term_string"}}],"inLanguage":"es"},{"@type":"Organization","@id":"https:\/\/admirror.nl\/es\/#organization","name":"Admirror","url":"https:\/\/admirror.nl\/es\/","logo":{"@type":"ImageObject","inLanguage":"es","@id":"https:\/\/admirror.nl\/es\/#\/schema\/logo\/image\/","url":"http:\/\/admirror.nl\/wp-content\/uploads\/2021\/05\/logo-admirror.png","contentUrl":"http:\/\/admirror.nl\/wp-content\/uploads\/2021\/05\/logo-admirror.png","width":442,"height":118,"caption":"Admirror"},"image":{"@id":"https:\/\/admirror.nl\/es\/#\/schema\/logo\/image\/"},"sameAs":["https:\/\/www.facebook.com\/Admirror\/","https:\/\/x.com\/admirror","https:\/\/www.instagram.com\/admirrorbv\/","https:\/\/www.linkedin.com\/company\/admirror","https:\/\/www.youtube.com\/user\/admirrorbv"]}]}},"_links":{"self":[{"href":"https:\/\/admirror.nl\/es\/wp-json\/wp\/v2\/pages\/2398","targetHints":{"allow":["GET"]}}],"collection":[{"href":"https:\/\/admirror.nl\/es\/wp-json\/wp\/v2\/pages"}],"about":[{"href":"https:\/\/admirror.nl\/es\/wp-json\/wp\/v2\/types\/page"}],"author":[{"embeddable":true,"href":"https:\/\/admirror.nl\/es\/wp-json\/wp\/v2\/users\/2"}],"replies":[{"embeddable":true,"href":"https:\/\/admirror.nl\/es\/wp-json\/wp\/v2\/comments?post=2398"}],"version-history":[{"count":0,"href":"https:\/\/admirror.nl\/es\/wp-json\/wp\/v2\/pages\/2398\/revisions"}],"wp:attachment":[{"href":"https:\/\/admirror.nl\/es\/wp-json\/wp\/v2\/media?parent=2398"}],"curies":[{"name":"wp","href":"https:\/\/api.w.org\/{rel}","templated":true}]}}