{"id":2891,"date":"2021-05-25T11:14:25","date_gmt":"2021-05-25T11:14:25","guid":{"rendered":"http:\/\/admirror.nl\/franchise\/"},"modified":"2021-06-25T08:42:56","modified_gmt":"2021-06-25T08:42:56","slug":"franchise","status":"publish","type":"page","link":"https:\/\/admirror.nl\/de\/franchise\/","title":{"rendered":"Franchise"},"content":{"rendered":"\t\t<div data-elementor-type=\"wp-page\" data-elementor-id=\"2891\" class=\"elementor elementor-2891 elementor-1697\" data-elementor-settings=\"[]\">\n\t\t\t\t\t\t\t<div class=\"elementor-section-wrap\">\n\t\t\t\t\t\t\t<section class=\"elementor-section elementor-top-section elementor-element elementor-element-c22271a elementor-section-full_width elementor-section-height-default elementor-section-height-default\" data-id=\"c22271a\" data-element_type=\"section\">\n\t\t\t\t\t\t<div class=\"elementor-container elementor-column-gap-default\">\n\t\t\t\t\t<div class=\"elementor-column elementor-col-100 elementor-top-column elementor-element elementor-element-405b881\" data-id=\"405b881\" data-element_type=\"column\">\n\t\t\t<div class=\"elementor-widget-wrap elementor-element-populated\">\n\t\t\t\t\t\t\t\t<div class=\"elementor-element elementor-element-2394492 elementor-widget elementor-widget-topika_about_company\" data-id=\"2394492\" data-element_type=\"widget\" data-widget_type=\"topika_about_company.default\">\n\t\t\t\t<div class=\"elementor-widget-container\">\n\t\t\t\r\n        <!-- about-style-four -->\r\n        <section class=\"about-style-four\">\r\n            <div class=\"auto-container\">\r\n                <div class=\"row clearfix\">\r\n                    <div class=\"col-lg-6 col-md-12 col-sm-12 content-column\">\r\n                        <div id=\"content_block_8\">\r\n                            <div class=\"content-box mr-10\">\r\n                                <div class=\"sec-title\">\r\n                                    <h5><span>\/\/<\/span>Admirror<\/h5>\r\n                                    <h2>Admirror franchise<\/h2>\r\n                                <\/div>\r\n                                <div class=\"text\">\r\n                                    Mit dem ausgekl\u00fcgelten Admirror-Konzept haben Franchisenehmer sofort Zugriff auf jahrelange Erfahrung und Entwicklung, die Admirror auf dem Markt f\u00fcr Werbung auf Spiegeln aufgebaut hat. Deshalb m\u00fcssen Sie als Franchisenehmer es nicht neu erfinden, sondern k\u00f6nnen sofort mit einem professionellen Look und einem einwandfrei funktionierenden Produkt und einem begleitenden Control Management System starten. <br \/> <br \/>\n\nNeben einem \u201efliegenden Start\u201c als Franchisenehmer werden Sie kontinuierlich im Gesch\u00e4ftsbetrieb unterst\u00fctzt. Ob es um Marketing, Fachkenntnisse oder Automatisierung geht, als Franchisenehmer bei Admirror sind Sie ein unabh\u00e4ngiger Unternehmer, aber nicht allein.                                <\/div>\r\n                                                                <div class=\"btn-box\">\r\n                                \t<a href=\"\/de\/angebot-anfordern\/%20\" class=\"theme-btn-one\">Angebot anfordern<\/a>\r\n                                <\/div>\r\n                                                            <\/div>\r\n                        <\/div>\r\n                    <\/div>\r\n                    <div class=\"col-lg-6 col-md-12 col-sm-12 image-column\">\r\n                        <div id=\"image_block_6\">\r\n                            <div class=\"image-box\">\r\n                                <div class=\"pattern\">\r\n                                    <div class=\"pattern-1\" style=\"background-image: url(https:\/\/admirror.nl\/wp-content\/themes\/admirror\/assets\/images\/shape\/pattern-59.png);\"><\/div>\r\n                                    <div class=\"pattern-2\" style=\"background-image: url(https:\/\/admirror.nl\/wp-content\/themes\/admirror\/assets\/images\/shape\/pattern-60.png);\"><\/div>\r\n                                <\/div>\r\n                                <figure class=\"image\"><img decoding=\"async\" src=\"https:\/\/admirror.nl\/wp-content\/uploads\/2021\/05\/admirror-remy.jpg\" alt=\"Awesome Image\"><\/figure>\r\n                            <\/div>\r\n                        <\/div>\r\n                    <\/div>\r\n                <\/div>\r\n            <\/div>\r\n        <\/section>\r\n        <!-- about-style-four end -->\r\n\r\n        \t\t<\/div>\n\t\t\t\t<\/div>\n\t\t\t\t<section class=\"elementor-section elementor-inner-section elementor-element elementor-element-ffbc53f elementor-section-boxed elementor-section-height-default elementor-section-height-default\" data-id=\"ffbc53f\" data-element_type=\"section\">\n\t\t\t\t\t\t<div class=\"elementor-container elementor-column-gap-default\">\n\t\t\t\t\t<div class=\"elementor-column elementor-col-50 elementor-inner-column elementor-element elementor-element-ba9ee06\" data-id=\"ba9ee06\" data-element_type=\"column\">\n\t\t\t<div class=\"elementor-widget-wrap elementor-element-populated\">\n\t\t\t\t\t\t\t\t<div class=\"elementor-element elementor-element-9523b3e elementor-widget elementor-widget-heading\" data-id=\"9523b3e\" data-element_type=\"widget\" data-widget_type=\"heading.default\">\n\t\t\t\t<div class=\"elementor-widget-container\">\n\t\t\t<h2 class=\"elementor-heading-title elementor-size-default\">Warum Franchising??<\/h2>\t\t<\/div>\n\t\t\t\t<\/div>\n\t\t\t\t<div class=\"elementor-element elementor-element-3c05178 elementor-widget elementor-widget-text-editor\" data-id=\"3c05178\" data-element_type=\"widget\" data-widget_type=\"text-editor.default\">\n\t\t\t\t<div class=\"elementor-widget-container\">\n\t\t\t\t\t\t\t\t<p>Das Konzept von Admirror basiert auf Unternehmertum. Als Franchise bei Admirror arbeiten Sie in Ihrer eigenen Region und haben somit eine maximale Anzahl eigener Kunden: Orte, an denen die Spiegel platziert sind und die Werbetreibenden, die sie zur Kommunikation nutzen. Als Unternehmer tragen Sie die volle Verantwortung, sind aber auch auf Ihre eigene Leistung angewiesen. Dar\u00fcber hinaus werden die Franchisenehmer von Admirror mit gro\u00dfem Engagement gef\u00fchrt, und Admirror ist eine ausgezeichnete Franchise-Organisation mit goldener Zukunft.<\/p>\t\t\t\t\t\t<\/div>\n\t\t\t\t<\/div>\n\t\t\t\t<div class=\"elementor-element elementor-element-c658dd0 elementor-widget elementor-widget-heading\" data-id=\"c658dd0\" data-element_type=\"widget\" data-widget_type=\"heading.default\">\n\t\t\t\t<div class=\"elementor-widget-container\">\n\t\t\t<h2 class=\"elementor-heading-title elementor-size-default\">Dein eigenes Admirr-Gesch\u00e4ft\n<\/h2>\t\t<\/div>\n\t\t\t\t<\/div>\n\t\t\t\t<div class=\"elementor-element elementor-element-32417f4 elementor-widget elementor-widget-text-editor\" data-id=\"32417f4\" data-element_type=\"widget\" data-widget_type=\"text-editor.default\">\n\t\t\t\t<div class=\"elementor-widget-container\">\n\t\t\t\t\t\t\t\t<p>Als Admirror-Koordinator sind Sie ein Experte in der Kommunikation mit Ihren Kunden, Kontakten und der Admirror-Zentrale. Dank Ihres Netzwerks und Ihrer lokalen Marktkenntnisse wissen Sie diese Personen und Unternehmen leicht zu finden. Kunden sind meist MKD-Unternehmen, die eine Werbeberatung sehr sch\u00e4tzen.<\/p><p>\u00a0<\/p><p>Der Franchisenehmer hat die Kontrolle \u00fcber die Arbeitsbelastung. Als Franchise-Nehmer haben Sie keine Nine-to-Five-Mentalit\u00e4t und sind bereit, auch abends Kontakte zu kn\u00fcpfen, z. B. Treffen lokaler Wirtschaftsverb\u00e4nde etc. Die richtige Einstellung sorgt sicherlich f\u00fcr ein positives Betriebsergebnis.<\/p>\t\t\t\t\t\t<\/div>\n\t\t\t\t<\/div>\n\t\t\t\t<div class=\"elementor-element elementor-element-3a0aaa9 elementor-widget elementor-widget-html\" data-id=\"3a0aaa9\" data-element_type=\"widget\" data-widget_type=\"html.default\">\n\t\t\t\t<div class=\"elementor-widget-container\">\n\t\t\t<iframe loading=\"lazy\" title=\"YouTube video player\" src=\"https:\/\/www.youtube.com\/embed\/Cve9i2vbVJ0\" width=\"560\" height=\"315\" frameborder=\"0\" allowfullscreen=\"allowfullscreen\"><\/iframe>\t\t<\/div>\n\t\t\t\t<\/div>\n\t\t\t\t\t<\/div>\n\t\t<\/div>\n\t\t\t\t<div class=\"elementor-column elementor-col-50 elementor-inner-column elementor-element elementor-element-ba1609f\" data-id=\"ba1609f\" data-element_type=\"column\">\n\t\t\t<div class=\"elementor-widget-wrap elementor-element-populated\">\n\t\t\t\t\t\t\t\t<div class=\"elementor-element elementor-element-3186961 elementor-widget elementor-widget-heading\" data-id=\"3186961\" data-element_type=\"widget\" data-widget_type=\"heading.default\">\n\t\t\t\t<div class=\"elementor-widget-container\">\n\t\t\t<h2 class=\"elementor-heading-title elementor-size-default\">Investitionsbeitrag<\/h2>\t\t<\/div>\n\t\t\t\t<\/div>\n\t\t\t\t<div class=\"elementor-element elementor-element-6bcfff8 elementor-widget elementor-widget-text-editor\" data-id=\"6bcfff8\" data-element_type=\"widget\" data-widget_type=\"text-editor.default\">\n\t\t\t\t<div class=\"elementor-widget-container\">\n\t\t\t\t\t\t\t\t<p>Nat\u00fcrlich erwarten wir, dass ein Franchisenehmer die M\u00f6glichkeit hat, zu investieren. Die H\u00f6he dieser Investition und die Gr\u00f6\u00dfe der Region entscheiden \u00fcber die Anzahl der zu platzierenden Spiegel.<\/p><p>\u00a0<\/p><p>Die H\u00f6he dieser Investition h\u00e4ngt von der Anzahl der zu platzierenden Spiegel und der Gr\u00f6\u00dfe der Region ab, in der Sie t\u00e4tig sein werden. Die Erfahrung zeigt jedoch, dass der Start mit erstklassigen Standorten einen sofortigen Cashflow erm\u00f6glicht, der Ihnen ein stetiges Wachstum in Ihrer Region erm\u00f6glicht. Die Admirror-Zentrale unterst\u00fctzt Sie bei der technischen Umsetzung und Vermittlung der von Ihnen rekrutierten Standorte. Die Mindestbestellanzahl der Spiegel betr\u00e4gt 5 auf einmal.<\/p><p>\u00a0<\/p><p>Als Franchisepartner von Admirror machen Sie lokale, regionale und ggf. \u00fcberregionale Werbetreibende auf die M\u00f6glichkeiten des smarten Admirror aufmerksam.<\/p><p>\u00a0<\/p><p>M\u00f6chten Sie Franchisepartner in Ihrem Land oder Ihrer Region werden? Bitte kontaktieren Sie uns. Gerne geben wir Ihnen weitere Informationen.<\/p>\t\t\t\t\t\t<\/div>\n\t\t\t\t<\/div>\n\t\t\t\t\t<\/div>\n\t\t<\/div>\n\t\t\t\t\t\t\t<\/div>\n\t\t<\/section>\n\t\t\t\t\t<\/div>\n\t\t<\/div>\n\t\t\t\t\t\t\t<\/div>\n\t\t<\/section>\n\t\t\t\t\t\t<\/div>\n\t\t\t\t\t<\/div>\n\t\t","protected":false},"excerpt":{"rendered":"<p>\/\/Admirror Admirror franchise Mit dem ausgekl\u00fcgelten Admirror-Konzept haben Franchisenehmer sofort Zugriff auf jahrelange Erfahrung und Entwicklung, die Admirror auf dem Markt f\u00fcr Werbung auf Spiegeln aufgebaut hat. Deshalb m\u00fcssen Sie als Franchisenehmer es nicht neu erfinden, sondern k\u00f6nnen sofort mit einem professionellen Look und einem einwandfrei funktionierenden Produkt und einem begleitenden Control Management System starten. [&hellip;]<\/p>\n","protected":false},"author":2,"featured_media":0,"parent":0,"menu_order":0,"comment_status":"closed","ping_status":"closed","template":"tpl-default-elementor.php","meta":{"_monsterinsights_skip_tracking":false,"_monsterinsights_sitenote_active":false,"_monsterinsights_sitenote_note":"","_monsterinsights_sitenote_category":0,"footnotes":""},"class_list":["post-2891","page","type-page","status-publish","hentry"],"yoast_head":"<!-- This site is optimized with the Yoast SEO plugin v26.7 - https:\/\/yoast.com\/wordpress\/plugins\/seo\/ -->\n<title>Franchise | Admirror | A unique way of Advertising &amp; Communication<\/title>\n<meta name=\"description\" content=\"Als Franchisenehmer von Admirror haben Sie verschiedene Vorteile. Lesen Sie hier mehr \u00fcber das Admirror-Franchise. Mit uns sind Sie nicht allein.\" \/>\n<meta name=\"robots\" content=\"index, follow, max-snippet:-1, max-image-preview:large, max-video-preview:-1\" \/>\n<link rel=\"canonical\" href=\"https:\/\/admirror.nl\/de\/franchise\/\" \/>\n<meta property=\"og:locale\" content=\"de_DE\" \/>\n<meta property=\"og:type\" content=\"article\" \/>\n<meta property=\"og:title\" content=\"Franchise | Admirror | A unique way of Advertising &amp; Communication\" \/>\n<meta property=\"og:description\" content=\"Als Franchisenehmer von Admirror haben Sie verschiedene Vorteile. Lesen Sie hier mehr \u00fcber das Admirror-Franchise. Mit uns sind Sie nicht allein.\" \/>\n<meta property=\"og:url\" content=\"https:\/\/admirror.nl\/de\/franchise\/\" \/>\n<meta property=\"og:site_name\" content=\"Admirror\" \/>\n<meta property=\"article:publisher\" content=\"https:\/\/www.facebook.com\/Admirror\/\" \/>\n<meta property=\"article:modified_time\" content=\"2021-06-25T08:42:56+00:00\" \/>\n<meta property=\"og:image\" content=\"http:\/\/admirror.nl\/wp-content\/uploads\/2021\/05\/admirror-remy.jpg\" \/>\n<meta name=\"twitter:card\" content=\"summary_large_image\" \/>\n<meta name=\"twitter:site\" content=\"@admirror\" \/>\n<meta name=\"twitter:label1\" content=\"Gesch\u00e4tzte Lesezeit\" \/>\n\t<meta name=\"twitter:data1\" content=\"2\u00a0Minuten\" \/>\n<script type=\"application\/ld+json\" class=\"yoast-schema-graph\">{\"@context\":\"https:\/\/schema.org\",\"@graph\":[{\"@type\":\"WebPage\",\"@id\":\"https:\/\/admirror.nl\/de\/franchise\/\",\"url\":\"https:\/\/admirror.nl\/de\/franchise\/\",\"name\":\"Franchise | Admirror | A unique way of Advertising & Communication\",\"isPartOf\":{\"@id\":\"https:\/\/admirror.nl\/de\/#website\"},\"primaryImageOfPage\":{\"@id\":\"https:\/\/admirror.nl\/de\/franchise\/#primaryimage\"},\"image\":{\"@id\":\"https:\/\/admirror.nl\/de\/franchise\/#primaryimage\"},\"thumbnailUrl\":\"http:\/\/admirror.nl\/wp-content\/uploads\/2021\/05\/admirror-remy.jpg\",\"datePublished\":\"2021-05-25T11:14:25+00:00\",\"dateModified\":\"2021-06-25T08:42:56+00:00\",\"description\":\"Als Franchisenehmer von Admirror haben Sie verschiedene Vorteile. Lesen Sie hier mehr \u00fcber das Admirror-Franchise. Mit uns sind Sie nicht allein.\",\"breadcrumb\":{\"@id\":\"https:\/\/admirror.nl\/de\/franchise\/#breadcrumb\"},\"inLanguage\":\"de\",\"potentialAction\":[{\"@type\":\"ReadAction\",\"target\":[\"https:\/\/admirror.nl\/de\/franchise\/\"]}]},{\"@type\":\"ImageObject\",\"inLanguage\":\"de\",\"@id\":\"https:\/\/admirror.nl\/de\/franchise\/#primaryimage\",\"url\":\"http:\/\/admirror.nl\/wp-content\/uploads\/2021\/05\/admirror-remy.jpg\",\"contentUrl\":\"http:\/\/admirror.nl\/wp-content\/uploads\/2021\/05\/admirror-remy.jpg\"},{\"@type\":\"BreadcrumbList\",\"@id\":\"https:\/\/admirror.nl\/de\/franchise\/#breadcrumb\",\"itemListElement\":[{\"@type\":\"ListItem\",\"position\":1,\"name\":\"Home\",\"item\":\"https:\/\/admirror.nl\/de\/\"},{\"@type\":\"ListItem\",\"position\":2,\"name\":\"Franchise\"}]},{\"@type\":\"WebSite\",\"@id\":\"https:\/\/admirror.nl\/de\/#website\",\"url\":\"https:\/\/admirror.nl\/de\/\",\"name\":\"Admirror\",\"description\":\"Admirror\",\"publisher\":{\"@id\":\"https:\/\/admirror.nl\/de\/#organization\"},\"potentialAction\":[{\"@type\":\"SearchAction\",\"target\":{\"@type\":\"EntryPoint\",\"urlTemplate\":\"https:\/\/admirror.nl\/de\/?s={search_term_string}\"},\"query-input\":{\"@type\":\"PropertyValueSpecification\",\"valueRequired\":true,\"valueName\":\"search_term_string\"}}],\"inLanguage\":\"de\"},{\"@type\":\"Organization\",\"@id\":\"https:\/\/admirror.nl\/de\/#organization\",\"name\":\"Admirror\",\"url\":\"https:\/\/admirror.nl\/de\/\",\"logo\":{\"@type\":\"ImageObject\",\"inLanguage\":\"de\",\"@id\":\"https:\/\/admirror.nl\/de\/#\/schema\/logo\/image\/\",\"url\":\"http:\/\/admirror.nl\/wp-content\/uploads\/2021\/05\/logo-admirror.png\",\"contentUrl\":\"http:\/\/admirror.nl\/wp-content\/uploads\/2021\/05\/logo-admirror.png\",\"width\":442,\"height\":118,\"caption\":\"Admirror\"},\"image\":{\"@id\":\"https:\/\/admirror.nl\/de\/#\/schema\/logo\/image\/\"},\"sameAs\":[\"https:\/\/www.facebook.com\/Admirror\/\",\"https:\/\/x.com\/admirror\",\"https:\/\/www.instagram.com\/admirrorbv\/\",\"https:\/\/www.linkedin.com\/company\/admirror\",\"https:\/\/www.youtube.com\/user\/admirrorbv\"]}]}<\/script>\n<!-- \/ Yoast SEO plugin. -->","yoast_head_json":{"title":"Franchise | Admirror | A unique way of Advertising & Communication","description":"Als Franchisenehmer von Admirror haben Sie verschiedene Vorteile. Lesen Sie hier mehr \u00fcber das Admirror-Franchise. Mit uns sind Sie nicht allein.","robots":{"index":"index","follow":"follow","max-snippet":"max-snippet:-1","max-image-preview":"max-image-preview:large","max-video-preview":"max-video-preview:-1"},"canonical":"https:\/\/admirror.nl\/de\/franchise\/","og_locale":"de_DE","og_type":"article","og_title":"Franchise | Admirror | A unique way of Advertising & Communication","og_description":"Als Franchisenehmer von Admirror haben Sie verschiedene Vorteile. Lesen Sie hier mehr \u00fcber das Admirror-Franchise. Mit uns sind Sie nicht allein.","og_url":"https:\/\/admirror.nl\/de\/franchise\/","og_site_name":"Admirror","article_publisher":"https:\/\/www.facebook.com\/Admirror\/","article_modified_time":"2021-06-25T08:42:56+00:00","og_image":[{"url":"http:\/\/admirror.nl\/wp-content\/uploads\/2021\/05\/admirror-remy.jpg","type":"","width":"","height":""}],"twitter_card":"summary_large_image","twitter_site":"@admirror","twitter_misc":{"Gesch\u00e4tzte Lesezeit":"2\u00a0Minuten"},"schema":{"@context":"https:\/\/schema.org","@graph":[{"@type":"WebPage","@id":"https:\/\/admirror.nl\/de\/franchise\/","url":"https:\/\/admirror.nl\/de\/franchise\/","name":"Franchise | Admirror | A unique way of Advertising & Communication","isPartOf":{"@id":"https:\/\/admirror.nl\/de\/#website"},"primaryImageOfPage":{"@id":"https:\/\/admirror.nl\/de\/franchise\/#primaryimage"},"image":{"@id":"https:\/\/admirror.nl\/de\/franchise\/#primaryimage"},"thumbnailUrl":"http:\/\/admirror.nl\/wp-content\/uploads\/2021\/05\/admirror-remy.jpg","datePublished":"2021-05-25T11:14:25+00:00","dateModified":"2021-06-25T08:42:56+00:00","description":"Als Franchisenehmer von Admirror haben Sie verschiedene Vorteile. Lesen Sie hier mehr \u00fcber das Admirror-Franchise. Mit uns sind Sie nicht allein.","breadcrumb":{"@id":"https:\/\/admirror.nl\/de\/franchise\/#breadcrumb"},"inLanguage":"de","potentialAction":[{"@type":"ReadAction","target":["https:\/\/admirror.nl\/de\/franchise\/"]}]},{"@type":"ImageObject","inLanguage":"de","@id":"https:\/\/admirror.nl\/de\/franchise\/#primaryimage","url":"http:\/\/admirror.nl\/wp-content\/uploads\/2021\/05\/admirror-remy.jpg","contentUrl":"http:\/\/admirror.nl\/wp-content\/uploads\/2021\/05\/admirror-remy.jpg"},{"@type":"BreadcrumbList","@id":"https:\/\/admirror.nl\/de\/franchise\/#breadcrumb","itemListElement":[{"@type":"ListItem","position":1,"name":"Home","item":"https:\/\/admirror.nl\/de\/"},{"@type":"ListItem","position":2,"name":"Franchise"}]},{"@type":"WebSite","@id":"https:\/\/admirror.nl\/de\/#website","url":"https:\/\/admirror.nl\/de\/","name":"Admirror","description":"Admirror","publisher":{"@id":"https:\/\/admirror.nl\/de\/#organization"},"potentialAction":[{"@type":"SearchAction","target":{"@type":"EntryPoint","urlTemplate":"https:\/\/admirror.nl\/de\/?s={search_term_string}"},"query-input":{"@type":"PropertyValueSpecification","valueRequired":true,"valueName":"search_term_string"}}],"inLanguage":"de"},{"@type":"Organization","@id":"https:\/\/admirror.nl\/de\/#organization","name":"Admirror","url":"https:\/\/admirror.nl\/de\/","logo":{"@type":"ImageObject","inLanguage":"de","@id":"https:\/\/admirror.nl\/de\/#\/schema\/logo\/image\/","url":"http:\/\/admirror.nl\/wp-content\/uploads\/2021\/05\/logo-admirror.png","contentUrl":"http:\/\/admirror.nl\/wp-content\/uploads\/2021\/05\/logo-admirror.png","width":442,"height":118,"caption":"Admirror"},"image":{"@id":"https:\/\/admirror.nl\/de\/#\/schema\/logo\/image\/"},"sameAs":["https:\/\/www.facebook.com\/Admirror\/","https:\/\/x.com\/admirror","https:\/\/www.instagram.com\/admirrorbv\/","https:\/\/www.linkedin.com\/company\/admirror","https:\/\/www.youtube.com\/user\/admirrorbv"]}]}},"_links":{"self":[{"href":"https:\/\/admirror.nl\/de\/wp-json\/wp\/v2\/pages\/2891","targetHints":{"allow":["GET"]}}],"collection":[{"href":"https:\/\/admirror.nl\/de\/wp-json\/wp\/v2\/pages"}],"about":[{"href":"https:\/\/admirror.nl\/de\/wp-json\/wp\/v2\/types\/page"}],"author":[{"embeddable":true,"href":"https:\/\/admirror.nl\/de\/wp-json\/wp\/v2\/users\/2"}],"replies":[{"embeddable":true,"href":"https:\/\/admirror.nl\/de\/wp-json\/wp\/v2\/comments?post=2891"}],"version-history":[{"count":0,"href":"https:\/\/admirror.nl\/de\/wp-json\/wp\/v2\/pages\/2891\/revisions"}],"wp:attachment":[{"href":"https:\/\/admirror.nl\/de\/wp-json\/wp\/v2\/media?parent=2891"}],"curies":[{"name":"wp","href":"https:\/\/api.w.org\/{rel}","templated":true}]}}