{"id":2860,"date":"2021-05-28T09:46:34","date_gmt":"2021-05-28T09:46:34","guid":{"rendered":"http:\/\/admirror.nl\/my-smart-admirror-at-home\/"},"modified":"2022-01-03T15:28:17","modified_gmt":"2022-01-03T15:28:17","slug":"my-smart-admirror-at-home","status":"publish","type":"page","link":"https:\/\/admirror.nl\/de\/my-smart-admirror-at-home\/","title":{"rendered":"My Smart Admirror @Home"},"content":{"rendered":"\t\t<div data-elementor-type=\"wp-page\" data-elementor-id=\"2860\" class=\"elementor elementor-2860 elementor-2216\" data-elementor-settings=\"[]\">\n\t\t\t\t\t\t\t<div class=\"elementor-section-wrap\">\n\t\t\t\t\t\t\t<section class=\"elementor-section elementor-top-section elementor-element elementor-element-c22271a elementor-section-full_width elementor-section-height-default elementor-section-height-default\" data-id=\"c22271a\" data-element_type=\"section\">\n\t\t\t\t\t\t<div class=\"elementor-container elementor-column-gap-default\">\n\t\t\t\t\t<div class=\"elementor-column elementor-col-100 elementor-top-column elementor-element elementor-element-405b881\" data-id=\"405b881\" data-element_type=\"column\">\n\t\t\t<div class=\"elementor-widget-wrap elementor-element-populated\">\n\t\t\t\t\t\t\t\t<div class=\"elementor-element elementor-element-2394492 elementor-widget elementor-widget-topika_about_company\" data-id=\"2394492\" data-element_type=\"widget\" data-widget_type=\"topika_about_company.default\">\n\t\t\t\t<div class=\"elementor-widget-container\">\n\t\t\t\r\n        <!-- about-style-four -->\r\n        <section class=\"about-style-four\">\r\n            <div class=\"auto-container\">\r\n                <div class=\"row clearfix\">\r\n                    <div class=\"col-lg-6 col-md-12 col-sm-12 content-column\">\r\n                        <div id=\"content_block_8\">\r\n                            <div class=\"content-box mr-10\">\r\n                                <div class=\"sec-title\">\r\n                                    <h5><span>\/\/<\/span>Admirror<\/h5>\r\n                                    <h2>My Smart Admirror @Home<br \/><\/h2>\r\n                                <\/div>\r\n                                <div class=\"text\">\r\n                                    <p>Enrich your own home, bathroom, or kitchen with a mirror, matching the Bereichern Sie Ihr eigenes Zuhause, Bad oder K\u00fcche mit einem Spiegel, passend zum Interieur und ausgestattet mit smarten Funktionen. Fernsehen aus der Badewanne, eine App zum Z\u00e4hneputzen mit den Kindern oder Kochvideos in der K\u00fcche anschauen. Der smarte Spiegel ist multifunktional einsetzbar und wird speziell f\u00fcr Sie angepasst.\n<\/p>                                <\/div>\r\n                                                                <div class=\"btn-box\">\r\n                                \t<a href=\"\/de\/angebot-anfordern\/\" class=\"theme-btn-one\">ANGEBOT ANFRAGEN<\/a>\r\n                                <\/div>\r\n                                                            <\/div>\r\n                        <\/div>\r\n                    <\/div>\r\n                    <div class=\"col-lg-6 col-md-12 col-sm-12 image-column\">\r\n                        <div id=\"image_block_6\">\r\n                            <div class=\"image-box\">\r\n                                <div class=\"pattern\">\r\n                                    <div class=\"pattern-1\" style=\"background-image: url(https:\/\/admirror.nl\/wp-content\/themes\/admirror\/assets\/images\/shape\/pattern-59.png);\"><\/div>\r\n                                    <div class=\"pattern-2\" style=\"background-image: url(https:\/\/admirror.nl\/wp-content\/themes\/admirror\/assets\/images\/shape\/pattern-60.png);\"><\/div>\r\n                                <\/div>\r\n                                <figure class=\"image\"><img decoding=\"async\" src=\"https:\/\/admirror.nl\/wp-content\/uploads\/2021\/12\/my-smartmirror-at-home-admirror-logo.png\" alt=\"Awesome Image\"><\/figure>\r\n                            <\/div>\r\n                        <\/div>\r\n                    <\/div>\r\n                <\/div>\r\n            <\/div>\r\n        <\/section>\r\n        <!-- about-style-four end -->\r\n\r\n        \t\t<\/div>\n\t\t\t\t<\/div>\n\t\t\t\t\t<\/div>\n\t\t<\/div>\n\t\t\t\t\t\t\t<\/div>\n\t\t<\/section>\n\t\t\t\t\t\t<\/div>\n\t\t\t\t\t<\/div>\n\t\t","protected":false},"excerpt":{"rendered":"<p>\/\/Admirror My Smart Admirror @Home Enrich your own home, bathroom, or kitchen with a mirror, matching the Bereichern Sie Ihr eigenes Zuhause, Bad oder K\u00fcche mit einem Spiegel, passend zum Interieur und ausgestattet mit smarten Funktionen. Fernsehen aus der Badewanne, eine App zum Z\u00e4hneputzen mit den Kindern oder Kochvideos in der K\u00fcche anschauen. Der smarte [&hellip;]<\/p>\n","protected":false},"author":2,"featured_media":0,"parent":0,"menu_order":0,"comment_status":"closed","ping_status":"closed","template":"tpl-default-elementor.php","meta":{"_monsterinsights_skip_tracking":false,"_monsterinsights_sitenote_active":false,"_monsterinsights_sitenote_note":"","_monsterinsights_sitenote_category":0,"footnotes":""},"class_list":["post-2860","page","type-page","status-publish","hentry"],"yoast_head":"<!-- This site is optimized with the Yoast SEO plugin v26.7 - https:\/\/yoast.com\/wordpress\/plugins\/seo\/ -->\n<title>My smart admirror @home | Admirror | A unique way of Advertising &amp; Communication<\/title>\n<meta name=\"description\" content=\"Mit My Smart Admirror @ Home bereichern Sie Ihr eigenes Zuhause, Bad oder K\u00fcche mit einem Spiegel. Lesen Sie hier mehr \u00fcber dieses innovative Produkt von Admirror.\" \/>\n<meta name=\"robots\" content=\"index, follow, max-snippet:-1, max-image-preview:large, max-video-preview:-1\" \/>\n<link rel=\"canonical\" href=\"https:\/\/admirror.nl\/de\/my-smart-admirror-at-home\/\" \/>\n<meta property=\"og:locale\" content=\"de_DE\" \/>\n<meta property=\"og:type\" content=\"article\" \/>\n<meta property=\"og:title\" content=\"My smart admirror @home | Admirror | A unique way of Advertising &amp; Communication\" \/>\n<meta property=\"og:description\" content=\"Mit My Smart Admirror @ Home bereichern Sie Ihr eigenes Zuhause, Bad oder K\u00fcche mit einem Spiegel. Lesen Sie hier mehr \u00fcber dieses innovative Produkt von Admirror.\" \/>\n<meta property=\"og:url\" content=\"https:\/\/admirror.nl\/de\/my-smart-admirror-at-home\/\" \/>\n<meta property=\"og:site_name\" content=\"Admirror\" \/>\n<meta property=\"article:publisher\" content=\"https:\/\/www.facebook.com\/Admirror\/\" \/>\n<meta property=\"article:modified_time\" content=\"2022-01-03T15:28:17+00:00\" \/>\n<meta property=\"og:image\" content=\"https:\/\/admirror.nl\/wp-content\/uploads\/2021\/12\/my-smartmirror-at-home-admirror-logo.png\" \/>\n<meta name=\"twitter:card\" content=\"summary_large_image\" \/>\n<meta name=\"twitter:site\" content=\"@admirror\" \/>\n<meta name=\"twitter:label1\" content=\"Gesch\u00e4tzte Lesezeit\" \/>\n\t<meta name=\"twitter:data1\" content=\"1\u00a0Minute\" \/>\n<script type=\"application\/ld+json\" class=\"yoast-schema-graph\">{\"@context\":\"https:\/\/schema.org\",\"@graph\":[{\"@type\":\"WebPage\",\"@id\":\"https:\/\/admirror.nl\/de\/my-smart-admirror-at-home\/\",\"url\":\"https:\/\/admirror.nl\/de\/my-smart-admirror-at-home\/\",\"name\":\"My smart admirror @home | Admirror | A unique way of Advertising & Communication\",\"isPartOf\":{\"@id\":\"https:\/\/admirror.nl\/de\/#website\"},\"primaryImageOfPage\":{\"@id\":\"https:\/\/admirror.nl\/de\/my-smart-admirror-at-home\/#primaryimage\"},\"image\":{\"@id\":\"https:\/\/admirror.nl\/de\/my-smart-admirror-at-home\/#primaryimage\"},\"thumbnailUrl\":\"https:\/\/admirror.nl\/wp-content\/uploads\/2021\/12\/my-smartmirror-at-home-admirror-logo.png\",\"datePublished\":\"2021-05-28T09:46:34+00:00\",\"dateModified\":\"2022-01-03T15:28:17+00:00\",\"description\":\"Mit My Smart Admirror @ Home bereichern Sie Ihr eigenes Zuhause, Bad oder K\u00fcche mit einem Spiegel. Lesen Sie hier mehr \u00fcber dieses innovative Produkt von Admirror.\",\"breadcrumb\":{\"@id\":\"https:\/\/admirror.nl\/de\/my-smart-admirror-at-home\/#breadcrumb\"},\"inLanguage\":\"de\",\"potentialAction\":[{\"@type\":\"ReadAction\",\"target\":[\"https:\/\/admirror.nl\/de\/my-smart-admirror-at-home\/\"]}]},{\"@type\":\"ImageObject\",\"inLanguage\":\"de\",\"@id\":\"https:\/\/admirror.nl\/de\/my-smart-admirror-at-home\/#primaryimage\",\"url\":\"https:\/\/admirror.nl\/wp-content\/uploads\/2021\/12\/my-smartmirror-at-home-admirror-logo.png\",\"contentUrl\":\"https:\/\/admirror.nl\/wp-content\/uploads\/2021\/12\/my-smartmirror-at-home-admirror-logo.png\"},{\"@type\":\"BreadcrumbList\",\"@id\":\"https:\/\/admirror.nl\/de\/my-smart-admirror-at-home\/#breadcrumb\",\"itemListElement\":[{\"@type\":\"ListItem\",\"position\":1,\"name\":\"Home\",\"item\":\"https:\/\/admirror.nl\/de\/\"},{\"@type\":\"ListItem\",\"position\":2,\"name\":\"My Smart Admirror @Home\"}]},{\"@type\":\"WebSite\",\"@id\":\"https:\/\/admirror.nl\/de\/#website\",\"url\":\"https:\/\/admirror.nl\/de\/\",\"name\":\"Admirror\",\"description\":\"Admirror\",\"publisher\":{\"@id\":\"https:\/\/admirror.nl\/de\/#organization\"},\"potentialAction\":[{\"@type\":\"SearchAction\",\"target\":{\"@type\":\"EntryPoint\",\"urlTemplate\":\"https:\/\/admirror.nl\/de\/?s={search_term_string}\"},\"query-input\":{\"@type\":\"PropertyValueSpecification\",\"valueRequired\":true,\"valueName\":\"search_term_string\"}}],\"inLanguage\":\"de\"},{\"@type\":\"Organization\",\"@id\":\"https:\/\/admirror.nl\/de\/#organization\",\"name\":\"Admirror\",\"url\":\"https:\/\/admirror.nl\/de\/\",\"logo\":{\"@type\":\"ImageObject\",\"inLanguage\":\"de\",\"@id\":\"https:\/\/admirror.nl\/de\/#\/schema\/logo\/image\/\",\"url\":\"http:\/\/admirror.nl\/wp-content\/uploads\/2021\/05\/logo-admirror.png\",\"contentUrl\":\"http:\/\/admirror.nl\/wp-content\/uploads\/2021\/05\/logo-admirror.png\",\"width\":442,\"height\":118,\"caption\":\"Admirror\"},\"image\":{\"@id\":\"https:\/\/admirror.nl\/de\/#\/schema\/logo\/image\/\"},\"sameAs\":[\"https:\/\/www.facebook.com\/Admirror\/\",\"https:\/\/x.com\/admirror\",\"https:\/\/www.instagram.com\/admirrorbv\/\",\"https:\/\/www.linkedin.com\/company\/admirror\",\"https:\/\/www.youtube.com\/user\/admirrorbv\"]}]}<\/script>\n<!-- \/ Yoast SEO plugin. -->","yoast_head_json":{"title":"My smart admirror @home | Admirror | A unique way of Advertising & Communication","description":"Mit My Smart Admirror @ Home bereichern Sie Ihr eigenes Zuhause, Bad oder K\u00fcche mit einem Spiegel. Lesen Sie hier mehr \u00fcber dieses innovative Produkt von Admirror.","robots":{"index":"index","follow":"follow","max-snippet":"max-snippet:-1","max-image-preview":"max-image-preview:large","max-video-preview":"max-video-preview:-1"},"canonical":"https:\/\/admirror.nl\/de\/my-smart-admirror-at-home\/","og_locale":"de_DE","og_type":"article","og_title":"My smart admirror @home | Admirror | A unique way of Advertising & Communication","og_description":"Mit My Smart Admirror @ Home bereichern Sie Ihr eigenes Zuhause, Bad oder K\u00fcche mit einem Spiegel. Lesen Sie hier mehr \u00fcber dieses innovative Produkt von Admirror.","og_url":"https:\/\/admirror.nl\/de\/my-smart-admirror-at-home\/","og_site_name":"Admirror","article_publisher":"https:\/\/www.facebook.com\/Admirror\/","article_modified_time":"2022-01-03T15:28:17+00:00","og_image":[{"url":"https:\/\/admirror.nl\/wp-content\/uploads\/2021\/12\/my-smartmirror-at-home-admirror-logo.png","type":"","width":"","height":""}],"twitter_card":"summary_large_image","twitter_site":"@admirror","twitter_misc":{"Gesch\u00e4tzte Lesezeit":"1\u00a0Minute"},"schema":{"@context":"https:\/\/schema.org","@graph":[{"@type":"WebPage","@id":"https:\/\/admirror.nl\/de\/my-smart-admirror-at-home\/","url":"https:\/\/admirror.nl\/de\/my-smart-admirror-at-home\/","name":"My smart admirror @home | Admirror | A unique way of Advertising & Communication","isPartOf":{"@id":"https:\/\/admirror.nl\/de\/#website"},"primaryImageOfPage":{"@id":"https:\/\/admirror.nl\/de\/my-smart-admirror-at-home\/#primaryimage"},"image":{"@id":"https:\/\/admirror.nl\/de\/my-smart-admirror-at-home\/#primaryimage"},"thumbnailUrl":"https:\/\/admirror.nl\/wp-content\/uploads\/2021\/12\/my-smartmirror-at-home-admirror-logo.png","datePublished":"2021-05-28T09:46:34+00:00","dateModified":"2022-01-03T15:28:17+00:00","description":"Mit My Smart Admirror @ Home bereichern Sie Ihr eigenes Zuhause, Bad oder K\u00fcche mit einem Spiegel. Lesen Sie hier mehr \u00fcber dieses innovative Produkt von Admirror.","breadcrumb":{"@id":"https:\/\/admirror.nl\/de\/my-smart-admirror-at-home\/#breadcrumb"},"inLanguage":"de","potentialAction":[{"@type":"ReadAction","target":["https:\/\/admirror.nl\/de\/my-smart-admirror-at-home\/"]}]},{"@type":"ImageObject","inLanguage":"de","@id":"https:\/\/admirror.nl\/de\/my-smart-admirror-at-home\/#primaryimage","url":"https:\/\/admirror.nl\/wp-content\/uploads\/2021\/12\/my-smartmirror-at-home-admirror-logo.png","contentUrl":"https:\/\/admirror.nl\/wp-content\/uploads\/2021\/12\/my-smartmirror-at-home-admirror-logo.png"},{"@type":"BreadcrumbList","@id":"https:\/\/admirror.nl\/de\/my-smart-admirror-at-home\/#breadcrumb","itemListElement":[{"@type":"ListItem","position":1,"name":"Home","item":"https:\/\/admirror.nl\/de\/"},{"@type":"ListItem","position":2,"name":"My Smart Admirror @Home"}]},{"@type":"WebSite","@id":"https:\/\/admirror.nl\/de\/#website","url":"https:\/\/admirror.nl\/de\/","name":"Admirror","description":"Admirror","publisher":{"@id":"https:\/\/admirror.nl\/de\/#organization"},"potentialAction":[{"@type":"SearchAction","target":{"@type":"EntryPoint","urlTemplate":"https:\/\/admirror.nl\/de\/?s={search_term_string}"},"query-input":{"@type":"PropertyValueSpecification","valueRequired":true,"valueName":"search_term_string"}}],"inLanguage":"de"},{"@type":"Organization","@id":"https:\/\/admirror.nl\/de\/#organization","name":"Admirror","url":"https:\/\/admirror.nl\/de\/","logo":{"@type":"ImageObject","inLanguage":"de","@id":"https:\/\/admirror.nl\/de\/#\/schema\/logo\/image\/","url":"http:\/\/admirror.nl\/wp-content\/uploads\/2021\/05\/logo-admirror.png","contentUrl":"http:\/\/admirror.nl\/wp-content\/uploads\/2021\/05\/logo-admirror.png","width":442,"height":118,"caption":"Admirror"},"image":{"@id":"https:\/\/admirror.nl\/de\/#\/schema\/logo\/image\/"},"sameAs":["https:\/\/www.facebook.com\/Admirror\/","https:\/\/x.com\/admirror","https:\/\/www.instagram.com\/admirrorbv\/","https:\/\/www.linkedin.com\/company\/admirror","https:\/\/www.youtube.com\/user\/admirrorbv"]}]}},"_links":{"self":[{"href":"https:\/\/admirror.nl\/de\/wp-json\/wp\/v2\/pages\/2860","targetHints":{"allow":["GET"]}}],"collection":[{"href":"https:\/\/admirror.nl\/de\/wp-json\/wp\/v2\/pages"}],"about":[{"href":"https:\/\/admirror.nl\/de\/wp-json\/wp\/v2\/types\/page"}],"author":[{"embeddable":true,"href":"https:\/\/admirror.nl\/de\/wp-json\/wp\/v2\/users\/2"}],"replies":[{"embeddable":true,"href":"https:\/\/admirror.nl\/de\/wp-json\/wp\/v2\/comments?post=2860"}],"version-history":[{"count":6,"href":"https:\/\/admirror.nl\/de\/wp-json\/wp\/v2\/pages\/2860\/revisions"}],"predecessor-version":[{"id":5156,"href":"https:\/\/admirror.nl\/de\/wp-json\/wp\/v2\/pages\/2860\/revisions\/5156"}],"wp:attachment":[{"href":"https:\/\/admirror.nl\/de\/wp-json\/wp\/v2\/media?parent=2860"}],"curies":[{"name":"wp","href":"https:\/\/api.w.org\/{rel}","templated":true}]}}